{"id":98,"date":"2021-02-05T14:33:26","date_gmt":"2021-02-05T19:33:26","guid":{"rendered":"http:\/\/ropercorp.com\/?page_id=98"},"modified":"2021-03-07T15:26:39","modified_gmt":"2021-03-07T20:26:39","slug":"committed-to-where-we-live-and-work","status":"publish","type":"page","link":"https:\/\/ropercorp.com\/es\/about\/workforce-culture\/committed-to-where-we-live-and-work\/","title":{"rendered":"Committed to where we live and work"},"content":{"rendered":"<div class=\"fl-builder-content fl-builder-content-98 fl-builder-global-templates-locked\" data-post-id=\"98\"><div class=\"fl-row fl-row-fixed-width fl-row-bg-none fl-node-601d4979078c6\" data-node=\"601d4979078c6\">\n\t<div class=\"fl-row-content-wrap\">\n\t\t\t\t\t\t<div class=\"fl-row-content fl-row-fixed-width fl-node-content\">\n\t\t\n<div class=\"fl-col-group fl-node-601d497908ba2\" data-node=\"601d497908ba2\">\n\t\t\t<div class=\"fl-col fl-node-601d497908bfd\" data-node=\"601d497908bfd\">\n\t<div class=\"fl-col-content fl-node-content\">\n\t<div class=\"fl-module fl-module-rich-text fl-node-601d49790780c\" data-node=\"601d49790780c\">\n\t<div class=\"fl-module-content fl-node-content\">\n\t\t<div class=\"fl-rich-text\">\n\t<p><span style=\"color: #0f426b;\"><strong>GE APPLIANCES Y ROPER CORPORATION EST\u00c1N COMPROMETIDO CON EL LUGAR DONDE VIVIMOS Y TRABAJAMOS<\/strong><\/span><\/p>\n<p><em>Se han realizado varias donaciones comunitarias nuevas en respuesta a la pandemia de COVID-19<\/em><\/p>\n<p><span style=\"color: #0f426b;\"><strong>10 de abril de 2020 - Lafayette, GA<\/strong><\/span> \u2014 En Roper Corporation, una subsidiaria de propiedad total de GE Appliances, creemos en el valor y el esp\u00edritu de la comunidad. A medida que nuestro mundo y nuestra comunidad han cambiado r\u00e1pidamente en respuesta a la pandemia de COVID-19, hemos aumentado las donaciones y el alcance comunitario para apoyar a los ciudadanos del condado de Walker y las comunidades circundantes.<\/p>\n<p>\u201cAhora m\u00e1s que nunca, los m\u00e1s de 300 millones de personas en todo el pa\u00eds que se refugian en sus hogares dependen de sus lavadoras y lavavajillas para desinfectar su ropa, de sus hornos para cocinar y de sus refrigeradores para mantener seguros sus alimentos y medicinas\u201d, dijo Lois Crandell., presidente de Roper Corporation. \u201cGE Appliances y Roper Corporation tienen una misi\u00f3n esencial: ayudar a las familias a vivir en entornos limpios y sanitarios en el hogar. El equipo se toma en serio nuestra misi\u00f3n esencial, no solo como fabricante, sino tambi\u00e9n como buen ciudadano de la comunidad .\"<\/p>\n<p>Nuestros empleados de LaFayette, GA, llaman hogar a tres estados y varios condados. Como parte de nuestro compromiso con los empleados y las comunidades donde vivimos y trabajamos, se est\u00e1n implementando nuevas donaciones de electrodom\u00e9sticos y suministros cr\u00edticos en \u00e1reas clave:<\/p>\n<ul>\n<li><span style=\"color: #0f426b;\"><strong>Departamento de Bomberos de Lyerly:<\/strong><\/span> A principios de esta semana, nuestra donaci\u00f3n de un nuevo horno y refrigerador a la estaci\u00f3n de bomberos ayudar\u00e1 a los bomberos de Lyerly a mantenerse fuertes y saludables mientras mantienen la estaci\u00f3n de voluntarios atendida las 24 horas, los 7 d\u00edas de la semana durante la crisis de COVID-19. El departamento est\u00e1 ayudando a mantener seguras a varias comunidades, ya que es el recurso m\u00e9dico m\u00e1s cercano en el \u00e1rea. Estamos orgullosos de que un empleado de Roper sea uno de los bomberos voluntarios del departamento.<\/li>\n<li><span style=\"color: #0f426b;\"><strong>American Legion Post 214<\/strong>:<\/span> Esta semana nuestra donaci\u00f3n de un horno doble, una campana extractora y un refrigerador permite a los voluntarios preparar comidas para personas mayores y veteranos durante esta crisis, como parte de un programa de drive-up para retribuir a aquellos que se sacrificaron m\u00e1s por nuestro pa\u00eds.<\/li>\n<li><span style=\"color: #0f426b;\"><strong>Departamento de Polic\u00eda de Chattanooga<\/strong>:<\/span> Apoyar a los h\u00e9roes estadounidenses que son nuestros primeros en responder que trabajan en la primera l\u00ednea de la lucha contra COVID-19 es importante para nosotros. La entrega pendiente de lavadoras, secadoras y refrigeradores que estamos donando al centro de servicio, la estaci\u00f3n de polic\u00eda y el edificio anexo les dar\u00e1 a los valientes hombres y mujeres del Departamento de Polic\u00eda de Chattanooga una mayor tranquilidad de que podr\u00e1n mantener sus uniformes limpios y disfrutar. comidas frescas que sirven a nuestra comunidad.<\/li>\n<li><strong><span style=\"color: #0f426b;\">Cocina comunitaria de Chattanooga<\/span> <\/strong>Para garantizar que la cocina comunitaria de Chattanooga pudiera satisfacer las necesidades m\u00e1s b\u00e1sicas de las personas hambrientas, sin hogar y otras personas vulnerables de la comunidad, a principios de esta semana donamos nuevas lavadoras y secadoras al refugio familiar. \u201cEl refugio familiar se ha convertido en un lugar de educaci\u00f3n en el hogar para las familias que se encuentran sin hogar durante esta crisis\u201d, dijo el director ejecutivo, Jens Christensen. \"Apreciamos el apoyo de la comunidad de GE Appliances y el equipo de Roper.\"<\/li>\n<li><span style=\"color: #0f426b;\"><strong>Donaci\u00f3n de mascarillas<\/strong>:<\/span> El 3 de abril, GE Appliances anunci\u00f3 una gran <a href=\"https:\/\/pressroom.geappliances.com\/news\/ge-appliances-announces-donation-of-100-000-masks-and-gloves\">donaci\u00f3n de mascarillas<\/a> quir\u00fargicas en sus comunidades de plantas de fabricaci\u00f3n. Eso incluy\u00f3 la donaci\u00f3n de 2,000 mascarillas quir\u00fargicas divididas localmente entre LaFayette Ready Clinic; CHI Memorial Hospital Georgia; y la Administraci\u00f3n, Bomberos y Ambulancias de la Ciudad de LaFayette.<\/li>\n<li><span style=\"color: #0f426b;\"><strong>GEA4HEROES:<\/strong> <\/span>Una parte significativa de los electrodom\u00e9sticos fabricados durante las dos primeras semanas de abril en los nueve sitios de fabricaci\u00f3n de GE Appliances en los Estados Unidos se <a href=\"https:\/\/pressroom.geappliances.com\/news\/gea4heroes\">donar\u00e1n a los h\u00e9roes estadounidenses<\/a> que trabajan en todo el pa\u00eds al frente de la lucha contra COVID-19. Los detalles sobre c\u00f3mo solicitar las donaciones se publicar\u00e1n pr\u00f3ximamente en\u00a0<a href=\"http:\/\/www.geappliances.com\/GEA4Heroes\">geappliances.com\/GEA4Heroes<\/a>.<\/li>\n<\/ul>\n<p>GE Appliances y Roper Corporation continuar\u00e1n buscando de manera proactiva m\u00e1s formas de ayudar a satisfacer las necesidades de nuestras comunidades durante estos tiempos dif\u00edciles. Nuestra dedicaci\u00f3n a las comunidades en las que vivimos y trabajamos, incluida la salud y la seguridad de nuestros propios empleados en el trabajo y en el hogar, sigue siendo un compromiso al que siempre seremos fieles.<\/p>\n<p>&nbsp;<\/p>\n<p><span style=\"color: #0f426b;\"><strong>Acerca de GE Appliances GE Appliances<\/strong>,<\/span> una empresa de Haier, crea \"cosas buenas, de por vida\" a trav\u00e9s de nuestra pasi\u00f3n por los grandes electrodom\u00e9sticos y la felicidad que pueden brindar a todos los hogares. Con las marcas Monogram\u00ae, CAF\u00c9 \u2122, GE Profile \u2122, GE\u00ae, Haier y Hotpoint, las personas tienen m\u00e1s opciones para hacer que sus cocinas y hogares sean incre\u00edbles cada d\u00eda. Nuestros productos incluyen refrigeradores, congeladores, productos de cocina, lavavajillas, lavadoras, secadoras, aires acondicionados y sistemas de filtraci\u00f3n de agua. Para obtener m\u00e1s informaci\u00f3n, visite <a href=\"https:\/\/www.geappliances.com\/our-company\">GEAppliances.com\/our-company<\/a>.<\/p>\n<p>###<\/p>\n<p><span style=\"color: #0f426b;\"><strong>Media contact:<\/strong><\/span><\/p>\n<p>Julie Wood, Senior Director of Corporate Communications<\/p>\n<p><a href=\"mailto:Julie_wood@geappliances.com\">Julie_wood@geappliances.com<\/a><\/p>\n<p>&nbsp;<\/p>\n<p>MarySusan Abell, Senior Communications Specialist<\/p>\n<p><a href=\"mailto:MarySusan.Abell@geappliances.com\">MarySusan.Abell@geappliances.com<\/a><\/p>\n<\/div>\n\t<\/div>\n<\/div>\n\t<\/div>\n<\/div>\n\t<\/div>\n\n<div class=\"fl-col-group fl-node-60207e548b726\" data-node=\"60207e548b726\">\n\t\t\t<div class=\"fl-col fl-node-60207e548b789\" data-node=\"60207e548b789\">\n\t<div class=\"fl-col-content fl-node-content\">\n\t<div class=\"fl-module fl-module-icon fl-node-60207e548b6eb\" data-node=\"60207e548b6eb\">\n\t<div class=\"fl-module-content fl-node-content\">\n\t\t<div class=\"fl-icon-wrap\">\n\t<span class=\"fl-icon\">\n\t\t\t\t\t\t\t\t<a href=\"javascript:history.back()\" target=\"_self\" tabindex=\"-1\" aria-hidden=\"true\" aria-labelledby=\"fl-icon-text-60207e548b6eb\">\n\t\t\t\t\t\t\t<i class=\"dashicons dashicons-before dashicons-undo\" aria-hidden=\"true\"><\/i>\n\t\t\t\t\t\t<\/a>\n\t\t\t<\/span>\n\t\t\t<div id=\"fl-icon-text-60207e548b6eb\" class=\"fl-icon-text\">\n\t\t\t\t\t\t<a href=\"javascript:history.back()\" target=\"_self\" class=\"fl-icon-text-link fl-icon-text-wrap\">\n\t\t\t\t\t\t<p>Regrese<\/p>\t\t\t\t\t\t<\/a>\n\t\t\t\t\t<\/div>\n\t<\/div>\n\t<\/div>\n<\/div>\n\t<\/div>\n<\/div>\n\t<\/div>\n\t\t<\/div>\n\t<\/div>\n<\/div>\n<\/div>","protected":false},"excerpt":{"rendered":"<p>GE APPLIANCES AND ROPER CORPORATION ARE COMMITTED TO THE EMPLOYEES AND COMMUNITIES WHERE WE LIVE AND WORK Several new community donations have been made in response to the COVID-19 pandemic &#8230;<\/p>","protected":false},"author":1,"featured_media":0,"parent":110,"menu_order":0,"comment_status":"closed","ping_status":"closed","template":"","meta":{"_coblocks_attr":"","_coblocks_dimensions":"","_coblocks_responsive_height":"","_coblocks_accordion_ie_support":"","_monsterinsights_skip_tracking":false,"_monsterinsights_sitenote_active":false,"_monsterinsights_sitenote_note":"","_monsterinsights_sitenote_category":0,"footnotes":""},"class_list":["post-98","page","type-page","status-publish","hentry"],"yoast_head":"<!-- This site is optimized with the Yoast SEO plugin v26.3 - https:\/\/yoast.com\/wordpress\/plugins\/seo\/ -->\n<title>Committed to where we live and work - Roper Corporation<\/title>\n<meta name=\"robots\" content=\"index, follow, max-snippet:-1, max-image-preview:large, max-video-preview:-1\" \/>\n<link rel=\"canonical\" href=\"https:\/\/ropercorp.com\/es\/about\/workforce-culture\/committed-to-where-we-live-and-work\/\" \/>\n<meta property=\"og:locale\" content=\"es_MX\" \/>\n<meta property=\"og:type\" content=\"article\" \/>\n<meta property=\"og:title\" content=\"Committed to where we live and work - Roper Corporation\" \/>\n<meta property=\"og:description\" content=\"GE APPLIANCES AND ROPER CORPORATION ARE COMMITTED TO THE EMPLOYEES AND COMMUNITIES WHERE WE LIVE AND WORK Several new community donations have been made in response to the COVID-19 pandemic ...\" \/>\n<meta property=\"og:url\" content=\"https:\/\/ropercorp.com\/es\/about\/workforce-culture\/committed-to-where-we-live-and-work\/\" \/>\n<meta property=\"og:site_name\" content=\"Roper Corporation\" \/>\n<meta property=\"article:publisher\" content=\"https:\/\/www.facebook.com\/RoperCorp\" \/>\n<meta property=\"article:modified_time\" content=\"2021-03-07T20:26:39+00:00\" \/>\n<meta property=\"og:image\" content=\"https:\/\/ropercorp.com\/wp-content\/uploads\/2021\/02\/Roper-Corp-Logo-Full.png\" \/>\n\t<meta property=\"og:image:width\" content=\"1879\" \/>\n\t<meta property=\"og:image:height\" content=\"498\" \/>\n\t<meta property=\"og:image:type\" content=\"image\/png\" \/>\n<meta name=\"twitter:card\" content=\"summary_large_image\" \/>\n<meta name=\"twitter:label1\" content=\"Tiempo de lectura\" \/>\n\t<meta name=\"twitter:data1\" content=\"3 minutos\" \/>\n<script type=\"application\/ld+json\" class=\"yoast-schema-graph\">{\"@context\":\"https:\/\/schema.org\",\"@graph\":[{\"@type\":\"WebPage\",\"@id\":\"https:\/\/ropercorp.com\/about\/workforce-culture\/committed-to-where-we-live-and-work\/\",\"url\":\"https:\/\/ropercorp.com\/about\/workforce-culture\/committed-to-where-we-live-and-work\/\",\"name\":\"Committed to where we live and work - Roper Corporation\",\"isPartOf\":{\"@id\":\"https:\/\/ropercorp.com\/#website\"},\"datePublished\":\"2021-02-05T19:33:26+00:00\",\"dateModified\":\"2021-03-07T20:26:39+00:00\",\"breadcrumb\":{\"@id\":\"https:\/\/ropercorp.com\/about\/workforce-culture\/committed-to-where-we-live-and-work\/#breadcrumb\"},\"inLanguage\":\"es\",\"potentialAction\":[{\"@type\":\"ReadAction\",\"target\":[\"https:\/\/ropercorp.com\/about\/workforce-culture\/committed-to-where-we-live-and-work\/\"]}]},{\"@type\":\"BreadcrumbList\",\"@id\":\"https:\/\/ropercorp.com\/about\/workforce-culture\/committed-to-where-we-live-and-work\/#breadcrumb\",\"itemListElement\":[{\"@type\":\"ListItem\",\"position\":1,\"name\":\"Home\",\"item\":\"https:\/\/ropercorp.com\/\"},{\"@type\":\"ListItem\",\"position\":2,\"name\":\"About Roper Corporation\",\"item\":\"https:\/\/ropercorp.com\/about\/\"},{\"@type\":\"ListItem\",\"position\":3,\"name\":\"Workforce &#038; Culture\",\"item\":\"https:\/\/ropercorp.com\/about\/workforce-culture\/\"},{\"@type\":\"ListItem\",\"position\":4,\"name\":\"Committed to where we live and work\"}]},{\"@type\":\"WebSite\",\"@id\":\"https:\/\/ropercorp.com\/#website\",\"url\":\"https:\/\/ropercorp.com\/\",\"name\":\"Roper Corporation\",\"description\":\"Roper Corporation Cooking Appliances Manufacturer\",\"publisher\":{\"@id\":\"https:\/\/ropercorp.com\/#organization\"},\"potentialAction\":[{\"@type\":\"SearchAction\",\"target\":{\"@type\":\"EntryPoint\",\"urlTemplate\":\"https:\/\/ropercorp.com\/?s={search_term_string}\"},\"query-input\":{\"@type\":\"PropertyValueSpecification\",\"valueRequired\":true,\"valueName\":\"search_term_string\"}}],\"inLanguage\":\"es\"},{\"@type\":\"Organization\",\"@id\":\"https:\/\/ropercorp.com\/#organization\",\"name\":\"Roper Corporation\",\"url\":\"https:\/\/ropercorp.com\/\",\"logo\":{\"@type\":\"ImageObject\",\"inLanguage\":\"es\",\"@id\":\"https:\/\/ropercorp.com\/#\/schema\/logo\/image\/\",\"url\":\"https:\/\/ropercorp.com\/wp-content\/uploads\/2021\/02\/Roper-Corp-Icon.png\",\"contentUrl\":\"https:\/\/ropercorp.com\/wp-content\/uploads\/2021\/02\/Roper-Corp-Icon.png\",\"width\":502,\"height\":498,\"caption\":\"Roper Corporation\"},\"image\":{\"@id\":\"https:\/\/ropercorp.com\/#\/schema\/logo\/image\/\"},\"sameAs\":[\"https:\/\/www.facebook.com\/RoperCorp\"]}]}<\/script>\n<!-- \/ Yoast SEO plugin. -->","yoast_head_json":{"title":"Committed to where we live and work - Roper Corporation","robots":{"index":"index","follow":"follow","max-snippet":"max-snippet:-1","max-image-preview":"max-image-preview:large","max-video-preview":"max-video-preview:-1"},"canonical":"https:\/\/ropercorp.com\/es\/about\/workforce-culture\/committed-to-where-we-live-and-work\/","og_locale":"es_MX","og_type":"article","og_title":"Committed to where we live and work - Roper Corporation","og_description":"GE APPLIANCES AND ROPER CORPORATION ARE COMMITTED TO THE EMPLOYEES AND COMMUNITIES WHERE WE LIVE AND WORK Several new community donations have been made in response to the COVID-19 pandemic ...","og_url":"https:\/\/ropercorp.com\/es\/about\/workforce-culture\/committed-to-where-we-live-and-work\/","og_site_name":"Roper Corporation","article_publisher":"https:\/\/www.facebook.com\/RoperCorp","article_modified_time":"2021-03-07T20:26:39+00:00","og_image":[{"width":1879,"height":498,"url":"https:\/\/ropercorp.com\/wp-content\/uploads\/2021\/02\/Roper-Corp-Logo-Full.png","type":"image\/png"}],"twitter_card":"summary_large_image","twitter_misc":{"Tiempo de lectura":"3 minutos"},"schema":{"@context":"https:\/\/schema.org","@graph":[{"@type":"WebPage","@id":"https:\/\/ropercorp.com\/about\/workforce-culture\/committed-to-where-we-live-and-work\/","url":"https:\/\/ropercorp.com\/about\/workforce-culture\/committed-to-where-we-live-and-work\/","name":"Committed to where we live and work - Roper Corporation","isPartOf":{"@id":"https:\/\/ropercorp.com\/#website"},"datePublished":"2021-02-05T19:33:26+00:00","dateModified":"2021-03-07T20:26:39+00:00","breadcrumb":{"@id":"https:\/\/ropercorp.com\/about\/workforce-culture\/committed-to-where-we-live-and-work\/#breadcrumb"},"inLanguage":"es","potentialAction":[{"@type":"ReadAction","target":["https:\/\/ropercorp.com\/about\/workforce-culture\/committed-to-where-we-live-and-work\/"]}]},{"@type":"BreadcrumbList","@id":"https:\/\/ropercorp.com\/about\/workforce-culture\/committed-to-where-we-live-and-work\/#breadcrumb","itemListElement":[{"@type":"ListItem","position":1,"name":"Home","item":"https:\/\/ropercorp.com\/"},{"@type":"ListItem","position":2,"name":"About Roper Corporation","item":"https:\/\/ropercorp.com\/about\/"},{"@type":"ListItem","position":3,"name":"Workforce &#038; Culture","item":"https:\/\/ropercorp.com\/about\/workforce-culture\/"},{"@type":"ListItem","position":4,"name":"Committed to where we live and work"}]},{"@type":"WebSite","@id":"https:\/\/ropercorp.com\/#website","url":"https:\/\/ropercorp.com\/","name":"Roper Corporation","description":"Roper Corporation Cooking Appliances Manufacturer","publisher":{"@id":"https:\/\/ropercorp.com\/#organization"},"potentialAction":[{"@type":"SearchAction","target":{"@type":"EntryPoint","urlTemplate":"https:\/\/ropercorp.com\/?s={search_term_string}"},"query-input":{"@type":"PropertyValueSpecification","valueRequired":true,"valueName":"search_term_string"}}],"inLanguage":"es"},{"@type":"Organization","@id":"https:\/\/ropercorp.com\/#organization","name":"Roper Corporation","url":"https:\/\/ropercorp.com\/","logo":{"@type":"ImageObject","inLanguage":"es","@id":"https:\/\/ropercorp.com\/#\/schema\/logo\/image\/","url":"https:\/\/ropercorp.com\/wp-content\/uploads\/2021\/02\/Roper-Corp-Icon.png","contentUrl":"https:\/\/ropercorp.com\/wp-content\/uploads\/2021\/02\/Roper-Corp-Icon.png","width":502,"height":498,"caption":"Roper Corporation"},"image":{"@id":"https:\/\/ropercorp.com\/#\/schema\/logo\/image\/"},"sameAs":["https:\/\/www.facebook.com\/RoperCorp"]}]}},"_links":{"self":[{"href":"https:\/\/ropercorp.com\/es\/wp-json\/wp\/v2\/pages\/98","targetHints":{"allow":["GET"]}}],"collection":[{"href":"https:\/\/ropercorp.com\/es\/wp-json\/wp\/v2\/pages"}],"about":[{"href":"https:\/\/ropercorp.com\/es\/wp-json\/wp\/v2\/types\/page"}],"author":[{"embeddable":true,"href":"https:\/\/ropercorp.com\/es\/wp-json\/wp\/v2\/users\/1"}],"replies":[{"embeddable":true,"href":"https:\/\/ropercorp.com\/es\/wp-json\/wp\/v2\/comments?post=98"}],"version-history":[{"count":5,"href":"https:\/\/ropercorp.com\/es\/wp-json\/wp\/v2\/pages\/98\/revisions"}],"predecessor-version":[{"id":623,"href":"https:\/\/ropercorp.com\/es\/wp-json\/wp\/v2\/pages\/98\/revisions\/623"}],"up":[{"embeddable":true,"href":"https:\/\/ropercorp.com\/es\/wp-json\/wp\/v2\/pages\/110"}],"wp:attachment":[{"href":"https:\/\/ropercorp.com\/es\/wp-json\/wp\/v2\/media?parent=98"}],"curies":[{"name":"wp","href":"https:\/\/api.w.org\/{rel}","templated":true}]}}