{"id":93,"date":"2021-02-05T13:33:15","date_gmt":"2021-02-05T18:33:15","guid":{"rendered":"http:\/\/ropercorp.com\/?page_id=93"},"modified":"2021-02-11T08:22:47","modified_gmt":"2021-02-11T13:22:47","slug":"an-affinity-for-the-community","status":"publish","type":"page","link":"https:\/\/ropercorp.com\/es\/about\/workforce-culture\/an-affinity-for-the-community\/","title":{"rendered":"UNA AFINIDAD PARA LA COMUNIDAD"},"content":{"rendered":"<div class=\"fl-builder-content fl-builder-content-93 fl-builder-global-templates-locked\" data-post-id=\"93\"><div class=\"fl-row fl-row-fixed-width fl-row-bg-none fl-node-601d481481a08\" data-node=\"601d481481a08\">\n\t<div class=\"fl-row-content-wrap\">\n\t\t\t\t\t\t<div class=\"fl-row-content fl-row-fixed-width fl-node-content\">\n\t\t\n<div class=\"fl-col-group fl-node-601d4814826c9\" data-node=\"601d4814826c9\">\n\t\t\t<div class=\"fl-col fl-node-601d48148271e\" data-node=\"601d48148271e\">\n\t<div class=\"fl-col-content fl-node-content\">\n\t<div class=\"fl-module fl-module-photo fl-node-601d481481953\" data-node=\"601d481481953\">\n\t<div class=\"fl-module-content fl-node-content\">\n\t\t<div class=\"fl-photo fl-photo-align-center\" itemscope itemtype=\"https:\/\/schema.org\/ImageObject\">\n\t<div class=\"fl-photo-content fl-photo-img-jpg\">\n\t\t\t\t<img decoding=\"async\" width=\"1100\" height=\"676\" class=\"fl-photo-img wp-image-95 lazyload\" data-src=\"http:\/\/ropercorp.com\/wp-content\/uploads\/2021\/02\/Boys-and-Girls-Club-Power-Hour.jpg\" alt=\"Boys and Girls Club Power Hour\" itemprop=\"image\" title=\"Boys and Girls Club Power Hour\" data-srcset=\"https:\/\/ropercorp.com\/wp-content\/uploads\/2021\/02\/Boys-and-Girls-Club-Power-Hour.jpg 1100w, https:\/\/ropercorp.com\/wp-content\/uploads\/2021\/02\/Boys-and-Girls-Club-Power-Hour-300x184.jpg 300w, https:\/\/ropercorp.com\/wp-content\/uploads\/2021\/02\/Boys-and-Girls-Club-Power-Hour-1024x629.jpg 1024w, https:\/\/ropercorp.com\/wp-content\/uploads\/2021\/02\/Boys-and-Girls-Club-Power-Hour-768x472.jpg 768w, https:\/\/ropercorp.com\/wp-content\/uploads\/2021\/02\/Boys-and-Girls-Club-Power-Hour-16x10.jpg 16w\" data-sizes=\"(max-width: 1100px) 100vw, 1100px\" src=\"data:image\/svg+xml;base64,PHN2ZyB3aWR0aD0iMSIgaGVpZ2h0PSIxIiB4bWxucz0iaHR0cDovL3d3dy53My5vcmcvMjAwMC9zdmciPjwvc3ZnPg==\" style=\"--smush-placeholder-width: 1100px; --smush-placeholder-aspect-ratio: 1100\/676;\" \/>\n\t\t\t\t\t<\/div>\n\t<\/div>\n\t<\/div>\n<\/div>\n<div class=\"fl-module fl-module-rich-text fl-node-601d48b13e070\" data-node=\"601d48b13e070\">\n\t<div class=\"fl-module-content fl-node-content\">\n\t\t<div class=\"fl-rich-text\">\n\t<p>John Hargrove ha trabajado para Roper Corporation desde 2012 como ingeniero de dise\u00f1o, trabajando con el equipo de modelo independiente del a\u00f1o. Si bien su trabajo lo mantiene ocupado, tambi\u00e9n ha encontrado tiempo para ser voluntario con los estudiantes de las comunidades del condado de Walker y del norte de Georgia a trav\u00e9s de los programas de grupos de afinidad de Roper.<\/p>\n<p>Los grupos de afinidad son grupos fundados con prop\u00f3sitos de inclusi\u00f3n y diversidad. A trav\u00e9s de diversas perspectivas y objetivos compartidos, los grupos de afinidad garantizan un entorno inclusivo donde todos son valorados, incluidos y empoderados para tener \u00e9xito.<\/p>\n<p>\u201cLos grupos de afinidad son extremadamente importantes para la moral y la cultura de Roper, ya que es una comunidad \u00fanica que reconoce la importancia de la diversidad\u201d, dijo Hargrove. \u201cEl equipo de Roper tiene todas las etnias y diversas creencias religiosas y pol\u00edticas que se unen aqu\u00ed en LaFayette. Roper emplea a personas de lugares tan al norte como Chattanooga y tan al sur como Atlanta. Es nuestra capacidad para trabajar juntos y comprendernos lo que nos permite tener \u00e9xito \". Hargrove pertenece al grupo Afinidad del foro afroamericano.<\/p>\n<p>El grupo de Hargrove cre\u00f3 un programa llamado \"Power Hour\" en el verano de 2019 que trabaja con estudiantes en el Club de Ni\u00f1os y Ni\u00f1as del Condado de Chatooga. Desde entonces, aproximadamente 150 estudiantes de edades comprendidas entre los 8 y los 16 a\u00f1os han recibido ayuda con tutor\u00eda y tareas despu\u00e9s de la escuela. \u201cLa tutor\u00eda ayuda a garantizar que tengamos una comunidad s\u00f3lida\u201d, afirm\u00f3 Hargrove. \u201cPosiblemente estemos creando futuros ingenieros y una fuerza laboral s\u00f3lida que puede ser la pr\u00f3xima generaci\u00f3n de empleados de Roper. Y el hecho de que estemos ayudando a los ni\u00f1os que forman nuestra comunidad ayuda a brindar apoyo para retener a los empleados actuales \u201d. Nueve miembros del grupo de Afinidad del foro afroamericano se re\u00fanen con los estudiantes dos d\u00edas al mes durante tres a cuatro horas en cada visita. Los miembros representan a todos los departamentos de Roper, incluidos Fabricaci\u00f3n, Montaje, Calidad, Materiales e Ingenier\u00eda.<\/p>\n<p>El programa permite a Hargrove y a sus compa\u00f1eros miembros del grupo de Afinidad ver el valor que Roper tiene para su comunidad y sus empleados. Hargrove dice que el programa ha revitalizado su orgullo como empleado de Roper.<\/p>\n<p>Roper cuenta con ocho grupos de afinidad, cuyos objetivos generales son el reclutamiento, la retenci\u00f3n y el servicio comunitario. Trabajar y ser voluntario dentro de la comunidad ayuda a educar a los j\u00f3venes y promueve estos tres objetivos. En los \u00faltimos 2 a\u00f1os, los miembros de los ocho grupos se ofrecieron como voluntarios durante m\u00e1s de 2000 horas.<\/p>\n<\/div>\n\t<\/div>\n<\/div>\n\t<\/div>\n<\/div>\n\t<\/div>\n\n<div class=\"fl-col-group fl-node-60252f985ab33\" data-node=\"60252f985ab33\">\n\t\t\t<div class=\"fl-col fl-node-60252f985ab9a\" data-node=\"60252f985ab9a\">\n\t<div class=\"fl-col-content fl-node-content\">\n\t<div class=\"fl-module fl-module-icon fl-node-60252f985aaf8\" data-node=\"60252f985aaf8\">\n\t<div class=\"fl-module-content fl-node-content\">\n\t\t<div class=\"fl-icon-wrap\">\n\t<span class=\"fl-icon\">\n\t\t\t\t\t\t\t\t<a href=\"javascript:history.back()\" target=\"_self\" tabindex=\"-1\" aria-hidden=\"true\" aria-labelledby=\"fl-icon-text-60252f985aaf8\">\n\t\t\t\t\t\t\t<i class=\"dashicons dashicons-before dashicons-undo\" aria-hidden=\"true\"><\/i>\n\t\t\t\t\t\t<\/a>\n\t\t\t<\/span>\n\t\t\t<div id=\"fl-icon-text-60252f985aaf8\" class=\"fl-icon-text\">\n\t\t\t\t\t\t<a href=\"javascript:history.back()\" target=\"_self\" class=\"fl-icon-text-link fl-icon-text-wrap\">\n\t\t\t\t\t\t<p>Regrese<\/p>\t\t\t\t\t\t<\/a>\n\t\t\t\t\t<\/div>\n\t<\/div>\n\t<\/div>\n<\/div>\n\t<\/div>\n<\/div>\n\t<\/div>\n\t\t<\/div>\n\t<\/div>\n<\/div>\n<\/div>","protected":false},"excerpt":{"rendered":"<p>John Hargrove has worked for Roper Corporation since 2012 as a design engineer, working with the Free-Standing Model Year team. While his job keeps him busy, he\u2019s also found time &#8230;<\/p>","protected":false},"author":1,"featured_media":0,"parent":110,"menu_order":0,"comment_status":"closed","ping_status":"closed","template":"","meta":{"_coblocks_attr":"","_coblocks_dimensions":"","_coblocks_responsive_height":"","_coblocks_accordion_ie_support":"","_monsterinsights_skip_tracking":false,"_monsterinsights_sitenote_active":false,"_monsterinsights_sitenote_note":"","_monsterinsights_sitenote_category":0,"footnotes":""},"class_list":["post-93","page","type-page","status-publish","hentry"],"yoast_head":"<!-- This site is optimized with the Yoast SEO plugin v26.3 - https:\/\/yoast.com\/wordpress\/plugins\/seo\/ -->\n<title>An Affinity For the Community - Roper Corporation<\/title>\n<meta name=\"robots\" content=\"index, follow, max-snippet:-1, max-image-preview:large, max-video-preview:-1\" \/>\n<link rel=\"canonical\" href=\"https:\/\/ropercorp.com\/es\/about\/workforce-culture\/an-affinity-for-the-community\/\" \/>\n<meta property=\"og:locale\" content=\"es_MX\" \/>\n<meta property=\"og:type\" content=\"article\" \/>\n<meta property=\"og:title\" content=\"An Affinity For the Community - Roper Corporation\" \/>\n<meta property=\"og:description\" content=\"John Hargrove has worked for Roper Corporation since 2012 as a design engineer, working with the Free-Standing Model Year team. While his job keeps him busy, he\u2019s also found time ...\" \/>\n<meta property=\"og:url\" content=\"https:\/\/ropercorp.com\/es\/about\/workforce-culture\/an-affinity-for-the-community\/\" \/>\n<meta property=\"og:site_name\" content=\"Roper Corporation\" \/>\n<meta property=\"article:publisher\" content=\"https:\/\/www.facebook.com\/RoperCorp\" \/>\n<meta property=\"article:modified_time\" content=\"2021-02-11T13:22:47+00:00\" \/>\n<meta property=\"og:image\" content=\"http:\/\/ropercorp.com\/wp-content\/uploads\/2021\/02\/Boys-and-Girls-Club-Power-Hour.jpg\" \/>\n<meta name=\"twitter:card\" content=\"summary_large_image\" \/>\n<meta name=\"twitter:label1\" content=\"Tiempo de lectura\" \/>\n\t<meta name=\"twitter:data1\" content=\"2 minutos\" \/>\n<script type=\"application\/ld+json\" class=\"yoast-schema-graph\">{\"@context\":\"https:\/\/schema.org\",\"@graph\":[{\"@type\":\"WebPage\",\"@id\":\"https:\/\/ropercorp.com\/about\/workforce-culture\/an-affinity-for-the-community\/\",\"url\":\"https:\/\/ropercorp.com\/about\/workforce-culture\/an-affinity-for-the-community\/\",\"name\":\"An Affinity For the Community - Roper Corporation\",\"isPartOf\":{\"@id\":\"https:\/\/ropercorp.com\/#website\"},\"primaryImageOfPage\":{\"@id\":\"https:\/\/ropercorp.com\/about\/workforce-culture\/an-affinity-for-the-community\/#primaryimage\"},\"image\":{\"@id\":\"https:\/\/ropercorp.com\/about\/workforce-culture\/an-affinity-for-the-community\/#primaryimage\"},\"thumbnailUrl\":\"http:\/\/ropercorp.com\/wp-content\/uploads\/2021\/02\/Boys-and-Girls-Club-Power-Hour.jpg\",\"datePublished\":\"2021-02-05T18:33:15+00:00\",\"dateModified\":\"2021-02-11T13:22:47+00:00\",\"breadcrumb\":{\"@id\":\"https:\/\/ropercorp.com\/about\/workforce-culture\/an-affinity-for-the-community\/#breadcrumb\"},\"inLanguage\":\"es\",\"potentialAction\":[{\"@type\":\"ReadAction\",\"target\":[\"https:\/\/ropercorp.com\/about\/workforce-culture\/an-affinity-for-the-community\/\"]}]},{\"@type\":\"ImageObject\",\"inLanguage\":\"es\",\"@id\":\"https:\/\/ropercorp.com\/about\/workforce-culture\/an-affinity-for-the-community\/#primaryimage\",\"url\":\"http:\/\/ropercorp.com\/wp-content\/uploads\/2021\/02\/Boys-and-Girls-Club-Power-Hour.jpg\",\"contentUrl\":\"http:\/\/ropercorp.com\/wp-content\/uploads\/2021\/02\/Boys-and-Girls-Club-Power-Hour.jpg\"},{\"@type\":\"BreadcrumbList\",\"@id\":\"https:\/\/ropercorp.com\/about\/workforce-culture\/an-affinity-for-the-community\/#breadcrumb\",\"itemListElement\":[{\"@type\":\"ListItem\",\"position\":1,\"name\":\"Home\",\"item\":\"https:\/\/ropercorp.com\/\"},{\"@type\":\"ListItem\",\"position\":2,\"name\":\"About Roper Corporation\",\"item\":\"https:\/\/ropercorp.com\/about\/\"},{\"@type\":\"ListItem\",\"position\":3,\"name\":\"Workforce &#038; Culture\",\"item\":\"https:\/\/ropercorp.com\/about\/workforce-culture\/\"},{\"@type\":\"ListItem\",\"position\":4,\"name\":\"An Affinity For the Community\"}]},{\"@type\":\"WebSite\",\"@id\":\"https:\/\/ropercorp.com\/#website\",\"url\":\"https:\/\/ropercorp.com\/\",\"name\":\"Roper Corporation\",\"description\":\"Roper Corporation Cooking Appliances Manufacturer\",\"publisher\":{\"@id\":\"https:\/\/ropercorp.com\/#organization\"},\"potentialAction\":[{\"@type\":\"SearchAction\",\"target\":{\"@type\":\"EntryPoint\",\"urlTemplate\":\"https:\/\/ropercorp.com\/?s={search_term_string}\"},\"query-input\":{\"@type\":\"PropertyValueSpecification\",\"valueRequired\":true,\"valueName\":\"search_term_string\"}}],\"inLanguage\":\"es\"},{\"@type\":\"Organization\",\"@id\":\"https:\/\/ropercorp.com\/#organization\",\"name\":\"Roper Corporation\",\"url\":\"https:\/\/ropercorp.com\/\",\"logo\":{\"@type\":\"ImageObject\",\"inLanguage\":\"es\",\"@id\":\"https:\/\/ropercorp.com\/#\/schema\/logo\/image\/\",\"url\":\"https:\/\/ropercorp.com\/wp-content\/uploads\/2021\/02\/Roper-Corp-Icon.png\",\"contentUrl\":\"https:\/\/ropercorp.com\/wp-content\/uploads\/2021\/02\/Roper-Corp-Icon.png\",\"width\":502,\"height\":498,\"caption\":\"Roper Corporation\"},\"image\":{\"@id\":\"https:\/\/ropercorp.com\/#\/schema\/logo\/image\/\"},\"sameAs\":[\"https:\/\/www.facebook.com\/RoperCorp\"]}]}<\/script>\n<!-- \/ Yoast SEO plugin. -->","yoast_head_json":{"title":"An Affinity For the Community - Roper Corporation","robots":{"index":"index","follow":"follow","max-snippet":"max-snippet:-1","max-image-preview":"max-image-preview:large","max-video-preview":"max-video-preview:-1"},"canonical":"https:\/\/ropercorp.com\/es\/about\/workforce-culture\/an-affinity-for-the-community\/","og_locale":"es_MX","og_type":"article","og_title":"An Affinity For the Community - Roper Corporation","og_description":"John Hargrove has worked for Roper Corporation since 2012 as a design engineer, working with the Free-Standing Model Year team. While his job keeps him busy, he\u2019s also found time ...","og_url":"https:\/\/ropercorp.com\/es\/about\/workforce-culture\/an-affinity-for-the-community\/","og_site_name":"Roper Corporation","article_publisher":"https:\/\/www.facebook.com\/RoperCorp","article_modified_time":"2021-02-11T13:22:47+00:00","og_image":[{"url":"http:\/\/ropercorp.com\/wp-content\/uploads\/2021\/02\/Boys-and-Girls-Club-Power-Hour.jpg","type":"","width":"","height":""}],"twitter_card":"summary_large_image","twitter_misc":{"Tiempo de lectura":"2 minutos"},"schema":{"@context":"https:\/\/schema.org","@graph":[{"@type":"WebPage","@id":"https:\/\/ropercorp.com\/about\/workforce-culture\/an-affinity-for-the-community\/","url":"https:\/\/ropercorp.com\/about\/workforce-culture\/an-affinity-for-the-community\/","name":"An Affinity For the Community - Roper Corporation","isPartOf":{"@id":"https:\/\/ropercorp.com\/#website"},"primaryImageOfPage":{"@id":"https:\/\/ropercorp.com\/about\/workforce-culture\/an-affinity-for-the-community\/#primaryimage"},"image":{"@id":"https:\/\/ropercorp.com\/about\/workforce-culture\/an-affinity-for-the-community\/#primaryimage"},"thumbnailUrl":"http:\/\/ropercorp.com\/wp-content\/uploads\/2021\/02\/Boys-and-Girls-Club-Power-Hour.jpg","datePublished":"2021-02-05T18:33:15+00:00","dateModified":"2021-02-11T13:22:47+00:00","breadcrumb":{"@id":"https:\/\/ropercorp.com\/about\/workforce-culture\/an-affinity-for-the-community\/#breadcrumb"},"inLanguage":"es","potentialAction":[{"@type":"ReadAction","target":["https:\/\/ropercorp.com\/about\/workforce-culture\/an-affinity-for-the-community\/"]}]},{"@type":"ImageObject","inLanguage":"es","@id":"https:\/\/ropercorp.com\/about\/workforce-culture\/an-affinity-for-the-community\/#primaryimage","url":"http:\/\/ropercorp.com\/wp-content\/uploads\/2021\/02\/Boys-and-Girls-Club-Power-Hour.jpg","contentUrl":"http:\/\/ropercorp.com\/wp-content\/uploads\/2021\/02\/Boys-and-Girls-Club-Power-Hour.jpg"},{"@type":"BreadcrumbList","@id":"https:\/\/ropercorp.com\/about\/workforce-culture\/an-affinity-for-the-community\/#breadcrumb","itemListElement":[{"@type":"ListItem","position":1,"name":"Home","item":"https:\/\/ropercorp.com\/"},{"@type":"ListItem","position":2,"name":"About Roper Corporation","item":"https:\/\/ropercorp.com\/about\/"},{"@type":"ListItem","position":3,"name":"Workforce &#038; Culture","item":"https:\/\/ropercorp.com\/about\/workforce-culture\/"},{"@type":"ListItem","position":4,"name":"An Affinity For the Community"}]},{"@type":"WebSite","@id":"https:\/\/ropercorp.com\/#website","url":"https:\/\/ropercorp.com\/","name":"Roper Corporation","description":"Roper Corporation Cooking Appliances Manufacturer","publisher":{"@id":"https:\/\/ropercorp.com\/#organization"},"potentialAction":[{"@type":"SearchAction","target":{"@type":"EntryPoint","urlTemplate":"https:\/\/ropercorp.com\/?s={search_term_string}"},"query-input":{"@type":"PropertyValueSpecification","valueRequired":true,"valueName":"search_term_string"}}],"inLanguage":"es"},{"@type":"Organization","@id":"https:\/\/ropercorp.com\/#organization","name":"Roper Corporation","url":"https:\/\/ropercorp.com\/","logo":{"@type":"ImageObject","inLanguage":"es","@id":"https:\/\/ropercorp.com\/#\/schema\/logo\/image\/","url":"https:\/\/ropercorp.com\/wp-content\/uploads\/2021\/02\/Roper-Corp-Icon.png","contentUrl":"https:\/\/ropercorp.com\/wp-content\/uploads\/2021\/02\/Roper-Corp-Icon.png","width":502,"height":498,"caption":"Roper Corporation"},"image":{"@id":"https:\/\/ropercorp.com\/#\/schema\/logo\/image\/"},"sameAs":["https:\/\/www.facebook.com\/RoperCorp"]}]}},"_links":{"self":[{"href":"https:\/\/ropercorp.com\/es\/wp-json\/wp\/v2\/pages\/93","targetHints":{"allow":["GET"]}}],"collection":[{"href":"https:\/\/ropercorp.com\/es\/wp-json\/wp\/v2\/pages"}],"about":[{"href":"https:\/\/ropercorp.com\/es\/wp-json\/wp\/v2\/types\/page"}],"author":[{"embeddable":true,"href":"https:\/\/ropercorp.com\/es\/wp-json\/wp\/v2\/users\/1"}],"replies":[{"embeddable":true,"href":"https:\/\/ropercorp.com\/es\/wp-json\/wp\/v2\/comments?post=93"}],"version-history":[{"count":3,"href":"https:\/\/ropercorp.com\/es\/wp-json\/wp\/v2\/pages\/93\/revisions"}],"predecessor-version":[{"id":262,"href":"https:\/\/ropercorp.com\/es\/wp-json\/wp\/v2\/pages\/93\/revisions\/262"}],"up":[{"embeddable":true,"href":"https:\/\/ropercorp.com\/es\/wp-json\/wp\/v2\/pages\/110"}],"wp:attachment":[{"href":"https:\/\/ropercorp.com\/es\/wp-json\/wp\/v2\/media?parent=93"}],"curies":[{"name":"wp","href":"https:\/\/api.w.org\/{rel}","templated":true}]}}