{"id":89,"date":"2021-02-05T13:01:56","date_gmt":"2021-02-05T18:01:56","guid":{"rendered":"http:\/\/ropercorp.com\/?page_id=89"},"modified":"2021-02-23T22:00:12","modified_gmt":"2021-02-24T03:00:12","slug":"opening-the-door-to-stem","status":"publish","type":"page","link":"https:\/\/ropercorp.com\/es\/about\/workforce-culture\/opening-the-door-to-stem\/","title":{"rendered":"Abriendo la Puerta a STEM"},"content":{"rendered":"<div class=\"fl-builder-content fl-builder-content-89 fl-builder-global-templates-locked\" data-post-id=\"89\"><div class=\"fl-row fl-row-fixed-width fl-row-bg-none fl-node-601d411da1680\" data-node=\"601d411da1680\">\n\t<div class=\"fl-row-content-wrap\">\n\t\t\t\t\t\t<div class=\"fl-row-content fl-row-fixed-width fl-node-content\">\n\t\t\n<div class=\"fl-col-group fl-node-601d411da235a\" data-node=\"601d411da235a\">\n\t\t\t<div class=\"fl-col fl-node-601d411da23bf\" data-node=\"601d411da23bf\">\n\t<div class=\"fl-col-content fl-node-content\">\n\t<div class=\"fl-module fl-module-rich-text fl-node-601d411da15c5\" data-node=\"601d411da15c5\">\n\t<div class=\"fl-module-content fl-node-content\">\n\t\t<div class=\"fl-rich-text\">\n\t<p><figure id=\"attachment_320\" aria-describedby=\"caption-attachment-320\" style=\"width: 191px\" class=\"wp-caption alignleft\"><img decoding=\"async\" class=\"wp-image-320 lazyload\" data-src=\"https:\/\/ropercorp.com\/wp-content\/uploads\/2021\/02\/Don-Gregg-With-STEM-Tour.jpg\" alt=\"Don Gregg hosting a group of middle school students for a STEM visit at Roper Corporation\" width=\"191\" height=\"247\" data-srcset=\"https:\/\/ropercorp.com\/wp-content\/uploads\/2021\/02\/Don-Gregg-With-STEM-Tour.jpg 675w, https:\/\/ropercorp.com\/wp-content\/uploads\/2021\/02\/Don-Gregg-With-STEM-Tour-232x300.jpg 232w, https:\/\/ropercorp.com\/wp-content\/uploads\/2021\/02\/Don-Gregg-With-STEM-Tour-9x12.jpg 9w\" data-sizes=\"(max-width: 191px) 100vw, 191px\" src=\"data:image\/svg+xml;base64,PHN2ZyB3aWR0aD0iMSIgaGVpZ2h0PSIxIiB4bWxucz0iaHR0cDovL3d3dy53My5vcmcvMjAwMC9zdmciPjwvc3ZnPg==\" style=\"--smush-placeholder-width: 191px; --smush-placeholder-aspect-ratio: 191\/247;\" \/><figcaption id=\"caption-attachment-320\" class=\"wp-caption-text\">Don Gregg with students during a recent STEM visit<\/figcaption><\/figure><\/p>\n<p>Don Gregg se mud\u00f3 a LaFayette, GA en noviembre de 1993 para una asignaci\u00f3n de cuatro a\u00f1os en Roper Corporation. Ahora, 28 a\u00f1os despu\u00e9s, todav\u00eda no se ha ido. Don es el Director Senior de Ingenier\u00eda de Roper, una subsidiaria de propiedad total de GE Appliances.<\/p>\n<p>Cuando era ni\u00f1o, a Don le encantaba trabajar en bicicletas, go-karts y en autos. Sus abuelos fueron una inspiraci\u00f3n en su aprendizaje y le ense\u00f1aron a soldar, a usar un volt\u00edmetro y un osciloscopio y el c\u00f3digo Morse. Uno de sus abuelos trabaj\u00f3 para la NASA. Cada verano, cuando era ni\u00f1o, Don visitaba la NASA para la gira familiar de puertas abiertas. En la escuela, Don se destac\u00f3 en ciencias, matem\u00e1ticas y f\u00edsica y se gradu\u00f3 con una licenciatura en ingenier\u00eda el\u00e9ctrica. Hoy, nos referiremos a estas materias b\u00e1sicas como STEM (ciencia, tecnolog\u00eda, ingenier\u00eda, matem\u00e1ticas).<\/p>\n<p>Para presentar sus pasiones a la comunidad, en 2014, Don inici\u00f3 el programa Roper STEM Outreach. Se asocia a estudiantes locales de K-12, de edades comprendidas entre los 8 y 17 a\u00f1os, y profesores con experiencia en el mundo real a trav\u00e9s del acceso al Departamento de Ingenier\u00eda de Dise\u00f1o de Producto de Roper. Esto incluye recorrer las \u00e1reas del Laboratorio de Ingenier\u00eda y una actividad STEM \u201cpr\u00e1ctica\u201d con cada equipo asesorado por una de las Cooperativas de Ingenier\u00eda \/ Practicante. M\u00e1s de 1,700 estudiantes, de 15 escuelas dentro de cuatro condados circundantes, han participado en el programa Roper STEM Outreach.<\/p>\n<p>Don se tom\u00f3 unos minutos para responder preguntas sobre por qu\u00e9 comenz\u00f3 el programa y su \u00e9xito.<\/p>\n<ol>\n<li><span style=\"color: #0f426b;\"><strong>\u00bfQu\u00e9 te interes\u00f3 en crear este programa?<br \/>\n<\/strong><em style=\"color: #333333;\">Me apasiona STEM y me encanta trabajar con ni\u00f1os. Tenemos tres hijos, cinco nietos y soy Presidente del Comit\u00e9 del Cub Scout Pack local y Asistente del Maestro Scout en la Tropa de Boy Scout loca.<\/em><strong><br \/>\n<\/strong><\/span><\/li>\n<\/ol>\n<ol start=\"2\">\n<li><span style=\"color: #0f426b;\"><strong>\u00bfC\u00f3mo ha cambiado este programa y los estudiantes tu perspectiva \/ impresi\u00f3n de tu trabajo?<br \/>\n<\/strong><em style=\"color: #333333;\">Ser anfitri\u00f3n de STEM es una de las partes favoritas de mi trabajo y estoy agradecido de que GEA y Roper sean tan grandes partidarios de la comunidad local. Reconocen que el avance de la educaci\u00f3n STEM requiere la colaboraci\u00f3n entre la industria y los educadores. Nuestro \u00e9xito futuro depende de una cartera de empleados altamente capacitados y altamente capacitados.<\/em><br \/>\n<\/span><\/li>\n<\/ol>\n<ol start=\"3\">\n<li><span style=\"color: #0f426b;\"><strong>\u00bfQu\u00e9 es lo que m\u00e1s sorprende a los estudiantes cuando visitan?<br \/>\n<\/strong><em>La mayor\u00eda se sorprende de todos los equipos y procesos de alta tecnolog\u00eda que tenemos en la planta.<\/em><strong><br \/>\n<\/strong><\/span><\/li>\n<\/ol>\n<ol start=\"4\">\n<li><span style=\"color: #0f426b;\"><strong>\u00bfPor qu\u00e9 ha seguido haciendo este programa a lo largo de los a\u00f1os?<br \/>\n<\/strong><\/span><em>Lo encuentro energizante y gratificante. Cada vez que organizo un grupo, recuerdo mis visitas a la NASA con mi abuelo.<\/em><span style=\"color: #0f426b;\"><br \/>\n<\/span><\/li>\n<\/ol>\n<ol start=\"5\">\n<li><span style=\"color: #0f426b;\"><strong>\u00bfAlguno de sus estudiantes ha seguido carreras STEM? \u00bfTe has mantenido en contacto con ellos?<br \/>\n<\/strong><\/span><em>Disfruto cuando los ni\u00f1os se me acercan fuera del trabajo y me dicen \"Hola Sr. Don\". Sus padres siempre me dicen cu\u00e1nto disfrut\u00f3 su hijo o hija de su viaje de campo. Varios han obtenido t\u00edtulos en ingenier\u00eda, y estoy esperando el d\u00eda en que completemos el c\u00edrculo y contratemos a uno de ellos en la planta.<\/em><\/li>\n<\/ol>\n<ol start=\"6\">\n<li><span style=\"color: #0f426b;\"><strong>\u00bfQu\u00e9 consejo le dar\u00eda a alguien que est\u00e9 interesado en iniciar un programa como este en su lugar de trabajo?<br \/>\n<\/strong><em style=\"color: #333333;\">Mi consejo ser\u00eda comenzar poco a poco, hacerlo divertido y mantenerse alejado de los PowerPoints y las conferencias. Una de las frases que me encantan de los Cub Scouts es \u201cDiversi\u00f3n con un prop\u00f3sito.\u201d<\/em><strong><br \/>\n<\/strong><\/span><\/li>\n<\/ol>\n<\/div>\n\t<\/div>\n<\/div>\n\t<\/div>\n<\/div>\n\t<\/div>\n\n<div class=\"fl-col-group fl-node-6027f3dbdc102\" data-node=\"6027f3dbdc102\">\n\t\t\t<div class=\"fl-col fl-node-6027f3dbdc188 fl-col-small\" data-node=\"6027f3dbdc188\">\n\t<div class=\"fl-col-content fl-node-content\">\n\t<div class=\"fl-module fl-module-photo fl-node-6027f3e9bc51e\" data-node=\"6027f3e9bc51e\">\n\t<div class=\"fl-module-content fl-node-content\">\n\t\t<div class=\"fl-photo fl-photo-align-center\" itemscope itemtype=\"https:\/\/schema.org\/ImageObject\">\n\t<div class=\"fl-photo-content fl-photo-img-jpg\">\n\t\t\t\t<img decoding=\"async\" class=\"fl-photo-img wp-image-321 size-medium lazyload\" data-src=\"https:\/\/ropercorp.com\/wp-content\/uploads\/2021\/02\/Catoosa-STEM-Summer-Camp-300x225.jpg\" alt=\"Catoosa County STEM Camp\" itemprop=\"image\" height=\"225\" width=\"300\" title=\"Catoosa-STEM-Summer-Camp\" data-srcset=\"https:\/\/ropercorp.com\/wp-content\/uploads\/2021\/02\/Catoosa-STEM-Summer-Camp-300x225.jpg 300w, https:\/\/ropercorp.com\/wp-content\/uploads\/2021\/02\/Catoosa-STEM-Summer-Camp-16x12.jpg 16w, https:\/\/ropercorp.com\/wp-content\/uploads\/2021\/02\/Catoosa-STEM-Summer-Camp.jpg 640w\" data-sizes=\"(max-width: 300px) 100vw, 300px\" src=\"data:image\/svg+xml;base64,PHN2ZyB3aWR0aD0iMSIgaGVpZ2h0PSIxIiB4bWxucz0iaHR0cDovL3d3dy53My5vcmcvMjAwMC9zdmciPjwvc3ZnPg==\" style=\"--smush-placeholder-width: 300px; --smush-placeholder-aspect-ratio: 300\/225;\" \/>\n\t\t\t\t\t<\/div>\n\t<\/div>\n\t<\/div>\n<\/div>\n\t<\/div>\n<\/div>\n\t\t\t<div class=\"fl-col fl-node-6027f3dbdc18c fl-col-small\" data-node=\"6027f3dbdc18c\">\n\t<div class=\"fl-col-content fl-node-content\">\n\t<div class=\"fl-module fl-module-photo fl-node-6027f50a6956f\" data-node=\"6027f50a6956f\">\n\t<div class=\"fl-module-content fl-node-content\">\n\t\t<div class=\"fl-photo fl-photo-align-center\" itemscope itemtype=\"https:\/\/schema.org\/ImageObject\">\n\t<div class=\"fl-photo-content fl-photo-img-jpg\">\n\t\t\t\t<img decoding=\"async\" class=\"fl-photo-img wp-image-324 size-medium lazyload\" data-src=\"https:\/\/ropercorp.com\/wp-content\/uploads\/2021\/02\/CVMS-STEM-Visit-300x225.jpg\" alt=\"Students posing on steps of lobby during STEM visit to Roper\" itemprop=\"image\" height=\"225\" width=\"300\" title=\"CVMS STEM Visit\" data-srcset=\"https:\/\/ropercorp.com\/wp-content\/uploads\/2021\/02\/CVMS-STEM-Visit-300x225.jpg 300w, https:\/\/ropercorp.com\/wp-content\/uploads\/2021\/02\/CVMS-STEM-Visit.jpg 640w\" data-sizes=\"(max-width: 300px) 100vw, 300px\" src=\"data:image\/svg+xml;base64,PHN2ZyB3aWR0aD0iMSIgaGVpZ2h0PSIxIiB4bWxucz0iaHR0cDovL3d3dy53My5vcmcvMjAwMC9zdmciPjwvc3ZnPg==\" style=\"--smush-placeholder-width: 300px; --smush-placeholder-aspect-ratio: 300\/225;\" \/>\n\t\t\t\t\t<\/div>\n\t<\/div>\n\t<\/div>\n<\/div>\n\t<\/div>\n<\/div>\n\t\t\t<div class=\"fl-col fl-node-6027f3dbdc18d fl-col-small\" data-node=\"6027f3dbdc18d\">\n\t<div class=\"fl-col-content fl-node-content\">\n\t<div class=\"fl-module fl-module-photo fl-node-6027f51fe5613\" data-node=\"6027f51fe5613\">\n\t<div class=\"fl-module-content fl-node-content\">\n\t\t<div class=\"fl-photo fl-photo-align-center\" itemscope itemtype=\"https:\/\/schema.org\/ImageObject\">\n\t<div class=\"fl-photo-content fl-photo-img-jpg\">\n\t\t\t\t<img decoding=\"async\" class=\"fl-photo-img wp-image-322 size-medium lazyload\" data-src=\"https:\/\/ropercorp.com\/wp-content\/uploads\/2021\/02\/STEM-Visit-2-300x225.jpg\" alt=\"Students completing hands on activites during STEM visit to Roper\" itemprop=\"image\" height=\"225\" width=\"300\" title=\"STEM Visit Activities\" data-srcset=\"https:\/\/ropercorp.com\/wp-content\/uploads\/2021\/02\/STEM-Visit-2-300x225.jpg 300w, https:\/\/ropercorp.com\/wp-content\/uploads\/2021\/02\/STEM-Visit-2.jpg 640w\" data-sizes=\"(max-width: 300px) 100vw, 300px\" src=\"data:image\/svg+xml;base64,PHN2ZyB3aWR0aD0iMSIgaGVpZ2h0PSIxIiB4bWxucz0iaHR0cDovL3d3dy53My5vcmcvMjAwMC9zdmciPjwvc3ZnPg==\" style=\"--smush-placeholder-width: 300px; --smush-placeholder-aspect-ratio: 300\/225;\" \/>\n\t\t\t\t\t<\/div>\n\t<\/div>\n\t<\/div>\n<\/div>\n\t<\/div>\n<\/div>\n\t\t\t<div class=\"fl-col fl-node-6027f3dbdc18e fl-col-small\" data-node=\"6027f3dbdc18e\">\n\t<div class=\"fl-col-content fl-node-content\">\n\t<div class=\"fl-module fl-module-photo fl-node-6027f54d3bd77\" data-node=\"6027f54d3bd77\">\n\t<div class=\"fl-module-content fl-node-content\">\n\t\t<div class=\"fl-photo fl-photo-align-center\" itemscope itemtype=\"https:\/\/schema.org\/ImageObject\">\n\t<div class=\"fl-photo-content fl-photo-img-jpg\">\n\t\t\t\t<img decoding=\"async\" class=\"fl-photo-img wp-image-323 size-medium lazyload\" data-src=\"https:\/\/ropercorp.com\/wp-content\/uploads\/2021\/02\/STEM-Visit-1-300x225.jpg\" alt=\"Students posing in model shop during STEM visit to Roper\" itemprop=\"image\" height=\"225\" width=\"300\" title=\"STEM Visit\" data-srcset=\"https:\/\/ropercorp.com\/wp-content\/uploads\/2021\/02\/STEM-Visit-1-300x225.jpg 300w, https:\/\/ropercorp.com\/wp-content\/uploads\/2021\/02\/STEM-Visit-1.jpg 640w\" data-sizes=\"(max-width: 300px) 100vw, 300px\" src=\"data:image\/svg+xml;base64,PHN2ZyB3aWR0aD0iMSIgaGVpZ2h0PSIxIiB4bWxucz0iaHR0cDovL3d3dy53My5vcmcvMjAwMC9zdmciPjwvc3ZnPg==\" style=\"--smush-placeholder-width: 300px; --smush-placeholder-aspect-ratio: 300\/225;\" \/>\n\t\t\t\t\t<\/div>\n\t<\/div>\n\t<\/div>\n<\/div>\n\t<\/div>\n<\/div>\n\t<\/div>\n\t\t<\/div>\n\t<\/div>\n<\/div>\n<div class=\"fl-row fl-row-fixed-width fl-row-bg-none fl-node-6025302858f7c\" data-node=\"6025302858f7c\">\n\t<div class=\"fl-row-content-wrap\">\n\t\t\t\t\t\t<div class=\"fl-row-content fl-row-fixed-width fl-node-content\">\n\t\t\n<div class=\"fl-col-group fl-node-602530285b619\" data-node=\"602530285b619\">\n\t\t\t<div class=\"fl-col fl-node-602530285b69f\" data-node=\"602530285b69f\">\n\t<div class=\"fl-col-content fl-node-content\">\n\t<div class=\"fl-module fl-module-icon fl-node-6025302858d6c\" data-node=\"6025302858d6c\">\n\t<div class=\"fl-module-content fl-node-content\">\n\t\t<div class=\"fl-icon-wrap\">\n\t<span class=\"fl-icon\">\n\t\t\t\t\t\t\t\t<a href=\"javascript:history.back()\" target=\"_self\" tabindex=\"-1\" aria-hidden=\"true\" aria-labelledby=\"fl-icon-text-6025302858d6c\">\n\t\t\t\t\t\t\t<i class=\"dashicons dashicons-before dashicons-undo\" aria-hidden=\"true\"><\/i>\n\t\t\t\t\t\t<\/a>\n\t\t\t<\/span>\n\t\t\t<div id=\"fl-icon-text-6025302858d6c\" class=\"fl-icon-text\">\n\t\t\t\t\t\t<a href=\"javascript:history.back()\" target=\"_self\" class=\"fl-icon-text-link fl-icon-text-wrap\">\n\t\t\t\t\t\t<p>Regrese<\/p>\t\t\t\t\t\t<\/a>\n\t\t\t\t\t<\/div>\n\t<\/div>\n\t<\/div>\n<\/div>\n\t<\/div>\n<\/div>\n\t<\/div>\n\t\t<\/div>\n\t<\/div>\n<\/div>\n<\/div>","protected":false},"excerpt":{"rendered":"<p>Don Gregg with students during a recent STEM visit Don Gregg moved to LaFayette, GA in November 1993 for a four-year assignment at Roper Corporation. Now, 28 years later, he &#8230;<\/p>","protected":false},"author":1,"featured_media":0,"parent":110,"menu_order":0,"comment_status":"closed","ping_status":"closed","template":"","meta":{"_coblocks_attr":"","_coblocks_dimensions":"","_coblocks_responsive_height":"","_coblocks_accordion_ie_support":"","_monsterinsights_skip_tracking":false,"_monsterinsights_sitenote_active":false,"_monsterinsights_sitenote_note":"","_monsterinsights_sitenote_category":0,"footnotes":""},"class_list":["post-89","page","type-page","status-publish","hentry"],"yoast_head":"<!-- This site is optimized with the Yoast SEO plugin v26.3 - https:\/\/yoast.com\/wordpress\/plugins\/seo\/ -->\n<title>Opening the door to STEM - Roper Corporation<\/title>\n<meta name=\"robots\" content=\"index, follow, max-snippet:-1, max-image-preview:large, max-video-preview:-1\" \/>\n<link rel=\"canonical\" href=\"https:\/\/ropercorp.com\/es\/about\/workforce-culture\/opening-the-door-to-stem\/\" \/>\n<meta property=\"og:locale\" content=\"es_MX\" \/>\n<meta property=\"og:type\" content=\"article\" \/>\n<meta property=\"og:title\" content=\"Opening the door to STEM - Roper Corporation\" \/>\n<meta property=\"og:description\" content=\"Don Gregg with students during a recent STEM visit Don Gregg moved to LaFayette, GA in November 1993 for a four-year assignment at Roper Corporation. Now, 28 years later, he ...\" \/>\n<meta property=\"og:url\" content=\"https:\/\/ropercorp.com\/es\/about\/workforce-culture\/opening-the-door-to-stem\/\" \/>\n<meta property=\"og:site_name\" content=\"Roper Corporation\" \/>\n<meta property=\"article:publisher\" content=\"https:\/\/www.facebook.com\/RoperCorp\" \/>\n<meta property=\"article:modified_time\" content=\"2021-02-24T03:00:12+00:00\" \/>\n<meta property=\"og:image\" content=\"https:\/\/ropercorp.com\/wp-content\/uploads\/2021\/02\/Don-Gregg-With-STEM-Tour.jpg\" \/>\n<meta name=\"twitter:card\" content=\"summary_large_image\" \/>\n<meta name=\"twitter:label1\" content=\"Tiempo de lectura\" \/>\n\t<meta name=\"twitter:data1\" content=\"4 minutos\" \/>\n<script type=\"application\/ld+json\" class=\"yoast-schema-graph\">{\"@context\":\"https:\/\/schema.org\",\"@graph\":[{\"@type\":\"WebPage\",\"@id\":\"https:\/\/ropercorp.com\/about\/workforce-culture\/opening-the-door-to-stem\/\",\"url\":\"https:\/\/ropercorp.com\/about\/workforce-culture\/opening-the-door-to-stem\/\",\"name\":\"Opening the door to STEM - Roper Corporation\",\"isPartOf\":{\"@id\":\"https:\/\/ropercorp.com\/#website\"},\"primaryImageOfPage\":{\"@id\":\"https:\/\/ropercorp.com\/about\/workforce-culture\/opening-the-door-to-stem\/#primaryimage\"},\"image\":{\"@id\":\"https:\/\/ropercorp.com\/about\/workforce-culture\/opening-the-door-to-stem\/#primaryimage\"},\"thumbnailUrl\":\"https:\/\/ropercorp.com\/wp-content\/uploads\/2021\/02\/Don-Gregg-With-STEM-Tour.jpg\",\"datePublished\":\"2021-02-05T18:01:56+00:00\",\"dateModified\":\"2021-02-24T03:00:12+00:00\",\"breadcrumb\":{\"@id\":\"https:\/\/ropercorp.com\/about\/workforce-culture\/opening-the-door-to-stem\/#breadcrumb\"},\"inLanguage\":\"es\",\"potentialAction\":[{\"@type\":\"ReadAction\",\"target\":[\"https:\/\/ropercorp.com\/about\/workforce-culture\/opening-the-door-to-stem\/\"]}]},{\"@type\":\"ImageObject\",\"inLanguage\":\"es\",\"@id\":\"https:\/\/ropercorp.com\/about\/workforce-culture\/opening-the-door-to-stem\/#primaryimage\",\"url\":\"https:\/\/ropercorp.com\/wp-content\/uploads\/2021\/02\/Don-Gregg-With-STEM-Tour.jpg\",\"contentUrl\":\"https:\/\/ropercorp.com\/wp-content\/uploads\/2021\/02\/Don-Gregg-With-STEM-Tour.jpg\"},{\"@type\":\"BreadcrumbList\",\"@id\":\"https:\/\/ropercorp.com\/about\/workforce-culture\/opening-the-door-to-stem\/#breadcrumb\",\"itemListElement\":[{\"@type\":\"ListItem\",\"position\":1,\"name\":\"Home\",\"item\":\"https:\/\/ropercorp.com\/\"},{\"@type\":\"ListItem\",\"position\":2,\"name\":\"About Roper Corporation\",\"item\":\"https:\/\/ropercorp.com\/about\/\"},{\"@type\":\"ListItem\",\"position\":3,\"name\":\"Workforce &#038; Culture\",\"item\":\"https:\/\/ropercorp.com\/about\/workforce-culture\/\"},{\"@type\":\"ListItem\",\"position\":4,\"name\":\"Opening the door to STEM\"}]},{\"@type\":\"WebSite\",\"@id\":\"https:\/\/ropercorp.com\/#website\",\"url\":\"https:\/\/ropercorp.com\/\",\"name\":\"Roper Corporation\",\"description\":\"Roper Corporation Cooking Appliances Manufacturer\",\"publisher\":{\"@id\":\"https:\/\/ropercorp.com\/#organization\"},\"potentialAction\":[{\"@type\":\"SearchAction\",\"target\":{\"@type\":\"EntryPoint\",\"urlTemplate\":\"https:\/\/ropercorp.com\/?s={search_term_string}\"},\"query-input\":{\"@type\":\"PropertyValueSpecification\",\"valueRequired\":true,\"valueName\":\"search_term_string\"}}],\"inLanguage\":\"es\"},{\"@type\":\"Organization\",\"@id\":\"https:\/\/ropercorp.com\/#organization\",\"name\":\"Roper Corporation\",\"url\":\"https:\/\/ropercorp.com\/\",\"logo\":{\"@type\":\"ImageObject\",\"inLanguage\":\"es\",\"@id\":\"https:\/\/ropercorp.com\/#\/schema\/logo\/image\/\",\"url\":\"https:\/\/ropercorp.com\/wp-content\/uploads\/2021\/02\/Roper-Corp-Icon.png\",\"contentUrl\":\"https:\/\/ropercorp.com\/wp-content\/uploads\/2021\/02\/Roper-Corp-Icon.png\",\"width\":502,\"height\":498,\"caption\":\"Roper Corporation\"},\"image\":{\"@id\":\"https:\/\/ropercorp.com\/#\/schema\/logo\/image\/\"},\"sameAs\":[\"https:\/\/www.facebook.com\/RoperCorp\"]}]}<\/script>\n<!-- \/ Yoast SEO plugin. -->","yoast_head_json":{"title":"Opening the door to STEM - Roper Corporation","robots":{"index":"index","follow":"follow","max-snippet":"max-snippet:-1","max-image-preview":"max-image-preview:large","max-video-preview":"max-video-preview:-1"},"canonical":"https:\/\/ropercorp.com\/es\/about\/workforce-culture\/opening-the-door-to-stem\/","og_locale":"es_MX","og_type":"article","og_title":"Opening the door to STEM - Roper Corporation","og_description":"Don Gregg with students during a recent STEM visit Don Gregg moved to LaFayette, GA in November 1993 for a four-year assignment at Roper Corporation. Now, 28 years later, he ...","og_url":"https:\/\/ropercorp.com\/es\/about\/workforce-culture\/opening-the-door-to-stem\/","og_site_name":"Roper Corporation","article_publisher":"https:\/\/www.facebook.com\/RoperCorp","article_modified_time":"2021-02-24T03:00:12+00:00","og_image":[{"url":"https:\/\/ropercorp.com\/wp-content\/uploads\/2021\/02\/Don-Gregg-With-STEM-Tour.jpg","type":"","width":"","height":""}],"twitter_card":"summary_large_image","twitter_misc":{"Tiempo de lectura":"4 minutos"},"schema":{"@context":"https:\/\/schema.org","@graph":[{"@type":"WebPage","@id":"https:\/\/ropercorp.com\/about\/workforce-culture\/opening-the-door-to-stem\/","url":"https:\/\/ropercorp.com\/about\/workforce-culture\/opening-the-door-to-stem\/","name":"Opening the door to STEM - Roper Corporation","isPartOf":{"@id":"https:\/\/ropercorp.com\/#website"},"primaryImageOfPage":{"@id":"https:\/\/ropercorp.com\/about\/workforce-culture\/opening-the-door-to-stem\/#primaryimage"},"image":{"@id":"https:\/\/ropercorp.com\/about\/workforce-culture\/opening-the-door-to-stem\/#primaryimage"},"thumbnailUrl":"https:\/\/ropercorp.com\/wp-content\/uploads\/2021\/02\/Don-Gregg-With-STEM-Tour.jpg","datePublished":"2021-02-05T18:01:56+00:00","dateModified":"2021-02-24T03:00:12+00:00","breadcrumb":{"@id":"https:\/\/ropercorp.com\/about\/workforce-culture\/opening-the-door-to-stem\/#breadcrumb"},"inLanguage":"es","potentialAction":[{"@type":"ReadAction","target":["https:\/\/ropercorp.com\/about\/workforce-culture\/opening-the-door-to-stem\/"]}]},{"@type":"ImageObject","inLanguage":"es","@id":"https:\/\/ropercorp.com\/about\/workforce-culture\/opening-the-door-to-stem\/#primaryimage","url":"https:\/\/ropercorp.com\/wp-content\/uploads\/2021\/02\/Don-Gregg-With-STEM-Tour.jpg","contentUrl":"https:\/\/ropercorp.com\/wp-content\/uploads\/2021\/02\/Don-Gregg-With-STEM-Tour.jpg"},{"@type":"BreadcrumbList","@id":"https:\/\/ropercorp.com\/about\/workforce-culture\/opening-the-door-to-stem\/#breadcrumb","itemListElement":[{"@type":"ListItem","position":1,"name":"Home","item":"https:\/\/ropercorp.com\/"},{"@type":"ListItem","position":2,"name":"About Roper Corporation","item":"https:\/\/ropercorp.com\/about\/"},{"@type":"ListItem","position":3,"name":"Workforce &#038; Culture","item":"https:\/\/ropercorp.com\/about\/workforce-culture\/"},{"@type":"ListItem","position":4,"name":"Opening the door to STEM"}]},{"@type":"WebSite","@id":"https:\/\/ropercorp.com\/#website","url":"https:\/\/ropercorp.com\/","name":"Roper Corporation","description":"Roper Corporation Cooking Appliances Manufacturer","publisher":{"@id":"https:\/\/ropercorp.com\/#organization"},"potentialAction":[{"@type":"SearchAction","target":{"@type":"EntryPoint","urlTemplate":"https:\/\/ropercorp.com\/?s={search_term_string}"},"query-input":{"@type":"PropertyValueSpecification","valueRequired":true,"valueName":"search_term_string"}}],"inLanguage":"es"},{"@type":"Organization","@id":"https:\/\/ropercorp.com\/#organization","name":"Roper Corporation","url":"https:\/\/ropercorp.com\/","logo":{"@type":"ImageObject","inLanguage":"es","@id":"https:\/\/ropercorp.com\/#\/schema\/logo\/image\/","url":"https:\/\/ropercorp.com\/wp-content\/uploads\/2021\/02\/Roper-Corp-Icon.png","contentUrl":"https:\/\/ropercorp.com\/wp-content\/uploads\/2021\/02\/Roper-Corp-Icon.png","width":502,"height":498,"caption":"Roper Corporation"},"image":{"@id":"https:\/\/ropercorp.com\/#\/schema\/logo\/image\/"},"sameAs":["https:\/\/www.facebook.com\/RoperCorp"]}]}},"_links":{"self":[{"href":"https:\/\/ropercorp.com\/es\/wp-json\/wp\/v2\/pages\/89","targetHints":{"allow":["GET"]}}],"collection":[{"href":"https:\/\/ropercorp.com\/es\/wp-json\/wp\/v2\/pages"}],"about":[{"href":"https:\/\/ropercorp.com\/es\/wp-json\/wp\/v2\/types\/page"}],"author":[{"embeddable":true,"href":"https:\/\/ropercorp.com\/es\/wp-json\/wp\/v2\/users\/1"}],"replies":[{"embeddable":true,"href":"https:\/\/ropercorp.com\/es\/wp-json\/wp\/v2\/comments?post=89"}],"version-history":[{"count":9,"href":"https:\/\/ropercorp.com\/es\/wp-json\/wp\/v2\/pages\/89\/revisions"}],"predecessor-version":[{"id":437,"href":"https:\/\/ropercorp.com\/es\/wp-json\/wp\/v2\/pages\/89\/revisions\/437"}],"up":[{"embeddable":true,"href":"https:\/\/ropercorp.com\/es\/wp-json\/wp\/v2\/pages\/110"}],"wp:attachment":[{"href":"https:\/\/ropercorp.com\/es\/wp-json\/wp\/v2\/media?parent=89"}],"curies":[{"name":"wp","href":"https:\/\/api.w.org\/{rel}","templated":true}]}}