{"id":82,"date":"2021-02-05T12:53:39","date_gmt":"2021-02-05T17:53:39","guid":{"rendered":"http:\/\/ropercorp.com\/?page_id=82"},"modified":"2025-11-17T13:33:39","modified_gmt":"2025-11-17T18:33:39","slug":"wellness-center","status":"publish","type":"page","link":"https:\/\/ropercorp.com\/es\/about\/wellness-center\/","title":{"rendered":"CENTRO DE BIENESTAR DE ROPER CORPORATION"},"content":{"rendered":"<div class=\"fl-builder-content fl-builder-content-82 fl-builder-global-templates-locked\" data-post-id=\"82\"><div class=\"fl-row fl-row-fixed-width fl-row-bg-none fl-node-601d3f659fd9e\" data-node=\"601d3f659fd9e\">\n\t<div class=\"fl-row-content-wrap\">\n\t\t\t\t\t\t<div class=\"fl-row-content fl-row-fixed-width fl-node-content\">\n\t\t\n<div class=\"fl-col-group fl-node-601d3f65a0918\" data-node=\"601d3f65a0918\">\n\t\t\t<div class=\"fl-col fl-node-601d3f65a097f\" data-node=\"601d3f65a097f\">\n\t<div class=\"fl-col-content fl-node-content\">\n\t<div class=\"fl-module fl-module-rich-text fl-node-601d3f6bbc0b0\" data-node=\"601d3f6bbc0b0\">\n\t<div class=\"fl-module-content fl-node-content\">\n\t\t<div class=\"fl-rich-text\">\n\t<p>La atenci\u00f3n m\u00e9dica de calidad en las zonas rurales de Georgia siempre ha sido un desaf\u00edo. El exclusivo Centro de Bienestar Medico de Roper Corporation brinda atenci\u00f3n m\u00e9dica de servicio completo a los empleados y sus familias, llenando un vac\u00edo de atenci\u00f3n m\u00e9dica que la Oficina Estatal de Salud Rural de Georgia (SORH) est\u00e1 trabajando arduamente para reducir.<\/p>\n<p><img decoding=\"async\" class=\"size-medium wp-image-790 alignleft lazyload\" data-src=\"https:\/\/ropercorp.com\/wp-content\/uploads\/2022\/06\/WC-300x168.jpg\" alt=\"Wellness Center\" width=\"300\" height=\"168\" data-srcset=\"https:\/\/ropercorp.com\/wp-content\/uploads\/2022\/06\/WC-300x168.jpg 300w, https:\/\/ropercorp.com\/wp-content\/uploads\/2022\/06\/WC-18x10.jpg 18w, https:\/\/ropercorp.com\/wp-content\/uploads\/2022\/06\/WC.jpg 600w\" data-sizes=\"(max-width: 300px) 100vw, 300px\" src=\"data:image\/svg+xml;base64,PHN2ZyB3aWR0aD0iMSIgaGVpZ2h0PSIxIiB4bWxucz0iaHR0cDovL3d3dy53My5vcmcvMjAwMC9zdmciPjwvc3ZnPg==\" style=\"--smush-placeholder-width: 300px; --smush-placeholder-aspect-ratio: 300\/168;\" \/>Roper Corporation has provided an onsite Wellness Center since 2011, which includes primary care, urgent care, occupational health services, physical therapy, onsite labs, mental health counseling, individual dietary counseling, and prescription medications to its more than 2,000 employees and their families ages two and above. Serving the medical needs of families remains a unique advantage for Roper Corporation employees.<\/p>\n<p>\u201cTo make healthcare more convenient and impactful for our employees we offer health and wellness services onsite with a dedicated medical clinic for both the employees and their families,\u201d said Director of Human Resources, Darcy Duvall.\u00a0 \u201cThe onsite clinic provides quality care that is more affordable to the employee by having a lower co-pay and providing basic prescription drugs.\u00a0 All of this combined with the convenience of being onsite helps improve employees\u2019 overall health and well-being\u201d.<\/p>\n<p>Conveniently located on Roper\u2019s campus, the Wellness Center is open Monday-Saturday, with appointments starting as early as 7:00 a.m. during the week.\u00a0 Roper Wellness is managed by <a href=\"https:\/\/www.careatc.com\/roper\" target=\"_blank\" rel=\"noopener\">CareATC<\/a> who provides Roper employees and their families with expert, high-quality healthcare with a hometown feel.<\/p>\n<p>With the convenience and ease of scheduling same-day appointments, employees and their family members visited the clinic 32,360 times in 2019. Patients of the Wellness Center benefit from nutrition counseling, smoking cessation support, and chronic condition management. One of the Wellness Center\u2019s current focuses is reducing the high risk of blood pressure by increasing early intervention, conducting individual telephonic outreach, and working to identify employees who are being followed by an outside provider.<\/p>\n<\/div>\n\t<\/div>\n<\/div>\n\t<\/div>\n<\/div>\n\t\t\t<div class=\"fl-col fl-node-601d3f65a0981 fl-col-small\" data-node=\"601d3f65a0981\">\n\t<div class=\"fl-col-content fl-node-content\">\n\t<div class=\"fl-module fl-module-rich-text fl-node-601d3fafb42fd\" data-node=\"601d3fafb42fd\">\n\t<div class=\"fl-module-content fl-node-content\">\n\t\t<div class=\"fl-rich-text\">\n\t<p><span style=\"text-decoration: underline; color: #0f426b;\"><a style=\"text-decoration: underline; color: #0f426b;\" href=\"https:\/\/ropercorp.com\/es\/about\/ge-appliances-in-ga\/\">GE Appliance en GA<\/a><\/span><\/p>\n<p><span style=\"text-decoration: underline; color: #0f426b;\"><a style=\"text-decoration: underline; color: #0f426b;\" href=\"https:\/\/ropercorp.com\/es\/about\/wellness-center\/\">Centro de Bienstar<\/a><\/span><\/p>\n<p><span style=\"color: #0f426b;\"><a style=\"color: #0f426b;\" href=\"https:\/\/ropercorp.com\/es\/about\/workforce-culture\/\"><span style=\"text-decoration: underline;\">Fuerza Laboral y Cultura<\/span><\/a><\/span><\/p>\n<\/div>\n\t<\/div>\n<\/div>\n\t<\/div>\n<\/div>\n\t<\/div>\n\n<div class=\"fl-col-group fl-node-601f7247bb795\" data-node=\"601f7247bb795\">\n\t\t\t<div class=\"fl-col fl-node-601f7247bb80a\" data-node=\"601f7247bb80a\">\n\t<div class=\"fl-col-content fl-node-content\">\n\t<div class=\"fl-module fl-module-icon fl-node-601f7247bb759\" data-node=\"601f7247bb759\">\n\t<div class=\"fl-module-content fl-node-content\">\n\t\t<div class=\"fl-icon-wrap\">\n\t<span class=\"fl-icon\">\n\t\t\t\t\t\t\t\t<a href=\"javascript:history.back()\" target=\"_self\" tabindex=\"-1\" aria-hidden=\"true\" aria-labelledby=\"fl-icon-text-601f7247bb759\">\n\t\t\t\t\t\t\t<i class=\"dashicons dashicons-before dashicons-undo\" aria-hidden=\"true\"><\/i>\n\t\t\t\t\t\t<\/a>\n\t\t\t<\/span>\n\t\t\t<div id=\"fl-icon-text-601f7247bb759\" class=\"fl-icon-text\">\n\t\t\t\t\t\t<a href=\"javascript:history.back()\" target=\"_self\" class=\"fl-icon-text-link fl-icon-text-wrap\">\n\t\t\t\t\t\t<p>Regrese<\/p>\t\t\t\t\t\t<\/a>\n\t\t\t\t\t<\/div>\n\t<\/div>\n\t<\/div>\n<\/div>\n\t<\/div>\n<\/div>\n\t<\/div>\n\t\t<\/div>\n\t<\/div>\n<\/div>\n<\/div>","protected":false},"excerpt":{"rendered":"<p>Access to quality medical care in rural areas of Georgia has always been a challenge. Roper Corporation\u2019s unique onsite Wellness Medical Center provides full-service medical care to employees and their &#8230;<\/p>","protected":false},"author":1,"featured_media":0,"parent":21,"menu_order":0,"comment_status":"closed","ping_status":"closed","template":"","meta":{"_coblocks_attr":"","_coblocks_dimensions":"","_coblocks_responsive_height":"","_coblocks_accordion_ie_support":"","_monsterinsights_skip_tracking":false,"_monsterinsights_sitenote_active":false,"_monsterinsights_sitenote_note":"","_monsterinsights_sitenote_category":0,"footnotes":""},"class_list":["post-82","page","type-page","status-publish","hentry"],"yoast_head":"<!-- This site is optimized with the Yoast SEO plugin v26.3 - https:\/\/yoast.com\/wordpress\/plugins\/seo\/ -->\n<title>Roper Corporation Wellness Center - Roper Corporation<\/title>\n<meta name=\"robots\" content=\"index, follow, max-snippet:-1, max-image-preview:large, max-video-preview:-1\" \/>\n<link rel=\"canonical\" href=\"https:\/\/ropercorp.com\/es\/about\/wellness-center\/\" \/>\n<meta property=\"og:locale\" content=\"es_MX\" \/>\n<meta property=\"og:type\" content=\"article\" \/>\n<meta property=\"og:title\" content=\"Roper Corporation Wellness Center - Roper Corporation\" \/>\n<meta property=\"og:description\" content=\"Access to quality medical care in rural areas of Georgia has always been a challenge. Roper Corporation\u2019s unique onsite Wellness Medical Center provides full-service medical care to employees and their ...\" \/>\n<meta property=\"og:url\" content=\"https:\/\/ropercorp.com\/es\/about\/wellness-center\/\" \/>\n<meta property=\"og:site_name\" content=\"Roper Corporation\" \/>\n<meta property=\"article:publisher\" content=\"https:\/\/www.facebook.com\/RoperCorp\" \/>\n<meta property=\"article:modified_time\" content=\"2025-11-17T18:33:39+00:00\" \/>\n<meta property=\"og:image\" content=\"https:\/\/ropercorp.com\/wp-content\/uploads\/2022\/06\/WC-300x168.jpg\" \/>\n<meta name=\"twitter:card\" content=\"summary_large_image\" \/>\n<meta name=\"twitter:label1\" content=\"Tiempo de lectura\" \/>\n\t<meta name=\"twitter:data1\" content=\"2 minutos\" \/>\n<script type=\"application\/ld+json\" class=\"yoast-schema-graph\">{\"@context\":\"https:\/\/schema.org\",\"@graph\":[{\"@type\":\"WebPage\",\"@id\":\"https:\/\/ropercorp.com\/about\/wellness-center\/\",\"url\":\"https:\/\/ropercorp.com\/about\/wellness-center\/\",\"name\":\"Roper Corporation Wellness Center - Roper Corporation\",\"isPartOf\":{\"@id\":\"https:\/\/ropercorp.com\/#website\"},\"primaryImageOfPage\":{\"@id\":\"https:\/\/ropercorp.com\/about\/wellness-center\/#primaryimage\"},\"image\":{\"@id\":\"https:\/\/ropercorp.com\/about\/wellness-center\/#primaryimage\"},\"thumbnailUrl\":\"https:\/\/ropercorp.com\/wp-content\/uploads\/2022\/06\/WC-300x168.jpg\",\"datePublished\":\"2021-02-05T17:53:39+00:00\",\"dateModified\":\"2025-11-17T18:33:39+00:00\",\"breadcrumb\":{\"@id\":\"https:\/\/ropercorp.com\/about\/wellness-center\/#breadcrumb\"},\"inLanguage\":\"es\",\"potentialAction\":[{\"@type\":\"ReadAction\",\"target\":[\"https:\/\/ropercorp.com\/about\/wellness-center\/\"]}]},{\"@type\":\"ImageObject\",\"inLanguage\":\"es\",\"@id\":\"https:\/\/ropercorp.com\/about\/wellness-center\/#primaryimage\",\"url\":\"https:\/\/ropercorp.com\/wp-content\/uploads\/2022\/06\/WC-300x168.jpg\",\"contentUrl\":\"https:\/\/ropercorp.com\/wp-content\/uploads\/2022\/06\/WC-300x168.jpg\"},{\"@type\":\"BreadcrumbList\",\"@id\":\"https:\/\/ropercorp.com\/about\/wellness-center\/#breadcrumb\",\"itemListElement\":[{\"@type\":\"ListItem\",\"position\":1,\"name\":\"Home\",\"item\":\"https:\/\/ropercorp.com\/\"},{\"@type\":\"ListItem\",\"position\":2,\"name\":\"About Roper Corporation\",\"item\":\"https:\/\/ropercorp.com\/about\/\"},{\"@type\":\"ListItem\",\"position\":3,\"name\":\"Roper Corporation Wellness Center\"}]},{\"@type\":\"WebSite\",\"@id\":\"https:\/\/ropercorp.com\/#website\",\"url\":\"https:\/\/ropercorp.com\/\",\"name\":\"Roper Corporation\",\"description\":\"Roper Corporation Cooking Appliances Manufacturer\",\"publisher\":{\"@id\":\"https:\/\/ropercorp.com\/#organization\"},\"potentialAction\":[{\"@type\":\"SearchAction\",\"target\":{\"@type\":\"EntryPoint\",\"urlTemplate\":\"https:\/\/ropercorp.com\/?s={search_term_string}\"},\"query-input\":{\"@type\":\"PropertyValueSpecification\",\"valueRequired\":true,\"valueName\":\"search_term_string\"}}],\"inLanguage\":\"es\"},{\"@type\":\"Organization\",\"@id\":\"https:\/\/ropercorp.com\/#organization\",\"name\":\"Roper Corporation\",\"url\":\"https:\/\/ropercorp.com\/\",\"logo\":{\"@type\":\"ImageObject\",\"inLanguage\":\"es\",\"@id\":\"https:\/\/ropercorp.com\/#\/schema\/logo\/image\/\",\"url\":\"https:\/\/ropercorp.com\/wp-content\/uploads\/2021\/02\/Roper-Corp-Icon.png\",\"contentUrl\":\"https:\/\/ropercorp.com\/wp-content\/uploads\/2021\/02\/Roper-Corp-Icon.png\",\"width\":502,\"height\":498,\"caption\":\"Roper Corporation\"},\"image\":{\"@id\":\"https:\/\/ropercorp.com\/#\/schema\/logo\/image\/\"},\"sameAs\":[\"https:\/\/www.facebook.com\/RoperCorp\"]}]}<\/script>\n<!-- \/ Yoast SEO plugin. -->","yoast_head_json":{"title":"Roper Corporation Wellness Center - Roper Corporation","robots":{"index":"index","follow":"follow","max-snippet":"max-snippet:-1","max-image-preview":"max-image-preview:large","max-video-preview":"max-video-preview:-1"},"canonical":"https:\/\/ropercorp.com\/es\/about\/wellness-center\/","og_locale":"es_MX","og_type":"article","og_title":"Roper Corporation Wellness Center - Roper Corporation","og_description":"Access to quality medical care in rural areas of Georgia has always been a challenge. Roper Corporation\u2019s unique onsite Wellness Medical Center provides full-service medical care to employees and their ...","og_url":"https:\/\/ropercorp.com\/es\/about\/wellness-center\/","og_site_name":"Roper Corporation","article_publisher":"https:\/\/www.facebook.com\/RoperCorp","article_modified_time":"2025-11-17T18:33:39+00:00","og_image":[{"url":"https:\/\/ropercorp.com\/wp-content\/uploads\/2022\/06\/WC-300x168.jpg","type":"","width":"","height":""}],"twitter_card":"summary_large_image","twitter_misc":{"Tiempo de lectura":"2 minutos"},"schema":{"@context":"https:\/\/schema.org","@graph":[{"@type":"WebPage","@id":"https:\/\/ropercorp.com\/about\/wellness-center\/","url":"https:\/\/ropercorp.com\/about\/wellness-center\/","name":"Roper Corporation Wellness Center - Roper Corporation","isPartOf":{"@id":"https:\/\/ropercorp.com\/#website"},"primaryImageOfPage":{"@id":"https:\/\/ropercorp.com\/about\/wellness-center\/#primaryimage"},"image":{"@id":"https:\/\/ropercorp.com\/about\/wellness-center\/#primaryimage"},"thumbnailUrl":"https:\/\/ropercorp.com\/wp-content\/uploads\/2022\/06\/WC-300x168.jpg","datePublished":"2021-02-05T17:53:39+00:00","dateModified":"2025-11-17T18:33:39+00:00","breadcrumb":{"@id":"https:\/\/ropercorp.com\/about\/wellness-center\/#breadcrumb"},"inLanguage":"es","potentialAction":[{"@type":"ReadAction","target":["https:\/\/ropercorp.com\/about\/wellness-center\/"]}]},{"@type":"ImageObject","inLanguage":"es","@id":"https:\/\/ropercorp.com\/about\/wellness-center\/#primaryimage","url":"https:\/\/ropercorp.com\/wp-content\/uploads\/2022\/06\/WC-300x168.jpg","contentUrl":"https:\/\/ropercorp.com\/wp-content\/uploads\/2022\/06\/WC-300x168.jpg"},{"@type":"BreadcrumbList","@id":"https:\/\/ropercorp.com\/about\/wellness-center\/#breadcrumb","itemListElement":[{"@type":"ListItem","position":1,"name":"Home","item":"https:\/\/ropercorp.com\/"},{"@type":"ListItem","position":2,"name":"About Roper Corporation","item":"https:\/\/ropercorp.com\/about\/"},{"@type":"ListItem","position":3,"name":"Roper Corporation Wellness Center"}]},{"@type":"WebSite","@id":"https:\/\/ropercorp.com\/#website","url":"https:\/\/ropercorp.com\/","name":"Roper Corporation","description":"Roper Corporation Cooking Appliances Manufacturer","publisher":{"@id":"https:\/\/ropercorp.com\/#organization"},"potentialAction":[{"@type":"SearchAction","target":{"@type":"EntryPoint","urlTemplate":"https:\/\/ropercorp.com\/?s={search_term_string}"},"query-input":{"@type":"PropertyValueSpecification","valueRequired":true,"valueName":"search_term_string"}}],"inLanguage":"es"},{"@type":"Organization","@id":"https:\/\/ropercorp.com\/#organization","name":"Roper Corporation","url":"https:\/\/ropercorp.com\/","logo":{"@type":"ImageObject","inLanguage":"es","@id":"https:\/\/ropercorp.com\/#\/schema\/logo\/image\/","url":"https:\/\/ropercorp.com\/wp-content\/uploads\/2021\/02\/Roper-Corp-Icon.png","contentUrl":"https:\/\/ropercorp.com\/wp-content\/uploads\/2021\/02\/Roper-Corp-Icon.png","width":502,"height":498,"caption":"Roper Corporation"},"image":{"@id":"https:\/\/ropercorp.com\/#\/schema\/logo\/image\/"},"sameAs":["https:\/\/www.facebook.com\/RoperCorp"]}]}},"_links":{"self":[{"href":"https:\/\/ropercorp.com\/es\/wp-json\/wp\/v2\/pages\/82","targetHints":{"allow":["GET"]}}],"collection":[{"href":"https:\/\/ropercorp.com\/es\/wp-json\/wp\/v2\/pages"}],"about":[{"href":"https:\/\/ropercorp.com\/es\/wp-json\/wp\/v2\/types\/page"}],"author":[{"embeddable":true,"href":"https:\/\/ropercorp.com\/es\/wp-json\/wp\/v2\/users\/1"}],"replies":[{"embeddable":true,"href":"https:\/\/ropercorp.com\/es\/wp-json\/wp\/v2\/comments?post=82"}],"version-history":[{"count":20,"href":"https:\/\/ropercorp.com\/es\/wp-json\/wp\/v2\/pages\/82\/revisions"}],"predecessor-version":[{"id":928,"href":"https:\/\/ropercorp.com\/es\/wp-json\/wp\/v2\/pages\/82\/revisions\/928"}],"up":[{"embeddable":true,"href":"https:\/\/ropercorp.com\/es\/wp-json\/wp\/v2\/pages\/21"}],"wp:attachment":[{"href":"https:\/\/ropercorp.com\/es\/wp-json\/wp\/v2\/media?parent=82"}],"curies":[{"name":"wp","href":"https:\/\/api.w.org\/{rel}","templated":true}]}}