{"id":449,"date":"2021-02-26T12:04:42","date_gmt":"2021-02-26T17:04:42","guid":{"rendered":"https:\/\/ropercorp.com\/?page_id=449"},"modified":"2021-03-04T08:30:46","modified_gmt":"2021-03-04T13:30:46","slug":"best-of-best-2021","status":"publish","type":"page","link":"https:\/\/ropercorp.com\/es\/about\/in-the-news\/best-of-best-2021\/","title":{"rendered":"Planta Roper Nomrada Mejor Empleador: Fabricaci\u00f3n Industrial"},"content":{"rendered":"<div class=\"fl-builder-content fl-builder-content-449 fl-builder-global-templates-locked\" data-post-id=\"449\"><div class=\"fl-row fl-row-fixed-width fl-row-bg-none fl-node-60391c39dd8a0\" data-node=\"60391c39dd8a0\">\n\t<div class=\"fl-row-content-wrap\">\n\t\t\t\t\t\t<div class=\"fl-row-content fl-row-fixed-width fl-node-content\">\n\t\t\n<div class=\"fl-col-group fl-node-6039280e62c3e\" data-node=\"6039280e62c3e\">\n\t\t\t<div class=\"fl-col fl-node-6039280e62ca2\" data-node=\"6039280e62ca2\">\n\t<div class=\"fl-col-content fl-node-content\">\n\t<div class=\"fl-module fl-module-photo fl-node-6039280e62c05\" data-node=\"6039280e62c05\">\n\t<div class=\"fl-module-content fl-node-content\">\n\t\t<div class=\"fl-photo fl-photo-align-center\" itemscope itemtype=\"https:\/\/schema.org\/ImageObject\">\n\t<div class=\"fl-photo-content fl-photo-img-png\">\n\t\t\t\t<img decoding=\"async\" class=\"fl-photo-img wp-image-450 size-full lazyload\" data-src=\"https:\/\/ropercorp.com\/wp-content\/uploads\/2021\/02\/Roper_IMG.png\" alt=\"Roper Corporation Best of the Best\" itemprop=\"image\" height=\"368\" width=\"880\" title=\"Roper Corporation Best of the Best\" data-srcset=\"https:\/\/ropercorp.com\/wp-content\/uploads\/2021\/02\/Roper_IMG.png 880w, https:\/\/ropercorp.com\/wp-content\/uploads\/2021\/02\/Roper_IMG-300x125.png 300w, https:\/\/ropercorp.com\/wp-content\/uploads\/2021\/02\/Roper_IMG-768x321.png 768w, https:\/\/ropercorp.com\/wp-content\/uploads\/2021\/02\/Roper_IMG-16x7.png 16w\" data-sizes=\"(max-width: 880px) 100vw, 880px\" src=\"data:image\/svg+xml;base64,PHN2ZyB3aWR0aD0iMSIgaGVpZ2h0PSIxIiB4bWxucz0iaHR0cDovL3d3dy53My5vcmcvMjAwMC9zdmciPjwvc3ZnPg==\" style=\"--smush-placeholder-width: 880px; --smush-placeholder-aspect-ratio: 880\/368;\" \/>\n\t\t\t\t\t<\/div>\n\t<\/div>\n\t<\/div>\n<\/div>\n\t<\/div>\n<\/div>\n\t<\/div>\n\n<div class=\"fl-col-group fl-node-60391c39dea5f\" data-node=\"60391c39dea5f\">\n\t\t\t<div class=\"fl-col fl-node-60391c39deac1\" data-node=\"60391c39deac1\">\n\t<div class=\"fl-col-content fl-node-content\">\n\t<div class=\"fl-module fl-module-rich-text fl-node-60391c39dd7e5\" data-node=\"60391c39dd7e5\">\n\t<div class=\"fl-module-content fl-node-content\">\n\t\t<div class=\"fl-rich-text\">\n\t<p>La comunidad del norte de Georgia proclam\u00f3 recientemente lo que GE Appliances ha sabido durante mucho tiempo: \u00a1Roper Corporation es lo mejor de lo mejor! La planta, ubicada en LaFayette, Georgia, fue nombrada Mejor Empleador: Compa\u00f1\u00eda de Fabricaci\u00f3n Industrial un premio elejido por la gente e  organizado por <a href=\"https:\/\/www.timesfreepress.com\/\" target=\"_blank\" rel=\"noopener\">Chattanooga Times Free Press<\/a>.<\/p>\n<p>\"Nos sentimos honrados\", dijo la directora de planta Lois Crandell. \"Nuestros empleados no solo son como una familia, sino que muchos de ellos lo son. Generaciones de miembros de familias han trabajado aqu\u00ed, algunos codo con codo, durante d\u00e9cadas. Somos una familia inclusiva y diversa, enfocada en crecer juntos a trav\u00e9s de la innovaci\u00f3n y el trabajo en equipo \".<\/p>\n<p>La familia Ware ha trabajado en Roper desde 1974. La madre de Chucky Ware comenz\u00f3 a trabajar en 1974, Chucky se uni\u00f3 en 1984 y su hija, Calista, se uni\u00f3 al equipo en 2005. Chucky se fue por unos a\u00f1os pero regres\u00f3 por \"mi familia y el esp\u00edritu familiar. en Roper \". Tanto Chucky como Calista comenzaron a trabajar en la l\u00ednea de montaje, pero desde entonces han sido promovidos a otras carreras dentro de Roper. Chucky es miembro del departamento Lean como Oficial de Promoci\u00f3n Kaizen y Calista es Ingeniera T\u00e9cnica Industrial. Durante su tiempo con Roper, Calista aprovech\u00f3 el programa de reembolso de matr\u00edcula de la compa\u00f1\u00eda y obtuvo su licenciatura, lo que le permiti\u00f3 oportunidades de avance y fue el cumplimiento de un sue\u00f1o de toda la vida. \"Si mi hijo alguna vez quiere trabajar para Roper\", dijo Calista, \"espero que a trav\u00e9s de las experiencias m\u00edas, de mi pap\u00e1 y de mi abuela, \u00e9l tenga la mentalidad de que puede crecer como quiera, tal como lo hemos hecho nosotros. por generaciones.\"<\/p>\n<p>\u00a1Felicitaciones al equipo de Roper por un merecido honor! The Times Free Press organiz\u00f3 una ceremonia de entrega de premios el 25 de febrero<sup>th<\/sup>\u00a0y revelar\u00e1 los honores en el peri\u00f3dico de este fin de semana. La planta celebrar\u00e1 su propia celebraci\u00f3n con los empleados el viernes.<\/p>\n<\/div>\n\t<\/div>\n<\/div>\n<div class=\"fl-module fl-module-html fl-node-6039358ae2b71\" data-node=\"6039358ae2b71\">\n\t<div class=\"fl-module-content fl-node-content\">\n\t\t<div class=\"fl-html\">\n\t<div class=\"auto-resizable-iframe\">\n    <div>\n\n        <p align=\"center\"><iframe data-src=\"https:\/\/player.vimeo.com\/video\/516347363\" width=\"800\" height=\"564\" frameborder=\"0\" allow=\"autoplay; fullscreen\" allowfullscreen src=\"data:image\/svg+xml;base64,PHN2ZyB3aWR0aD0iMSIgaGVpZ2h0PSIxIiB4bWxucz0iaHR0cDovL3d3dy53My5vcmcvMjAwMC9zdmciPjwvc3ZnPg==\" class=\"lazyload\" data-load-mode=\"1\"><\/iframe><\/p>\n    <\/div>\n<\/div>    <\/div>\n\t<\/div>\n<\/div>\n<div class=\"fl-module fl-module-icon fl-node-60392a1092ef2\" data-node=\"60392a1092ef2\">\n\t<div class=\"fl-module-content fl-node-content\">\n\t\t<div class=\"fl-icon-wrap\">\n\t<span class=\"fl-icon\">\n\t\t\t\t\t\t\t\t<a href=\"javascript:history.back()\" target=\"_self\" tabindex=\"-1\" aria-hidden=\"true\" aria-labelledby=\"fl-icon-text-60392a1092ef2\">\n\t\t\t\t\t\t\t<i class=\"dashicons dashicons-before dashicons-undo\" aria-hidden=\"true\"><\/i>\n\t\t\t\t\t\t<\/a>\n\t\t\t<\/span>\n\t\t\t<div id=\"fl-icon-text-60392a1092ef2\" class=\"fl-icon-text\">\n\t\t\t\t\t\t<a href=\"javascript:history.back()\" target=\"_self\" class=\"fl-icon-text-link fl-icon-text-wrap\">\n\t\t\t\t\t\t<p>Regrese<\/p>\t\t\t\t\t\t<\/a>\n\t\t\t\t\t<\/div>\n\t<\/div>\n\t<\/div>\n<\/div>\n\t<\/div>\n<\/div>\n\t<\/div>\n\t\t<\/div>\n\t<\/div>\n<\/div>\n<\/div>","protected":false},"excerpt":{"rendered":"<p>The community of North Georgia recently proclaimed what GE Appliances has known for a long time, Roper Corporation is the best of the best! The plant, located in LaFayette, Georgia, &#8230;<\/p>","protected":false},"author":1,"featured_media":456,"parent":114,"menu_order":0,"comment_status":"closed","ping_status":"closed","template":"","meta":{"_coblocks_attr":"","_coblocks_dimensions":"","_coblocks_responsive_height":"","_coblocks_accordion_ie_support":"","_monsterinsights_skip_tracking":false,"_monsterinsights_sitenote_active":false,"_monsterinsights_sitenote_note":"","_monsterinsights_sitenote_category":0,"footnotes":""},"class_list":["post-449","page","type-page","status-publish","has-post-thumbnail","hentry"],"yoast_head":"<!-- This site is optimized with the Yoast SEO plugin v26.3 - https:\/\/yoast.com\/wordpress\/plugins\/seo\/ -->\n<title>Roper Plant Named Best Employer: Industrial Manufacturing - Roper Corporation<\/title>\n<meta name=\"robots\" content=\"index, follow, max-snippet:-1, max-image-preview:large, max-video-preview:-1\" \/>\n<link rel=\"canonical\" href=\"https:\/\/ropercorp.com\/es\/about\/in-the-news\/best-of-best-2021\/\" \/>\n<meta property=\"og:locale\" content=\"es_MX\" \/>\n<meta property=\"og:type\" content=\"article\" \/>\n<meta property=\"og:title\" content=\"Roper Plant Named Best Employer: Industrial Manufacturing - Roper Corporation\" \/>\n<meta property=\"og:description\" content=\"The community of North Georgia recently proclaimed what GE Appliances has known for a long time, Roper Corporation is the best of the best! The plant, located in LaFayette, Georgia, ...\" \/>\n<meta property=\"og:url\" content=\"https:\/\/ropercorp.com\/es\/about\/in-the-news\/best-of-best-2021\/\" \/>\n<meta property=\"og:site_name\" content=\"Roper Corporation\" \/>\n<meta property=\"article:publisher\" content=\"https:\/\/www.facebook.com\/RoperCorp\" \/>\n<meta property=\"article:modified_time\" content=\"2021-03-04T13:30:46+00:00\" \/>\n<meta property=\"og:image\" content=\"https:\/\/ropercorp.com\/wp-content\/uploads\/2021\/02\/BoB-Logo.png\" \/>\n\t<meta property=\"og:image:width\" content=\"480\" \/>\n\t<meta property=\"og:image:height\" content=\"320\" \/>\n\t<meta property=\"og:image:type\" content=\"image\/png\" \/>\n<meta name=\"twitter:card\" content=\"summary_large_image\" \/>\n<meta name=\"twitter:label1\" content=\"Tiempo de lectura\" \/>\n\t<meta name=\"twitter:data1\" content=\"2 minutos\" \/>\n<script type=\"application\/ld+json\" class=\"yoast-schema-graph\">{\"@context\":\"https:\/\/schema.org\",\"@graph\":[{\"@type\":\"WebPage\",\"@id\":\"https:\/\/ropercorp.com\/about\/in-the-news\/best-of-best-2021\/\",\"url\":\"https:\/\/ropercorp.com\/about\/in-the-news\/best-of-best-2021\/\",\"name\":\"Roper Plant Named Best Employer: Industrial Manufacturing - Roper Corporation\",\"isPartOf\":{\"@id\":\"https:\/\/ropercorp.com\/#website\"},\"primaryImageOfPage\":{\"@id\":\"https:\/\/ropercorp.com\/about\/in-the-news\/best-of-best-2021\/#primaryimage\"},\"image\":{\"@id\":\"https:\/\/ropercorp.com\/about\/in-the-news\/best-of-best-2021\/#primaryimage\"},\"thumbnailUrl\":\"https:\/\/ropercorp.com\/wp-content\/uploads\/2021\/02\/BoB-Logo.png\",\"datePublished\":\"2021-02-26T17:04:42+00:00\",\"dateModified\":\"2021-03-04T13:30:46+00:00\",\"breadcrumb\":{\"@id\":\"https:\/\/ropercorp.com\/about\/in-the-news\/best-of-best-2021\/#breadcrumb\"},\"inLanguage\":\"es\",\"potentialAction\":[{\"@type\":\"ReadAction\",\"target\":[\"https:\/\/ropercorp.com\/about\/in-the-news\/best-of-best-2021\/\"]}]},{\"@type\":\"ImageObject\",\"inLanguage\":\"es\",\"@id\":\"https:\/\/ropercorp.com\/about\/in-the-news\/best-of-best-2021\/#primaryimage\",\"url\":\"https:\/\/ropercorp.com\/wp-content\/uploads\/2021\/02\/BoB-Logo.png\",\"contentUrl\":\"https:\/\/ropercorp.com\/wp-content\/uploads\/2021\/02\/BoB-Logo.png\",\"width\":480,\"height\":320,\"caption\":\"NGA Best of Best Industrial Manufacturing Employer\"},{\"@type\":\"BreadcrumbList\",\"@id\":\"https:\/\/ropercorp.com\/about\/in-the-news\/best-of-best-2021\/#breadcrumb\",\"itemListElement\":[{\"@type\":\"ListItem\",\"position\":1,\"name\":\"Home\",\"item\":\"https:\/\/ropercorp.com\/\"},{\"@type\":\"ListItem\",\"position\":2,\"name\":\"About Roper Corporation\",\"item\":\"https:\/\/ropercorp.com\/about\/\"},{\"@type\":\"ListItem\",\"position\":3,\"name\":\"In The News\",\"item\":\"https:\/\/ropercorp.com\/about\/in-the-news\/\"},{\"@type\":\"ListItem\",\"position\":4,\"name\":\"Roper Plant Named Best Employer: Industrial Manufacturing\"}]},{\"@type\":\"WebSite\",\"@id\":\"https:\/\/ropercorp.com\/#website\",\"url\":\"https:\/\/ropercorp.com\/\",\"name\":\"Roper Corporation\",\"description\":\"Roper Corporation Cooking Appliances Manufacturer\",\"publisher\":{\"@id\":\"https:\/\/ropercorp.com\/#organization\"},\"potentialAction\":[{\"@type\":\"SearchAction\",\"target\":{\"@type\":\"EntryPoint\",\"urlTemplate\":\"https:\/\/ropercorp.com\/?s={search_term_string}\"},\"query-input\":{\"@type\":\"PropertyValueSpecification\",\"valueRequired\":true,\"valueName\":\"search_term_string\"}}],\"inLanguage\":\"es\"},{\"@type\":\"Organization\",\"@id\":\"https:\/\/ropercorp.com\/#organization\",\"name\":\"Roper Corporation\",\"url\":\"https:\/\/ropercorp.com\/\",\"logo\":{\"@type\":\"ImageObject\",\"inLanguage\":\"es\",\"@id\":\"https:\/\/ropercorp.com\/#\/schema\/logo\/image\/\",\"url\":\"https:\/\/ropercorp.com\/wp-content\/uploads\/2021\/02\/Roper-Corp-Icon.png\",\"contentUrl\":\"https:\/\/ropercorp.com\/wp-content\/uploads\/2021\/02\/Roper-Corp-Icon.png\",\"width\":502,\"height\":498,\"caption\":\"Roper Corporation\"},\"image\":{\"@id\":\"https:\/\/ropercorp.com\/#\/schema\/logo\/image\/\"},\"sameAs\":[\"https:\/\/www.facebook.com\/RoperCorp\"]}]}<\/script>\n<!-- \/ Yoast SEO plugin. -->","yoast_head_json":{"title":"Roper Plant Named Best Employer: Industrial Manufacturing - Roper Corporation","robots":{"index":"index","follow":"follow","max-snippet":"max-snippet:-1","max-image-preview":"max-image-preview:large","max-video-preview":"max-video-preview:-1"},"canonical":"https:\/\/ropercorp.com\/es\/about\/in-the-news\/best-of-best-2021\/","og_locale":"es_MX","og_type":"article","og_title":"Roper Plant Named Best Employer: Industrial Manufacturing - Roper Corporation","og_description":"The community of North Georgia recently proclaimed what GE Appliances has known for a long time, Roper Corporation is the best of the best! The plant, located in LaFayette, Georgia, ...","og_url":"https:\/\/ropercorp.com\/es\/about\/in-the-news\/best-of-best-2021\/","og_site_name":"Roper Corporation","article_publisher":"https:\/\/www.facebook.com\/RoperCorp","article_modified_time":"2021-03-04T13:30:46+00:00","og_image":[{"width":480,"height":320,"url":"https:\/\/ropercorp.com\/wp-content\/uploads\/2021\/02\/BoB-Logo.png","type":"image\/png"}],"twitter_card":"summary_large_image","twitter_misc":{"Tiempo de lectura":"2 minutos"},"schema":{"@context":"https:\/\/schema.org","@graph":[{"@type":"WebPage","@id":"https:\/\/ropercorp.com\/about\/in-the-news\/best-of-best-2021\/","url":"https:\/\/ropercorp.com\/about\/in-the-news\/best-of-best-2021\/","name":"Roper Plant Named Best Employer: Industrial Manufacturing - Roper Corporation","isPartOf":{"@id":"https:\/\/ropercorp.com\/#website"},"primaryImageOfPage":{"@id":"https:\/\/ropercorp.com\/about\/in-the-news\/best-of-best-2021\/#primaryimage"},"image":{"@id":"https:\/\/ropercorp.com\/about\/in-the-news\/best-of-best-2021\/#primaryimage"},"thumbnailUrl":"https:\/\/ropercorp.com\/wp-content\/uploads\/2021\/02\/BoB-Logo.png","datePublished":"2021-02-26T17:04:42+00:00","dateModified":"2021-03-04T13:30:46+00:00","breadcrumb":{"@id":"https:\/\/ropercorp.com\/about\/in-the-news\/best-of-best-2021\/#breadcrumb"},"inLanguage":"es","potentialAction":[{"@type":"ReadAction","target":["https:\/\/ropercorp.com\/about\/in-the-news\/best-of-best-2021\/"]}]},{"@type":"ImageObject","inLanguage":"es","@id":"https:\/\/ropercorp.com\/about\/in-the-news\/best-of-best-2021\/#primaryimage","url":"https:\/\/ropercorp.com\/wp-content\/uploads\/2021\/02\/BoB-Logo.png","contentUrl":"https:\/\/ropercorp.com\/wp-content\/uploads\/2021\/02\/BoB-Logo.png","width":480,"height":320,"caption":"NGA Best of Best Industrial Manufacturing Employer"},{"@type":"BreadcrumbList","@id":"https:\/\/ropercorp.com\/about\/in-the-news\/best-of-best-2021\/#breadcrumb","itemListElement":[{"@type":"ListItem","position":1,"name":"Home","item":"https:\/\/ropercorp.com\/"},{"@type":"ListItem","position":2,"name":"About Roper Corporation","item":"https:\/\/ropercorp.com\/about\/"},{"@type":"ListItem","position":3,"name":"In The News","item":"https:\/\/ropercorp.com\/about\/in-the-news\/"},{"@type":"ListItem","position":4,"name":"Roper Plant Named Best Employer: Industrial Manufacturing"}]},{"@type":"WebSite","@id":"https:\/\/ropercorp.com\/#website","url":"https:\/\/ropercorp.com\/","name":"Roper Corporation","description":"Roper Corporation Cooking Appliances Manufacturer","publisher":{"@id":"https:\/\/ropercorp.com\/#organization"},"potentialAction":[{"@type":"SearchAction","target":{"@type":"EntryPoint","urlTemplate":"https:\/\/ropercorp.com\/?s={search_term_string}"},"query-input":{"@type":"PropertyValueSpecification","valueRequired":true,"valueName":"search_term_string"}}],"inLanguage":"es"},{"@type":"Organization","@id":"https:\/\/ropercorp.com\/#organization","name":"Roper Corporation","url":"https:\/\/ropercorp.com\/","logo":{"@type":"ImageObject","inLanguage":"es","@id":"https:\/\/ropercorp.com\/#\/schema\/logo\/image\/","url":"https:\/\/ropercorp.com\/wp-content\/uploads\/2021\/02\/Roper-Corp-Icon.png","contentUrl":"https:\/\/ropercorp.com\/wp-content\/uploads\/2021\/02\/Roper-Corp-Icon.png","width":502,"height":498,"caption":"Roper Corporation"},"image":{"@id":"https:\/\/ropercorp.com\/#\/schema\/logo\/image\/"},"sameAs":["https:\/\/www.facebook.com\/RoperCorp"]}]}},"_links":{"self":[{"href":"https:\/\/ropercorp.com\/es\/wp-json\/wp\/v2\/pages\/449","targetHints":{"allow":["GET"]}}],"collection":[{"href":"https:\/\/ropercorp.com\/es\/wp-json\/wp\/v2\/pages"}],"about":[{"href":"https:\/\/ropercorp.com\/es\/wp-json\/wp\/v2\/types\/page"}],"author":[{"embeddable":true,"href":"https:\/\/ropercorp.com\/es\/wp-json\/wp\/v2\/users\/1"}],"replies":[{"embeddable":true,"href":"https:\/\/ropercorp.com\/es\/wp-json\/wp\/v2\/comments?post=449"}],"version-history":[{"count":10,"href":"https:\/\/ropercorp.com\/es\/wp-json\/wp\/v2\/pages\/449\/revisions"}],"predecessor-version":[{"id":565,"href":"https:\/\/ropercorp.com\/es\/wp-json\/wp\/v2\/pages\/449\/revisions\/565"}],"up":[{"embeddable":true,"href":"https:\/\/ropercorp.com\/es\/wp-json\/wp\/v2\/pages\/114"}],"wp:featuredmedia":[{"embeddable":true,"href":"https:\/\/ropercorp.com\/es\/wp-json\/wp\/v2\/media\/456"}],"wp:attachment":[{"href":"https:\/\/ropercorp.com\/es\/wp-json\/wp\/v2\/media?parent=449"}],"curies":[{"name":"wp","href":"https:\/\/api.w.org\/{rel}","templated":true}]}}