{"id":383,"date":"2021-02-18T14:33:28","date_gmt":"2021-02-18T19:33:28","guid":{"rendered":"https:\/\/ropercorp.com\/?page_id=383"},"modified":"2025-08-12T14:19:59","modified_gmt":"2025-08-12T18:19:59","slug":"walker-transit","status":"publish","type":"page","link":"https:\/\/ropercorp.com\/es\/about\/in-the-news\/walker-transit\/","title":{"rendered":"Ruta de Tr\u00e1nsito Roper Walker"},"content":{"rendered":"<div class=\"fl-builder-content fl-builder-content-383 fl-builder-global-templates-locked\" data-post-id=\"383\"><div class=\"fl-row fl-row-fixed-width fl-row-bg-none fl-node-602ebfadedb75\" data-node=\"602ebfadedb75\">\n\t<div class=\"fl-row-content-wrap\">\n\t\t\t\t\t\t<div class=\"fl-row-content fl-row-fixed-width fl-node-content\">\n\t\t\n<div class=\"fl-col-group fl-node-602ebfadef452\" data-node=\"602ebfadef452\">\n\t\t\t<div class=\"fl-col fl-node-602ebfadef4c4\" data-node=\"602ebfadef4c4\">\n\t<div class=\"fl-col-content fl-node-content\">\n\t<div class=\"fl-module fl-module-rich-text fl-node-602ebfadedaab\" data-node=\"602ebfadedaab\">\n\t<div class=\"fl-module-content fl-node-content\">\n\t\t<div class=\"fl-rich-text\">\n\t<p>Roper Corporation y Walker County, GA Government se han asociado en una nueva ruta de transporte de Walker Transit desde Rossville, Chickamauga y LaFayette directamente a Roper. Esta ruta dedicada ayudar\u00e1 a proporcionar transporte confiable para los empleados en todo el condado. Conozca los aspectos m\u00e1s destacados a continuaci\u00f3n y comun\u00edquese con la autoridad de tr\u00e1nsito o el equipo de recursos humanos de Roper si desea obtener m\u00e1s detalles.<\/p>\n<p>El art\u00edculo de Chattanoogan.com se puede encontrar <a href=\"https:\/\/www.chattanoogan.com\/2021\/2\/17\/423470\/Walker-Transit-Route-Improves-Jobs.aspx\" target=\"_blank\" rel=\"noopener\">aqu\u00ed<\/a> o ver el video oficial a continuaci\u00f3n del gobierno de Walker County GA.<\/p>\n<\/div>\n\t<\/div>\n<\/div>\n<div class=\"fl-module fl-module-video fl-node-602ec02146f5d\" data-node=\"602ec02146f5d\">\n\t<div class=\"fl-module-content fl-node-content\">\n\t\t\n<div class=\"fl-video fl-embed-video\">\n\t<div class=\"auto-resizable-iframe\">\n    <div>\n\n        <iframe width=\"560\" height=\"315\" data-src=\"https:\/\/www.youtube.com\/embed\/wLpwyMAVIJQ\" frameborder=\"0\" allow=\"accelerometer; autoplay; clipboard-write; encrypted-media; gyroscope; picture-in-picture\" allowfullscreen src=\"data:image\/svg+xml;base64,PHN2ZyB3aWR0aD0iMSIgaGVpZ2h0PSIxIiB4bWxucz0iaHR0cDovL3d3dy53My5vcmcvMjAwMC9zdmciPjwvc3ZnPg==\" class=\"lazyload\" data-load-mode=\"1\"><\/iframe>\n    <\/div>\n<\/div><\/div>\n\t<\/div>\n<\/div>\n\t<\/div>\n<\/div>\n\t<\/div>\n\n<div class=\"fl-col-group fl-node-602ec0e3d1b26\" data-node=\"602ec0e3d1b26\">\n\t\t\t<div class=\"fl-col fl-node-602ec0e3d1b8e\" data-node=\"602ec0e3d1b8e\">\n\t<div class=\"fl-col-content fl-node-content\">\n\t<div class=\"fl-module fl-module-icon fl-node-602ec0e3d1aeb\" data-node=\"602ec0e3d1aeb\">\n\t<div class=\"fl-module-content fl-node-content\">\n\t\t<div class=\"fl-icon-wrap\">\n\t<span class=\"fl-icon\">\n\t\t\t\t\t\t\t\t<a href=\"javascript:history.back()\" target=\"_self\" tabindex=\"-1\" aria-hidden=\"true\" aria-labelledby=\"fl-icon-text-602ec0e3d1aeb\">\n\t\t\t\t\t\t\t<i class=\"dashicons dashicons-before dashicons-undo\" aria-hidden=\"true\"><\/i>\n\t\t\t\t\t\t<\/a>\n\t\t\t<\/span>\n\t\t\t<div id=\"fl-icon-text-602ec0e3d1aeb\" class=\"fl-icon-text\">\n\t\t\t\t\t\t<a href=\"javascript:history.back()\" target=\"_self\" class=\"fl-icon-text-link fl-icon-text-wrap\">\n\t\t\t\t\t\t<p>Regrese<\/p>\t\t\t\t\t\t<\/a>\n\t\t\t\t\t<\/div>\n\t<\/div>\n\t<\/div>\n<\/div>\n\t<\/div>\n<\/div>\n\t<\/div>\n\t\t<\/div>\n\t<\/div>\n<\/div>\n<\/div>","protected":false},"excerpt":{"rendered":"<p>Roper Corporation and Walker County, GA Government have partnered up on a new Walker Transit shuttle route from Rossville, Chickamauga, and LaFayette direct to Roper. This dedicated route will help &#8230;<\/p>","protected":false},"author":1,"featured_media":371,"parent":114,"menu_order":0,"comment_status":"closed","ping_status":"closed","template":"","meta":{"_coblocks_attr":"","_coblocks_dimensions":"","_coblocks_responsive_height":"","_coblocks_accordion_ie_support":"","_monsterinsights_skip_tracking":false,"_monsterinsights_sitenote_active":false,"_monsterinsights_sitenote_note":"","_monsterinsights_sitenote_category":0,"footnotes":""},"class_list":["post-383","page","type-page","status-publish","has-post-thumbnail","hentry"],"yoast_head":"<!-- This site is optimized with the Yoast SEO plugin v26.3 - https:\/\/yoast.com\/wordpress\/plugins\/seo\/ -->\n<title>Roper Walker Transit Route - Roper Corporation<\/title>\n<meta name=\"description\" content=\"Roper Corporation and Walker County, GA Government have partnered up on a new Walker Transit shuttle route from Rossville, Chickamauga, and LaFayette direct to Roper. This dedicated route will help provide reliable transportation for employees throughout the county.\" \/>\n<meta name=\"robots\" content=\"index, follow, max-snippet:-1, max-image-preview:large, max-video-preview:-1\" \/>\n<link rel=\"canonical\" href=\"https:\/\/ropercorp.com\/es\/about\/in-the-news\/walker-transit\/\" \/>\n<meta property=\"og:locale\" content=\"es_MX\" \/>\n<meta property=\"og:type\" content=\"article\" \/>\n<meta property=\"og:title\" content=\"Roper Walker Transit Route - Roper Corporation\" \/>\n<meta property=\"og:description\" content=\"Roper Corporation and Walker County, GA Government have partnered up on a new Walker Transit shuttle route from Rossville, Chickamauga, and LaFayette direct to Roper. This dedicated route will help provide reliable transportation for employees throughout the county.\" \/>\n<meta property=\"og:url\" content=\"https:\/\/ropercorp.com\/es\/about\/in-the-news\/walker-transit\/\" \/>\n<meta property=\"og:site_name\" content=\"Roper Corporation\" \/>\n<meta property=\"article:publisher\" content=\"https:\/\/www.facebook.com\/RoperCorp\" \/>\n<meta property=\"article:modified_time\" content=\"2025-08-12T18:19:59+00:00\" \/>\n<meta property=\"og:image\" content=\"https:\/\/ropercorp.com\/wp-content\/uploads\/2021\/02\/Roper-Icon-Square-500.png\" \/>\n\t<meta property=\"og:image:width\" content=\"500\" \/>\n\t<meta property=\"og:image:height\" content=\"500\" \/>\n\t<meta property=\"og:image:type\" content=\"image\/png\" \/>\n<meta name=\"twitter:card\" content=\"summary_large_image\" \/>\n<meta name=\"twitter:label1\" content=\"Tiempo de lectura\" \/>\n\t<meta name=\"twitter:data1\" content=\"1 minuto\" \/>\n<script type=\"application\/ld+json\" class=\"yoast-schema-graph\">{\"@context\":\"https:\/\/schema.org\",\"@graph\":[{\"@type\":\"WebPage\",\"@id\":\"https:\/\/ropercorp.com\/about\/in-the-news\/walker-transit\/\",\"url\":\"https:\/\/ropercorp.com\/about\/in-the-news\/walker-transit\/\",\"name\":\"Roper Walker Transit Route - Roper Corporation\",\"isPartOf\":{\"@id\":\"https:\/\/ropercorp.com\/#website\"},\"primaryImageOfPage\":{\"@id\":\"https:\/\/ropercorp.com\/about\/in-the-news\/walker-transit\/#primaryimage\"},\"image\":{\"@id\":\"https:\/\/ropercorp.com\/about\/in-the-news\/walker-transit\/#primaryimage\"},\"thumbnailUrl\":\"https:\/\/ropercorp.com\/wp-content\/uploads\/2021\/02\/Roper-Icon-Square-500.png\",\"datePublished\":\"2021-02-18T19:33:28+00:00\",\"dateModified\":\"2025-08-12T18:19:59+00:00\",\"description\":\"Roper Corporation and Walker County, GA Government have partnered up on a new Walker Transit shuttle route from Rossville, Chickamauga, and LaFayette direct to Roper. This dedicated route will help provide reliable transportation for employees throughout the county.\",\"breadcrumb\":{\"@id\":\"https:\/\/ropercorp.com\/about\/in-the-news\/walker-transit\/#breadcrumb\"},\"inLanguage\":\"es\",\"potentialAction\":[{\"@type\":\"ReadAction\",\"target\":[\"https:\/\/ropercorp.com\/about\/in-the-news\/walker-transit\/\"]}]},{\"@type\":\"ImageObject\",\"inLanguage\":\"es\",\"@id\":\"https:\/\/ropercorp.com\/about\/in-the-news\/walker-transit\/#primaryimage\",\"url\":\"https:\/\/ropercorp.com\/wp-content\/uploads\/2021\/02\/Roper-Icon-Square-500.png\",\"contentUrl\":\"https:\/\/ropercorp.com\/wp-content\/uploads\/2021\/02\/Roper-Icon-Square-500.png\",\"width\":500,\"height\":500,\"caption\":\"Roper Corporation Logo\"},{\"@type\":\"BreadcrumbList\",\"@id\":\"https:\/\/ropercorp.com\/about\/in-the-news\/walker-transit\/#breadcrumb\",\"itemListElement\":[{\"@type\":\"ListItem\",\"position\":1,\"name\":\"Home\",\"item\":\"https:\/\/ropercorp.com\/\"},{\"@type\":\"ListItem\",\"position\":2,\"name\":\"About Roper Corporation\",\"item\":\"https:\/\/ropercorp.com\/about\/\"},{\"@type\":\"ListItem\",\"position\":3,\"name\":\"In The News\",\"item\":\"https:\/\/ropercorp.com\/about\/in-the-news\/\"},{\"@type\":\"ListItem\",\"position\":4,\"name\":\"Roper Walker Transit Route\"}]},{\"@type\":\"WebSite\",\"@id\":\"https:\/\/ropercorp.com\/#website\",\"url\":\"https:\/\/ropercorp.com\/\",\"name\":\"Roper Corporation\",\"description\":\"Roper Corporation Cooking Appliances Manufacturer\",\"publisher\":{\"@id\":\"https:\/\/ropercorp.com\/#organization\"},\"potentialAction\":[{\"@type\":\"SearchAction\",\"target\":{\"@type\":\"EntryPoint\",\"urlTemplate\":\"https:\/\/ropercorp.com\/?s={search_term_string}\"},\"query-input\":{\"@type\":\"PropertyValueSpecification\",\"valueRequired\":true,\"valueName\":\"search_term_string\"}}],\"inLanguage\":\"es\"},{\"@type\":\"Organization\",\"@id\":\"https:\/\/ropercorp.com\/#organization\",\"name\":\"Roper Corporation\",\"url\":\"https:\/\/ropercorp.com\/\",\"logo\":{\"@type\":\"ImageObject\",\"inLanguage\":\"es\",\"@id\":\"https:\/\/ropercorp.com\/#\/schema\/logo\/image\/\",\"url\":\"https:\/\/ropercorp.com\/wp-content\/uploads\/2021\/02\/Roper-Corp-Icon.png\",\"contentUrl\":\"https:\/\/ropercorp.com\/wp-content\/uploads\/2021\/02\/Roper-Corp-Icon.png\",\"width\":502,\"height\":498,\"caption\":\"Roper Corporation\"},\"image\":{\"@id\":\"https:\/\/ropercorp.com\/#\/schema\/logo\/image\/\"},\"sameAs\":[\"https:\/\/www.facebook.com\/RoperCorp\"]}]}<\/script>\n<!-- \/ Yoast SEO plugin. -->","yoast_head_json":{"title":"Roper Walker Transit Route - Roper Corporation","description":"Roper Corporation and Walker County, GA Government have partnered up on a new Walker Transit shuttle route from Rossville, Chickamauga, and LaFayette direct to Roper. This dedicated route will help provide reliable transportation for employees throughout the county.","robots":{"index":"index","follow":"follow","max-snippet":"max-snippet:-1","max-image-preview":"max-image-preview:large","max-video-preview":"max-video-preview:-1"},"canonical":"https:\/\/ropercorp.com\/es\/about\/in-the-news\/walker-transit\/","og_locale":"es_MX","og_type":"article","og_title":"Roper Walker Transit Route - Roper Corporation","og_description":"Roper Corporation and Walker County, GA Government have partnered up on a new Walker Transit shuttle route from Rossville, Chickamauga, and LaFayette direct to Roper. This dedicated route will help provide reliable transportation for employees throughout the county.","og_url":"https:\/\/ropercorp.com\/es\/about\/in-the-news\/walker-transit\/","og_site_name":"Roper Corporation","article_publisher":"https:\/\/www.facebook.com\/RoperCorp","article_modified_time":"2025-08-12T18:19:59+00:00","og_image":[{"width":500,"height":500,"url":"https:\/\/ropercorp.com\/wp-content\/uploads\/2021\/02\/Roper-Icon-Square-500.png","type":"image\/png"}],"twitter_card":"summary_large_image","twitter_misc":{"Tiempo de lectura":"1 minuto"},"schema":{"@context":"https:\/\/schema.org","@graph":[{"@type":"WebPage","@id":"https:\/\/ropercorp.com\/about\/in-the-news\/walker-transit\/","url":"https:\/\/ropercorp.com\/about\/in-the-news\/walker-transit\/","name":"Roper Walker Transit Route - Roper Corporation","isPartOf":{"@id":"https:\/\/ropercorp.com\/#website"},"primaryImageOfPage":{"@id":"https:\/\/ropercorp.com\/about\/in-the-news\/walker-transit\/#primaryimage"},"image":{"@id":"https:\/\/ropercorp.com\/about\/in-the-news\/walker-transit\/#primaryimage"},"thumbnailUrl":"https:\/\/ropercorp.com\/wp-content\/uploads\/2021\/02\/Roper-Icon-Square-500.png","datePublished":"2021-02-18T19:33:28+00:00","dateModified":"2025-08-12T18:19:59+00:00","description":"Roper Corporation and Walker County, GA Government have partnered up on a new Walker Transit shuttle route from Rossville, Chickamauga, and LaFayette direct to Roper. This dedicated route will help provide reliable transportation for employees throughout the county.","breadcrumb":{"@id":"https:\/\/ropercorp.com\/about\/in-the-news\/walker-transit\/#breadcrumb"},"inLanguage":"es","potentialAction":[{"@type":"ReadAction","target":["https:\/\/ropercorp.com\/about\/in-the-news\/walker-transit\/"]}]},{"@type":"ImageObject","inLanguage":"es","@id":"https:\/\/ropercorp.com\/about\/in-the-news\/walker-transit\/#primaryimage","url":"https:\/\/ropercorp.com\/wp-content\/uploads\/2021\/02\/Roper-Icon-Square-500.png","contentUrl":"https:\/\/ropercorp.com\/wp-content\/uploads\/2021\/02\/Roper-Icon-Square-500.png","width":500,"height":500,"caption":"Roper Corporation Logo"},{"@type":"BreadcrumbList","@id":"https:\/\/ropercorp.com\/about\/in-the-news\/walker-transit\/#breadcrumb","itemListElement":[{"@type":"ListItem","position":1,"name":"Home","item":"https:\/\/ropercorp.com\/"},{"@type":"ListItem","position":2,"name":"About Roper Corporation","item":"https:\/\/ropercorp.com\/about\/"},{"@type":"ListItem","position":3,"name":"In The News","item":"https:\/\/ropercorp.com\/about\/in-the-news\/"},{"@type":"ListItem","position":4,"name":"Roper Walker Transit Route"}]},{"@type":"WebSite","@id":"https:\/\/ropercorp.com\/#website","url":"https:\/\/ropercorp.com\/","name":"Roper Corporation","description":"Roper Corporation Cooking Appliances Manufacturer","publisher":{"@id":"https:\/\/ropercorp.com\/#organization"},"potentialAction":[{"@type":"SearchAction","target":{"@type":"EntryPoint","urlTemplate":"https:\/\/ropercorp.com\/?s={search_term_string}"},"query-input":{"@type":"PropertyValueSpecification","valueRequired":true,"valueName":"search_term_string"}}],"inLanguage":"es"},{"@type":"Organization","@id":"https:\/\/ropercorp.com\/#organization","name":"Roper Corporation","url":"https:\/\/ropercorp.com\/","logo":{"@type":"ImageObject","inLanguage":"es","@id":"https:\/\/ropercorp.com\/#\/schema\/logo\/image\/","url":"https:\/\/ropercorp.com\/wp-content\/uploads\/2021\/02\/Roper-Corp-Icon.png","contentUrl":"https:\/\/ropercorp.com\/wp-content\/uploads\/2021\/02\/Roper-Corp-Icon.png","width":502,"height":498,"caption":"Roper Corporation"},"image":{"@id":"https:\/\/ropercorp.com\/#\/schema\/logo\/image\/"},"sameAs":["https:\/\/www.facebook.com\/RoperCorp"]}]}},"_links":{"self":[{"href":"https:\/\/ropercorp.com\/es\/wp-json\/wp\/v2\/pages\/383","targetHints":{"allow":["GET"]}}],"collection":[{"href":"https:\/\/ropercorp.com\/es\/wp-json\/wp\/v2\/pages"}],"about":[{"href":"https:\/\/ropercorp.com\/es\/wp-json\/wp\/v2\/types\/page"}],"author":[{"embeddable":true,"href":"https:\/\/ropercorp.com\/es\/wp-json\/wp\/v2\/users\/1"}],"replies":[{"embeddable":true,"href":"https:\/\/ropercorp.com\/es\/wp-json\/wp\/v2\/comments?post=383"}],"version-history":[{"count":8,"href":"https:\/\/ropercorp.com\/es\/wp-json\/wp\/v2\/pages\/383\/revisions"}],"predecessor-version":[{"id":566,"href":"https:\/\/ropercorp.com\/es\/wp-json\/wp\/v2\/pages\/383\/revisions\/566"}],"up":[{"embeddable":true,"href":"https:\/\/ropercorp.com\/es\/wp-json\/wp\/v2\/pages\/114"}],"wp:featuredmedia":[{"embeddable":true,"href":"https:\/\/ropercorp.com\/es\/wp-json\/wp\/v2\/media\/371"}],"wp:attachment":[{"href":"https:\/\/ropercorp.com\/es\/wp-json\/wp\/v2\/media?parent=383"}],"curies":[{"name":"wp","href":"https:\/\/api.w.org\/{rel}","templated":true}]}}