{"id":21,"date":"2021-02-04T23:09:57","date_gmt":"2021-02-05T04:09:57","guid":{"rendered":"http:\/\/ropercorp.com\/about\/"},"modified":"2025-11-17T13:32:17","modified_gmt":"2025-11-17T18:32:17","slug":"about","status":"publish","type":"page","link":"https:\/\/ropercorp.com\/es\/about\/","title":{"rendered":"Acerca de Roper Corporation"},"content":{"rendered":"<div class=\"fl-builder-content fl-builder-content-21 fl-builder-global-templates-locked\" data-post-id=\"21\"><div class=\"fl-row fl-row-fixed-width fl-row-bg-none fl-node-601d35742fae7\" data-node=\"601d35742fae7\">\n\t<div class=\"fl-row-content-wrap\">\n\t\t\t\t\t\t<div class=\"fl-row-content fl-row-fixed-width fl-node-content\">\n\t\t\n<div class=\"fl-col-group fl-node-601d357430149\" data-node=\"601d357430149\">\n\t\t\t<div class=\"fl-col fl-node-601d3574301f3 fl-col-has-cols\" data-node=\"601d3574301f3\">\n\t<div class=\"fl-col-content fl-node-content\">\n\t<div class=\"fl-module fl-module-html fl-node-6026fcf733ba0\" data-node=\"6026fcf733ba0\">\n\t<div class=\"fl-module-content fl-node-content\">\n\t\t<div class=\"fl-html\">\n\t<\/div>\n\t<\/div>\n<\/div>\n\n<div class=\"fl-col-group fl-node-601d36ed81586 fl-col-group-nested\" data-node=\"601d36ed81586\">\n\t\t\t<div class=\"fl-col fl-node-601d36ed8160f\" data-node=\"601d36ed8160f\">\n\t<div class=\"fl-col-content fl-node-content\">\n\t<div class=\"fl-module fl-module-rich-text fl-node-601d36f41af20\" data-node=\"601d36f41af20\">\n\t<div class=\"fl-module-content fl-node-content\">\n\t\t<div class=\"fl-rich-text\">\n\t<p>Roper Corporation es una subsidiaria de propiedad total de <a href=\"https:\/\/geappliancesco.com\/\" target=\"_blank\" rel=\"noopener\">GE Appliances, a Haier company. <\/a>Inaugurada en 1973, Roper es el empleador m\u00e1s grande en el condado de Walker y uno de los empleadores m\u00e1s grandes en el noroeste de Georgia con m\u00e1s de 2,000 empleados.<\/p>\n<p>En junio de 2019, GE Appliances anunci\u00f3 una inversi\u00f3n de $43 millones en Roper Corporation creando 100 puestos nuevos de trabajo. La inversi\u00f3n de 43 millones de d\u00f3lares cre\u00f3 una nueva capacidad de fabricaci\u00f3n y se lanzaron varios productos nuevos de cocina.<\/p>\n<p>Roper produce algunos de los mejores productos de cocina de Estados Unidos, con m\u00e1s de 300 electrodom\u00e9sticos nuevos (desde estufas el\u00e9ctricas independientes hasta hornos de pared y cocinas empotradas en una variedad de acabados y dise\u00f1os) lanzados durante los \u00faltimos dos a\u00f1os. La planta produce productos de cocina para las marcas <a href=\"https:\/\/www.monogram.com\/\" target=\"_blank\" rel=\"noopener\">Monogram\u00ae<\/a>, <a href=\"https:\/\/www.geappliances.com\/\" target=\"_blank\" rel=\"noopener\">GE\u00ae<\/a>, <a href=\"https:\/\/www.geappliances.com\/ge\/profile.htm\" target=\"_blank\" rel=\"noopener\">GE Profile\u2122<\/a> y <a href=\"https:\/\/www.cafeappliances.com\/\" target=\"_blank\" rel=\"noopener\">CAF\u00c9\u2122<\/a> .<\/p>\n<p>Anualmente, Roper gasta $200 millones con proveedores ubicados en Georgia y proporciona m\u00e1s de $ 100 millones en salario y beneficios a los trabajadores de Georgia cada a\u00f1o.<\/p>\n<\/div>\n\t<\/div>\n<\/div>\n\t<\/div>\n<\/div>\n\t\t\t<div class=\"fl-col fl-node-601d36ed81612 fl-col-small\" data-node=\"601d36ed81612\">\n\t<div class=\"fl-col-content fl-node-content\">\n\t<div class=\"fl-module fl-module-rich-text fl-node-601d376de9617\" data-node=\"601d376de9617\">\n\t<div class=\"fl-module-content fl-node-content\">\n\t\t<div class=\"fl-rich-text\">\n\t<p><span style=\"text-decoration: underline; color: #0f426b;\"><a style=\"text-decoration: underline; color: #0f426b;\" href=\"https:\/\/ropercorp.com\/es\/about\/ge-appliances-in-ga\/\">GE Appliance en GA<\/a><\/span><\/p>\n<p><span style=\"text-decoration: underline; color: #0f426b;\"><a style=\"text-decoration: underline; color: #0f426b;\" href=\"https:\/\/ropercorp.com\/es\/about\/wellness-center\/\">Centro de Bienstar<\/a><\/span><\/p>\n<p><span style=\"color: #0f426b;\"><a style=\"color: #0f426b;\" href=\"https:\/\/ropercorp.com\/es\/about\/workforce-culture\/\"><span style=\"text-decoration: underline;\">Fuerza Laboral y Cultura<\/span><\/a><\/span><\/p>\n<p>&nbsp;<\/p>\n<\/div>\n\t<\/div>\n<\/div>\n\t<\/div>\n<\/div>\n\t<\/div>\n\n<div class=\"fl-col-group fl-node-602a7fd78b7dd fl-col-group-nested\" data-node=\"602a7fd78b7dd\">\n\t\t\t<div class=\"fl-col fl-node-602a7fd78b85b fl-col-small\" data-node=\"602a7fd78b85b\">\n\t<div class=\"fl-col-content fl-node-content\">\n\t<div class=\"fl-module fl-module-photo fl-node-602a7fe61dcb9\" data-node=\"602a7fe61dcb9\">\n\t<div class=\"fl-module-content fl-node-content\">\n\t\t<div class=\"fl-photo fl-photo-align-center\" itemscope itemtype=\"https:\/\/schema.org\/ImageObject\">\n\t<div class=\"fl-photo-content fl-photo-img-jpg\">\n\t\t\t\t<img decoding=\"async\" class=\"fl-photo-img wp-image-329 size-full lazyload\" data-src=\"https:\/\/ropercorp.com\/wp-content\/uploads\/2021\/02\/Roper-21.jpg\" alt=\"Appliance assembly area cell in Roper manufacturing plant\" itemprop=\"image\" height=\"600\" width=\"800\" title=\"Slide in Ranges on Mezzanine\" data-srcset=\"https:\/\/ropercorp.com\/wp-content\/uploads\/2021\/02\/Roper-21.jpg 800w, https:\/\/ropercorp.com\/wp-content\/uploads\/2021\/02\/Roper-21-300x225.jpg 300w, https:\/\/ropercorp.com\/wp-content\/uploads\/2021\/02\/Roper-21-768x576.jpg 768w, https:\/\/ropercorp.com\/wp-content\/uploads\/2021\/02\/Roper-21-16x12.jpg 16w\" data-sizes=\"(max-width: 800px) 100vw, 800px\" src=\"data:image\/svg+xml;base64,PHN2ZyB3aWR0aD0iMSIgaGVpZ2h0PSIxIiB4bWxucz0iaHR0cDovL3d3dy53My5vcmcvMjAwMC9zdmciPjwvc3ZnPg==\" style=\"--smush-placeholder-width: 800px; --smush-placeholder-aspect-ratio: 800\/600;\" \/>\n\t\t\t\t\t<\/div>\n\t<\/div>\n\t<\/div>\n<\/div>\n\t<\/div>\n<\/div>\n\t\t\t<div class=\"fl-col fl-node-602a7fd78b85e fl-col-small\" data-node=\"602a7fd78b85e\">\n\t<div class=\"fl-col-content fl-node-content\">\n\t<div class=\"fl-module fl-module-photo fl-node-602a804e795cf\" data-node=\"602a804e795cf\">\n\t<div class=\"fl-module-content fl-node-content\">\n\t\t<div class=\"fl-photo fl-photo-align-center\" itemscope itemtype=\"https:\/\/schema.org\/ImageObject\">\n\t<div class=\"fl-photo-content fl-photo-img-jpg\">\n\t\t\t\t<img decoding=\"async\" class=\"fl-photo-img wp-image-330 size-full lazyload\" data-src=\"https:\/\/ropercorp.com\/wp-content\/uploads\/2021\/02\/Roper-6.jpg\" alt=\"Appliance assembly area cell in Roper manufacturing plant\" itemprop=\"image\" height=\"600\" width=\"800\" title=\"Appliance assembly area cell in Roper manufacturing plant\" data-srcset=\"https:\/\/ropercorp.com\/wp-content\/uploads\/2021\/02\/Roper-6.jpg 800w, https:\/\/ropercorp.com\/wp-content\/uploads\/2021\/02\/Roper-6-300x225.jpg 300w, https:\/\/ropercorp.com\/wp-content\/uploads\/2021\/02\/Roper-6-768x576.jpg 768w, https:\/\/ropercorp.com\/wp-content\/uploads\/2021\/02\/Roper-6-16x12.jpg 16w\" data-sizes=\"(max-width: 800px) 100vw, 800px\" src=\"data:image\/svg+xml;base64,PHN2ZyB3aWR0aD0iMSIgaGVpZ2h0PSIxIiB4bWxucz0iaHR0cDovL3d3dy53My5vcmcvMjAwMC9zdmciPjwvc3ZnPg==\" style=\"--smush-placeholder-width: 800px; --smush-placeholder-aspect-ratio: 800\/600;\" \/>\n\t\t\t\t\t<\/div>\n\t<\/div>\n\t<\/div>\n<\/div>\n\t<\/div>\n<\/div>\n\t\t\t<div class=\"fl-col fl-node-602a7fd78b860 fl-col-small\" data-node=\"602a7fd78b860\">\n\t<div class=\"fl-col-content fl-node-content\">\n\t<div class=\"fl-module fl-module-photo fl-node-602a80ad78308\" data-node=\"602a80ad78308\">\n\t<div class=\"fl-module-content fl-node-content\">\n\t\t<div class=\"fl-photo fl-photo-align-center\" itemscope itemtype=\"https:\/\/schema.org\/ImageObject\">\n\t<div class=\"fl-photo-content fl-photo-img-jpg\">\n\t\t\t\t<img decoding=\"async\" class=\"fl-photo-img wp-image-331 size-full lazyload\" data-src=\"https:\/\/ropercorp.com\/wp-content\/uploads\/2021\/02\/Roper-3.jpg\" alt=\"Outbound shipment staging of ovens, ranges, and cooktops at Roper Corporation in Lafayette, GA\" itemprop=\"image\" height=\"600\" width=\"800\" title=\"Outbound shipment staging of ovens, ranges, and cooktops at Roper Corporation in Lafayette, GA\" data-srcset=\"https:\/\/ropercorp.com\/wp-content\/uploads\/2021\/02\/Roper-3.jpg 800w, https:\/\/ropercorp.com\/wp-content\/uploads\/2021\/02\/Roper-3-300x225.jpg 300w, https:\/\/ropercorp.com\/wp-content\/uploads\/2021\/02\/Roper-3-768x576.jpg 768w, https:\/\/ropercorp.com\/wp-content\/uploads\/2021\/02\/Roper-3-16x12.jpg 16w\" data-sizes=\"(max-width: 800px) 100vw, 800px\" src=\"data:image\/svg+xml;base64,PHN2ZyB3aWR0aD0iMSIgaGVpZ2h0PSIxIiB4bWxucz0iaHR0cDovL3d3dy53My5vcmcvMjAwMC9zdmciPjwvc3ZnPg==\" style=\"--smush-placeholder-width: 800px; --smush-placeholder-aspect-ratio: 800\/600;\" \/>\n\t\t\t\t\t<\/div>\n\t<\/div>\n\t<\/div>\n<\/div>\n\t<\/div>\n<\/div>\n\t<\/div>\n<div class=\"fl-module fl-module-icon fl-node-601f7076caac7\" data-node=\"601f7076caac7\">\n\t<div class=\"fl-module-content fl-node-content\">\n\t\t<div class=\"fl-icon-wrap\">\n\t<span class=\"fl-icon\">\n\t\t\t\t\t\t\t\t<a href=\"https:\/\/ropercorp.com\/es\/\" target=\"_self\" tabindex=\"-1\" aria-hidden=\"true\" aria-labelledby=\"fl-icon-text-601f7076caac7\">\n\t\t\t\t\t\t\t<i class=\"dashicons dashicons-before dashicons-undo\" aria-hidden=\"true\"><\/i>\n\t\t\t\t\t\t<\/a>\n\t\t\t<\/span>\n\t\t\t<div id=\"fl-icon-text-601f7076caac7\" class=\"fl-icon-text\">\n\t\t\t\t\t\t<a href=\"https:\/\/ropercorp.com\/es\/\" target=\"_self\" class=\"fl-icon-text-link fl-icon-text-wrap\">\n\t\t\t\t\t\t<p>Regrese a Casa<\/p>\t\t\t\t\t\t<\/a>\n\t\t\t\t\t<\/div>\n\t<\/div>\n\t<\/div>\n<\/div>\n\t<\/div>\n<\/div>\n\t<\/div>\n\t\t<\/div>\n\t<\/div>\n<\/div>\n<\/div>","protected":false},"excerpt":{"rendered":"<p>Roper Corporation is a wholly-owned subsidiary of GE Appliances, a Haier company. Opened in 1973, Roper is the largest employer in Walker County, and one of the largest employers in &#8230;<\/p>","protected":false},"author":1,"featured_media":371,"parent":0,"menu_order":0,"comment_status":"closed","ping_status":"closed","template":"","meta":{"_coblocks_attr":"","_coblocks_dimensions":"","_coblocks_responsive_height":"","_coblocks_accordion_ie_support":"","_monsterinsights_skip_tracking":false,"_monsterinsights_sitenote_active":false,"_monsterinsights_sitenote_note":"","_monsterinsights_sitenote_category":0,"footnotes":""},"class_list":["post-21","page","type-page","status-publish","has-post-thumbnail","hentry"],"yoast_head":"<!-- This site is optimized with the Yoast SEO plugin v26.3 - https:\/\/yoast.com\/wordpress\/plugins\/seo\/ -->\n<title>About Roper Corporation - Roper Corporation<\/title>\n<meta name=\"robots\" content=\"index, follow, max-snippet:-1, max-image-preview:large, max-video-preview:-1\" \/>\n<link rel=\"canonical\" href=\"https:\/\/ropercorp.com\/es\/about\/\" \/>\n<meta property=\"og:locale\" content=\"es_MX\" \/>\n<meta property=\"og:type\" content=\"article\" \/>\n<meta property=\"og:title\" content=\"About Roper Corporation\" \/>\n<meta property=\"og:description\" content=\"Roper Corporation is a wholly-owned subsidiary of GE Appliances, a Haier company. Opened in 1973, Roper is the largest employer in Walker County, and one of the largest employers in ...\" \/>\n<meta property=\"og:url\" content=\"https:\/\/ropercorp.com\/es\/about\/\" \/>\n<meta property=\"og:site_name\" content=\"Roper Corporation\" \/>\n<meta property=\"article:publisher\" content=\"https:\/\/www.facebook.com\/RoperCorp\" \/>\n<meta property=\"article:modified_time\" content=\"2025-11-17T18:32:17+00:00\" \/>\n<meta property=\"og:image\" content=\"https:\/\/ropercorp.com\/wp-content\/uploads\/2021\/02\/Roper-Corp-Logo-Blue.jpg\" \/>\n\t<meta property=\"og:image:width\" content=\"1200\" \/>\n\t<meta property=\"og:image:height\" content=\"630\" \/>\n\t<meta property=\"og:image:type\" content=\"image\/jpeg\" \/>\n<meta name=\"twitter:card\" content=\"summary_large_image\" \/>\n<meta name=\"twitter:label1\" content=\"Tiempo de lectura\" \/>\n\t<meta name=\"twitter:data1\" content=\"2 minutos\" \/>\n<script type=\"application\/ld+json\" class=\"yoast-schema-graph\">{\"@context\":\"https:\/\/schema.org\",\"@graph\":[{\"@type\":\"WebPage\",\"@id\":\"https:\/\/ropercorp.com\/about\/\",\"url\":\"https:\/\/ropercorp.com\/about\/\",\"name\":\"About Roper Corporation - Roper Corporation\",\"isPartOf\":{\"@id\":\"https:\/\/ropercorp.com\/#website\"},\"primaryImageOfPage\":{\"@id\":\"https:\/\/ropercorp.com\/about\/#primaryimage\"},\"image\":{\"@id\":\"https:\/\/ropercorp.com\/about\/#primaryimage\"},\"thumbnailUrl\":\"https:\/\/ropercorp.com\/wp-content\/uploads\/2021\/02\/Roper-Icon-Square-500.png\",\"datePublished\":\"2021-02-05T04:09:57+00:00\",\"dateModified\":\"2025-11-17T18:32:17+00:00\",\"breadcrumb\":{\"@id\":\"https:\/\/ropercorp.com\/about\/#breadcrumb\"},\"inLanguage\":\"es\",\"potentialAction\":[{\"@type\":\"ReadAction\",\"target\":[\"https:\/\/ropercorp.com\/about\/\"]}]},{\"@type\":\"ImageObject\",\"inLanguage\":\"es\",\"@id\":\"https:\/\/ropercorp.com\/about\/#primaryimage\",\"url\":\"https:\/\/ropercorp.com\/wp-content\/uploads\/2021\/02\/Roper-Icon-Square-500.png\",\"contentUrl\":\"https:\/\/ropercorp.com\/wp-content\/uploads\/2021\/02\/Roper-Icon-Square-500.png\",\"width\":500,\"height\":500,\"caption\":\"Roper Corporation Logo\"},{\"@type\":\"BreadcrumbList\",\"@id\":\"https:\/\/ropercorp.com\/about\/#breadcrumb\",\"itemListElement\":[{\"@type\":\"ListItem\",\"position\":1,\"name\":\"Home\",\"item\":\"https:\/\/ropercorp.com\/\"},{\"@type\":\"ListItem\",\"position\":2,\"name\":\"About Roper Corporation\"}]},{\"@type\":\"WebSite\",\"@id\":\"https:\/\/ropercorp.com\/#website\",\"url\":\"https:\/\/ropercorp.com\/\",\"name\":\"Roper Corporation\",\"description\":\"Roper Corporation Cooking Appliances Manufacturer\",\"publisher\":{\"@id\":\"https:\/\/ropercorp.com\/#organization\"},\"potentialAction\":[{\"@type\":\"SearchAction\",\"target\":{\"@type\":\"EntryPoint\",\"urlTemplate\":\"https:\/\/ropercorp.com\/?s={search_term_string}\"},\"query-input\":{\"@type\":\"PropertyValueSpecification\",\"valueRequired\":true,\"valueName\":\"search_term_string\"}}],\"inLanguage\":\"es\"},{\"@type\":\"Organization\",\"@id\":\"https:\/\/ropercorp.com\/#organization\",\"name\":\"Roper Corporation\",\"url\":\"https:\/\/ropercorp.com\/\",\"logo\":{\"@type\":\"ImageObject\",\"inLanguage\":\"es\",\"@id\":\"https:\/\/ropercorp.com\/#\/schema\/logo\/image\/\",\"url\":\"https:\/\/ropercorp.com\/wp-content\/uploads\/2021\/02\/Roper-Corp-Icon.png\",\"contentUrl\":\"https:\/\/ropercorp.com\/wp-content\/uploads\/2021\/02\/Roper-Corp-Icon.png\",\"width\":502,\"height\":498,\"caption\":\"Roper Corporation\"},\"image\":{\"@id\":\"https:\/\/ropercorp.com\/#\/schema\/logo\/image\/\"},\"sameAs\":[\"https:\/\/www.facebook.com\/RoperCorp\"]}]}<\/script>\n<!-- \/ Yoast SEO plugin. -->","yoast_head_json":{"title":"About Roper Corporation - Roper Corporation","robots":{"index":"index","follow":"follow","max-snippet":"max-snippet:-1","max-image-preview":"max-image-preview:large","max-video-preview":"max-video-preview:-1"},"canonical":"https:\/\/ropercorp.com\/es\/about\/","og_locale":"es_MX","og_type":"article","og_title":"About Roper Corporation","og_description":"Roper Corporation is a wholly-owned subsidiary of GE Appliances, a Haier company. Opened in 1973, Roper is the largest employer in Walker County, and one of the largest employers in ...","og_url":"https:\/\/ropercorp.com\/es\/about\/","og_site_name":"Roper Corporation","article_publisher":"https:\/\/www.facebook.com\/RoperCorp","article_modified_time":"2025-11-17T18:32:17+00:00","og_image":[{"width":1200,"height":630,"url":"https:\/\/ropercorp.com\/wp-content\/uploads\/2021\/02\/Roper-Corp-Logo-Blue.jpg","type":"image\/jpeg"}],"twitter_card":"summary_large_image","twitter_misc":{"Tiempo de lectura":"2 minutos"},"schema":{"@context":"https:\/\/schema.org","@graph":[{"@type":"WebPage","@id":"https:\/\/ropercorp.com\/about\/","url":"https:\/\/ropercorp.com\/about\/","name":"About Roper Corporation - Roper Corporation","isPartOf":{"@id":"https:\/\/ropercorp.com\/#website"},"primaryImageOfPage":{"@id":"https:\/\/ropercorp.com\/about\/#primaryimage"},"image":{"@id":"https:\/\/ropercorp.com\/about\/#primaryimage"},"thumbnailUrl":"https:\/\/ropercorp.com\/wp-content\/uploads\/2021\/02\/Roper-Icon-Square-500.png","datePublished":"2021-02-05T04:09:57+00:00","dateModified":"2025-11-17T18:32:17+00:00","breadcrumb":{"@id":"https:\/\/ropercorp.com\/about\/#breadcrumb"},"inLanguage":"es","potentialAction":[{"@type":"ReadAction","target":["https:\/\/ropercorp.com\/about\/"]}]},{"@type":"ImageObject","inLanguage":"es","@id":"https:\/\/ropercorp.com\/about\/#primaryimage","url":"https:\/\/ropercorp.com\/wp-content\/uploads\/2021\/02\/Roper-Icon-Square-500.png","contentUrl":"https:\/\/ropercorp.com\/wp-content\/uploads\/2021\/02\/Roper-Icon-Square-500.png","width":500,"height":500,"caption":"Roper Corporation Logo"},{"@type":"BreadcrumbList","@id":"https:\/\/ropercorp.com\/about\/#breadcrumb","itemListElement":[{"@type":"ListItem","position":1,"name":"Home","item":"https:\/\/ropercorp.com\/"},{"@type":"ListItem","position":2,"name":"About Roper Corporation"}]},{"@type":"WebSite","@id":"https:\/\/ropercorp.com\/#website","url":"https:\/\/ropercorp.com\/","name":"Roper Corporation","description":"Roper Corporation Cooking Appliances Manufacturer","publisher":{"@id":"https:\/\/ropercorp.com\/#organization"},"potentialAction":[{"@type":"SearchAction","target":{"@type":"EntryPoint","urlTemplate":"https:\/\/ropercorp.com\/?s={search_term_string}"},"query-input":{"@type":"PropertyValueSpecification","valueRequired":true,"valueName":"search_term_string"}}],"inLanguage":"es"},{"@type":"Organization","@id":"https:\/\/ropercorp.com\/#organization","name":"Roper Corporation","url":"https:\/\/ropercorp.com\/","logo":{"@type":"ImageObject","inLanguage":"es","@id":"https:\/\/ropercorp.com\/#\/schema\/logo\/image\/","url":"https:\/\/ropercorp.com\/wp-content\/uploads\/2021\/02\/Roper-Corp-Icon.png","contentUrl":"https:\/\/ropercorp.com\/wp-content\/uploads\/2021\/02\/Roper-Corp-Icon.png","width":502,"height":498,"caption":"Roper Corporation"},"image":{"@id":"https:\/\/ropercorp.com\/#\/schema\/logo\/image\/"},"sameAs":["https:\/\/www.facebook.com\/RoperCorp"]}]}},"_links":{"self":[{"href":"https:\/\/ropercorp.com\/es\/wp-json\/wp\/v2\/pages\/21","targetHints":{"allow":["GET"]}}],"collection":[{"href":"https:\/\/ropercorp.com\/es\/wp-json\/wp\/v2\/pages"}],"about":[{"href":"https:\/\/ropercorp.com\/es\/wp-json\/wp\/v2\/types\/page"}],"author":[{"embeddable":true,"href":"https:\/\/ropercorp.com\/es\/wp-json\/wp\/v2\/users\/1"}],"replies":[{"embeddable":true,"href":"https:\/\/ropercorp.com\/es\/wp-json\/wp\/v2\/comments?post=21"}],"version-history":[{"count":60,"href":"https:\/\/ropercorp.com\/es\/wp-json\/wp\/v2\/pages\/21\/revisions"}],"predecessor-version":[{"id":926,"href":"https:\/\/ropercorp.com\/es\/wp-json\/wp\/v2\/pages\/21\/revisions\/926"}],"wp:featuredmedia":[{"embeddable":true,"href":"https:\/\/ropercorp.com\/es\/wp-json\/wp\/v2\/media\/371"}],"wp:attachment":[{"href":"https:\/\/ropercorp.com\/es\/wp-json\/wp\/v2\/media?parent=21"}],"curies":[{"name":"wp","href":"https:\/\/api.w.org\/{rel}","templated":true}]}}