{"id":134,"date":"2021-02-05T15:48:28","date_gmt":"2021-02-05T20:48:28","guid":{"rendered":"http:\/\/ropercorp.com\/?page_id=134"},"modified":"2021-03-07T15:25:03","modified_gmt":"2021-03-07T20:25:03","slug":"ga-gov-kemp-2019","status":"publish","type":"page","link":"https:\/\/ropercorp.com\/es\/about\/in-the-news\/ga-gov-kemp-2019\/","title":{"rendered":"Desenrollando la Alfombra de Bienvenida al Gobernador Kemp"},"content":{"rendered":"<div class=\"fl-builder-content fl-builder-content-134 fl-builder-global-templates-locked\" data-post-id=\"134\"><div class=\"fl-row fl-row-fixed-width fl-row-bg-none fl-node-601d68b2a32a0\" data-node=\"601d68b2a32a0\">\n\t<div class=\"fl-row-content-wrap\">\n\t\t\t\t\t\t<div class=\"fl-row-content fl-row-fixed-width fl-node-content\">\n\t\t\n<div class=\"fl-col-group fl-node-601d68b2a3edf\" data-node=\"601d68b2a3edf\">\n\t\t\t<div class=\"fl-col fl-node-601d68b2a3f44\" data-node=\"601d68b2a3f44\">\n\t<div class=\"fl-col-content fl-node-content\">\n\t<div class=\"fl-module fl-module-rich-text fl-node-601d68b2a31d8\" data-node=\"601d68b2a31d8\">\n\t<div class=\"fl-module-content fl-node-content\">\n\t\t<div class=\"fl-rich-text\">\n\t<p><strong>LAFAYETTE, GA- 23 de septiembre de 2019 <\/strong>El equipo de cocina de Roper, dirigido por la directora ejecutiva Lois Crandell, recibi\u00f3 recientemente al gobernador de Georgia, Brian Kemp, como parte de su gira Georgia Made. El enfoque de la gira es destacar los proyectos de desarrollo econ\u00f3mico y de fabricaci\u00f3n en todo el estado, incluida nuestra reciente inversi\u00f3n de $ 130 millones en los condados de Walker, Murray y Jackson. Las inversiones de GEA anunciadas en junio incluyen:<\/p>\n<p><img decoding=\"async\" class=\"alignright lazyload\" data-src=\"https:\/\/ropercorp.com\/wp-content\/uploads\/2021\/02\/INT-GovKempTour.jpg\" alt=\"GA Governor Brian Kemp with employees at Roper Corporation during his made in Georgia tour. \" width=\"333\" height=\"222\" src=\"data:image\/svg+xml;base64,PHN2ZyB3aWR0aD0iMSIgaGVpZ2h0PSIxIiB4bWxucz0iaHR0cDovL3d3dy53My5vcmcvMjAwMC9zdmciPjwvc3ZnPg==\" style=\"--smush-placeholder-width: 333px; --smush-placeholder-aspect-ratio: 333\/222;\" \/><\/p>\n<ul>\n<li>$43 millones para expandir la capacidad de producci\u00f3n en Roper creando 100 nuevos empleos en el condado de Walker<\/li>\n<li>Una inversi\u00f3n de $ 32 millones para construir un nuevo Centro de Log\u00edstica del Sur en el condado de Murray que crear\u00e1 100 nuevos puestos de trabajo.<\/li>\n<li>Un nuevo almac\u00e9n inteligente de $ 55 millones que crea 100 nuevos puestos de trabajo en el condado de Jackson<\/li>\n<\/ul>\n<p>\"Somos 2,000 personas y fabricamos m\u00e1s de un mill\u00f3n de productos de cocina al a\u00f1o\", dijo Lois mientras se dirig\u00eda a m\u00e1s de 150 invitados, funcionarios gubernamentales y el equipo de liderazgo de la planta que asisti\u00f3. \"Somos un equipo de fabricaci\u00f3n que cree en ir m\u00e1s all\u00e1 de nuestras barreras y liderar por el bien de la comunidad. Somos ensambladores, trabajadores de mantenimiento, ingenieros, personal de apoyo, gerentes ... todos dedicados a hacer de este uno de los mejores lugares para trabajar en Georgia.\"<\/p>\n<p>Al dirigirse a la multitud, el gobernador Kemp agradeci\u00f3 a GE Appliances por la inversi\u00f3n continua de la compa\u00f1\u00eda en Georgia y la larga asociaci\u00f3n con Roper Corp. \"Gracias a socios corporativos como GE Appliances, estamos viendo una mayor inversi\u00f3n y crecimiento del empleo en cada parte de nuestro estado\". Dijo Kemp. Reforz\u00f3 su compromiso de mantener a Georgia como un estado favorable a los negocios.<\/p>\n<p>Despu\u00e9s del discurso del gobernador, el equipo de Roper hizo una gira por el gobernador y los invitados por las instalaciones, donde recibi\u00f3 una c\u00e1lida bienvenida de los empleados de la planta.<\/p>\n<\/div>\n\t<\/div>\n<\/div>\n\t<\/div>\n<\/div>\n\t<\/div>\n\t\t<\/div>\n\t<\/div>\n<\/div>\n<div class=\"fl-row fl-row-fixed-width fl-row-bg-none fl-node-6025ea6b71d7a\" data-node=\"6025ea6b71d7a\">\n\t<div class=\"fl-row-content-wrap\">\n\t\t\t\t\t\t<div class=\"fl-row-content fl-row-fixed-width fl-node-content\">\n\t\t\n<div class=\"fl-col-group fl-node-6025ea6b74244\" data-node=\"6025ea6b74244\">\n\t\t\t<div class=\"fl-col fl-node-6025ea6b742aa\" data-node=\"6025ea6b742aa\">\n\t<div class=\"fl-col-content fl-node-content\">\n\t<div class=\"fl-module fl-module-icon fl-node-6025ea6b71bab\" data-node=\"6025ea6b71bab\">\n\t<div class=\"fl-module-content fl-node-content\">\n\t\t<div class=\"fl-icon-wrap\">\n\t<span class=\"fl-icon\">\n\t\t\t\t\t\t\t\t<a href=\"javascript:history.back()\" target=\"_self\" tabindex=\"-1\" aria-hidden=\"true\" aria-labelledby=\"fl-icon-text-6025ea6b71bab\">\n\t\t\t\t\t\t\t<i class=\"dashicons dashicons-before dashicons-undo\" aria-hidden=\"true\"><\/i>\n\t\t\t\t\t\t<\/a>\n\t\t\t<\/span>\n\t\t\t<div id=\"fl-icon-text-6025ea6b71bab\" class=\"fl-icon-text\">\n\t\t\t\t\t\t<a href=\"javascript:history.back()\" target=\"_self\" class=\"fl-icon-text-link fl-icon-text-wrap\">\n\t\t\t\t\t\t<p>Regrese<\/p>\t\t\t\t\t\t<\/a>\n\t\t\t\t\t<\/div>\n\t<\/div>\n\t<\/div>\n<\/div>\n\t<\/div>\n<\/div>\n\t<\/div>\n\t\t<\/div>\n\t<\/div>\n<\/div>\n<\/div>","protected":false},"excerpt":{"rendered":"<p>LAFAYETTE, GA- September 23, 2019 The cooking team at Roper, led by Executive Director Lois Crandell, recently hosted Georgia Governor Brian Kemp as part of his Georgia Made tour. The &#8230;<\/p>","protected":false},"author":1,"featured_media":0,"parent":114,"menu_order":0,"comment_status":"closed","ping_status":"closed","template":"","meta":{"_coblocks_attr":"","_coblocks_dimensions":"","_coblocks_responsive_height":"","_coblocks_accordion_ie_support":"","_monsterinsights_skip_tracking":false,"_monsterinsights_sitenote_active":false,"_monsterinsights_sitenote_note":"","_monsterinsights_sitenote_category":0,"footnotes":""},"class_list":["post-134","page","type-page","status-publish","hentry"],"yoast_head":"<!-- This site is optimized with the Yoast SEO plugin v26.3 - https:\/\/yoast.com\/wordpress\/plugins\/seo\/ -->\n<title>Rolling out the Welcome Mat to Governor Kemp - Roper Corporation<\/title>\n<meta name=\"robots\" content=\"index, follow, max-snippet:-1, max-image-preview:large, max-video-preview:-1\" \/>\n<link rel=\"canonical\" href=\"https:\/\/ropercorp.com\/es\/about\/in-the-news\/ga-gov-kemp-2019\/\" \/>\n<meta property=\"og:locale\" content=\"es_MX\" \/>\n<meta property=\"og:type\" content=\"article\" \/>\n<meta property=\"og:title\" content=\"Rolling out the Welcome Mat to Governor Kemp - Roper Corporation\" \/>\n<meta property=\"og:description\" content=\"LAFAYETTE, GA- September 23, 2019 The cooking team at Roper, led by Executive Director Lois Crandell, recently hosted Georgia Governor Brian Kemp as part of his Georgia Made tour. The ...\" \/>\n<meta property=\"og:url\" content=\"https:\/\/ropercorp.com\/es\/about\/in-the-news\/ga-gov-kemp-2019\/\" \/>\n<meta property=\"og:site_name\" content=\"Roper Corporation\" \/>\n<meta property=\"article:publisher\" content=\"https:\/\/www.facebook.com\/RoperCorp\" \/>\n<meta property=\"article:modified_time\" content=\"2021-03-07T20:25:03+00:00\" \/>\n<meta property=\"og:image\" content=\"https:\/\/ropercorp.com\/wp-content\/uploads\/2021\/02\/Roper-Corp-Logo-Full.png\" \/>\n\t<meta property=\"og:image:width\" content=\"1879\" \/>\n\t<meta property=\"og:image:height\" content=\"498\" \/>\n\t<meta property=\"og:image:type\" content=\"image\/png\" \/>\n<meta name=\"twitter:card\" content=\"summary_large_image\" \/>\n<meta name=\"twitter:label1\" content=\"Tiempo de lectura\" \/>\n\t<meta name=\"twitter:data1\" content=\"1 minuto\" \/>\n<script type=\"application\/ld+json\" class=\"yoast-schema-graph\">{\"@context\":\"https:\/\/schema.org\",\"@graph\":[{\"@type\":\"WebPage\",\"@id\":\"https:\/\/ropercorp.com\/about\/in-the-news\/ga-gov-kemp-2019\/\",\"url\":\"https:\/\/ropercorp.com\/about\/in-the-news\/ga-gov-kemp-2019\/\",\"name\":\"Rolling out the Welcome Mat to Governor Kemp - Roper Corporation\",\"isPartOf\":{\"@id\":\"https:\/\/ropercorp.com\/#website\"},\"datePublished\":\"2021-02-05T20:48:28+00:00\",\"dateModified\":\"2021-03-07T20:25:03+00:00\",\"breadcrumb\":{\"@id\":\"https:\/\/ropercorp.com\/about\/in-the-news\/ga-gov-kemp-2019\/#breadcrumb\"},\"inLanguage\":\"es\",\"potentialAction\":[{\"@type\":\"ReadAction\",\"target\":[\"https:\/\/ropercorp.com\/about\/in-the-news\/ga-gov-kemp-2019\/\"]}]},{\"@type\":\"BreadcrumbList\",\"@id\":\"https:\/\/ropercorp.com\/about\/in-the-news\/ga-gov-kemp-2019\/#breadcrumb\",\"itemListElement\":[{\"@type\":\"ListItem\",\"position\":1,\"name\":\"Home\",\"item\":\"https:\/\/ropercorp.com\/\"},{\"@type\":\"ListItem\",\"position\":2,\"name\":\"About Roper Corporation\",\"item\":\"https:\/\/ropercorp.com\/about\/\"},{\"@type\":\"ListItem\",\"position\":3,\"name\":\"In The News\",\"item\":\"https:\/\/ropercorp.com\/about\/in-the-news\/\"},{\"@type\":\"ListItem\",\"position\":4,\"name\":\"Rolling out the Welcome Mat to Governor Kemp\"}]},{\"@type\":\"WebSite\",\"@id\":\"https:\/\/ropercorp.com\/#website\",\"url\":\"https:\/\/ropercorp.com\/\",\"name\":\"Roper Corporation\",\"description\":\"Roper Corporation Cooking Appliances Manufacturer\",\"publisher\":{\"@id\":\"https:\/\/ropercorp.com\/#organization\"},\"potentialAction\":[{\"@type\":\"SearchAction\",\"target\":{\"@type\":\"EntryPoint\",\"urlTemplate\":\"https:\/\/ropercorp.com\/?s={search_term_string}\"},\"query-input\":{\"@type\":\"PropertyValueSpecification\",\"valueRequired\":true,\"valueName\":\"search_term_string\"}}],\"inLanguage\":\"es\"},{\"@type\":\"Organization\",\"@id\":\"https:\/\/ropercorp.com\/#organization\",\"name\":\"Roper Corporation\",\"url\":\"https:\/\/ropercorp.com\/\",\"logo\":{\"@type\":\"ImageObject\",\"inLanguage\":\"es\",\"@id\":\"https:\/\/ropercorp.com\/#\/schema\/logo\/image\/\",\"url\":\"https:\/\/ropercorp.com\/wp-content\/uploads\/2021\/02\/Roper-Corp-Icon.png\",\"contentUrl\":\"https:\/\/ropercorp.com\/wp-content\/uploads\/2021\/02\/Roper-Corp-Icon.png\",\"width\":502,\"height\":498,\"caption\":\"Roper Corporation\"},\"image\":{\"@id\":\"https:\/\/ropercorp.com\/#\/schema\/logo\/image\/\"},\"sameAs\":[\"https:\/\/www.facebook.com\/RoperCorp\"]}]}<\/script>\n<!-- \/ Yoast SEO plugin. -->","yoast_head_json":{"title":"Rolling out the Welcome Mat to Governor Kemp - Roper Corporation","robots":{"index":"index","follow":"follow","max-snippet":"max-snippet:-1","max-image-preview":"max-image-preview:large","max-video-preview":"max-video-preview:-1"},"canonical":"https:\/\/ropercorp.com\/es\/about\/in-the-news\/ga-gov-kemp-2019\/","og_locale":"es_MX","og_type":"article","og_title":"Rolling out the Welcome Mat to Governor Kemp - Roper Corporation","og_description":"LAFAYETTE, GA- September 23, 2019 The cooking team at Roper, led by Executive Director Lois Crandell, recently hosted Georgia Governor Brian Kemp as part of his Georgia Made tour. The ...","og_url":"https:\/\/ropercorp.com\/es\/about\/in-the-news\/ga-gov-kemp-2019\/","og_site_name":"Roper Corporation","article_publisher":"https:\/\/www.facebook.com\/RoperCorp","article_modified_time":"2021-03-07T20:25:03+00:00","og_image":[{"width":1879,"height":498,"url":"https:\/\/ropercorp.com\/wp-content\/uploads\/2021\/02\/Roper-Corp-Logo-Full.png","type":"image\/png"}],"twitter_card":"summary_large_image","twitter_misc":{"Tiempo de lectura":"1 minuto"},"schema":{"@context":"https:\/\/schema.org","@graph":[{"@type":"WebPage","@id":"https:\/\/ropercorp.com\/about\/in-the-news\/ga-gov-kemp-2019\/","url":"https:\/\/ropercorp.com\/about\/in-the-news\/ga-gov-kemp-2019\/","name":"Rolling out the Welcome Mat to Governor Kemp - Roper Corporation","isPartOf":{"@id":"https:\/\/ropercorp.com\/#website"},"datePublished":"2021-02-05T20:48:28+00:00","dateModified":"2021-03-07T20:25:03+00:00","breadcrumb":{"@id":"https:\/\/ropercorp.com\/about\/in-the-news\/ga-gov-kemp-2019\/#breadcrumb"},"inLanguage":"es","potentialAction":[{"@type":"ReadAction","target":["https:\/\/ropercorp.com\/about\/in-the-news\/ga-gov-kemp-2019\/"]}]},{"@type":"BreadcrumbList","@id":"https:\/\/ropercorp.com\/about\/in-the-news\/ga-gov-kemp-2019\/#breadcrumb","itemListElement":[{"@type":"ListItem","position":1,"name":"Home","item":"https:\/\/ropercorp.com\/"},{"@type":"ListItem","position":2,"name":"About Roper Corporation","item":"https:\/\/ropercorp.com\/about\/"},{"@type":"ListItem","position":3,"name":"In The News","item":"https:\/\/ropercorp.com\/about\/in-the-news\/"},{"@type":"ListItem","position":4,"name":"Rolling out the Welcome Mat to Governor Kemp"}]},{"@type":"WebSite","@id":"https:\/\/ropercorp.com\/#website","url":"https:\/\/ropercorp.com\/","name":"Roper Corporation","description":"Roper Corporation Cooking Appliances Manufacturer","publisher":{"@id":"https:\/\/ropercorp.com\/#organization"},"potentialAction":[{"@type":"SearchAction","target":{"@type":"EntryPoint","urlTemplate":"https:\/\/ropercorp.com\/?s={search_term_string}"},"query-input":{"@type":"PropertyValueSpecification","valueRequired":true,"valueName":"search_term_string"}}],"inLanguage":"es"},{"@type":"Organization","@id":"https:\/\/ropercorp.com\/#organization","name":"Roper Corporation","url":"https:\/\/ropercorp.com\/","logo":{"@type":"ImageObject","inLanguage":"es","@id":"https:\/\/ropercorp.com\/#\/schema\/logo\/image\/","url":"https:\/\/ropercorp.com\/wp-content\/uploads\/2021\/02\/Roper-Corp-Icon.png","contentUrl":"https:\/\/ropercorp.com\/wp-content\/uploads\/2021\/02\/Roper-Corp-Icon.png","width":502,"height":498,"caption":"Roper Corporation"},"image":{"@id":"https:\/\/ropercorp.com\/#\/schema\/logo\/image\/"},"sameAs":["https:\/\/www.facebook.com\/RoperCorp"]}]}},"_links":{"self":[{"href":"https:\/\/ropercorp.com\/es\/wp-json\/wp\/v2\/pages\/134","targetHints":{"allow":["GET"]}}],"collection":[{"href":"https:\/\/ropercorp.com\/es\/wp-json\/wp\/v2\/pages"}],"about":[{"href":"https:\/\/ropercorp.com\/es\/wp-json\/wp\/v2\/types\/page"}],"author":[{"embeddable":true,"href":"https:\/\/ropercorp.com\/es\/wp-json\/wp\/v2\/users\/1"}],"replies":[{"embeddable":true,"href":"https:\/\/ropercorp.com\/es\/wp-json\/wp\/v2\/comments?post=134"}],"version-history":[{"count":6,"href":"https:\/\/ropercorp.com\/es\/wp-json\/wp\/v2\/pages\/134\/revisions"}],"predecessor-version":[{"id":621,"href":"https:\/\/ropercorp.com\/es\/wp-json\/wp\/v2\/pages\/134\/revisions\/621"}],"up":[{"embeddable":true,"href":"https:\/\/ropercorp.com\/es\/wp-json\/wp\/v2\/pages\/114"}],"wp:attachment":[{"href":"https:\/\/ropercorp.com\/es\/wp-json\/wp\/v2\/media?parent=134"}],"curies":[{"name":"wp","href":"https:\/\/api.w.org\/{rel}","templated":true}]}}