{"id":110,"date":"2021-02-05T14:59:47","date_gmt":"2021-02-05T19:59:47","guid":{"rendered":"http:\/\/ropercorp.com\/?page_id=110"},"modified":"2025-11-17T13:34:11","modified_gmt":"2025-11-17T18:34:11","slug":"workforce-culture","status":"publish","type":"page","link":"https:\/\/ropercorp.com\/es\/about\/workforce-culture\/","title":{"rendered":"Fuerza Laboral y Cultura"},"content":{"rendered":"<div class=\"fl-builder-content fl-builder-content-110 fl-builder-global-templates-locked\" data-post-id=\"110\"><div class=\"fl-row fl-row-fixed-width fl-row-bg-none fl-node-601d5bf82ed54\" data-node=\"601d5bf82ed54\">\n\t<div class=\"fl-row-content-wrap\">\n\t\t\t\t\t\t<div class=\"fl-row-content fl-row-fixed-width fl-node-content\">\n\t\t\n<div class=\"fl-col-group fl-node-601d5bf82fc94\" data-node=\"601d5bf82fc94\">\n\t\t\t<div class=\"fl-col fl-node-601d5bf82fceb fl-col-has-cols\" data-node=\"601d5bf82fceb\">\n\t<div class=\"fl-col-content fl-node-content\">\n\t<div class=\"fl-module fl-module-rich-text fl-node-601d5c096771f\" data-node=\"601d5c096771f\">\n\t<div class=\"fl-module-content fl-node-content\">\n\t\t<div class=\"fl-rich-text\">\n\t<p>Generaciones de familias han trabajado para Roper Corporation. Sabemos que la comunidad es nuestra fuerza laboral futura y queremos hacer nuestra parte hoy para crear los empleados del ma\u00f1ana.<\/p>\n<p>Creemos firmemente en retribuir a las comunidades en las que vivimos y trabajamos. Aqu\u00ed est\u00e1n algunos ejemplos:<\/p>\n<p><a href=\"https:\/\/ropercorp.com\/es\/about\/workforce-culture\/committed-to-where-we-live-and-work\/\">Donaciones para apoyar a nuestra comunidad <\/a>\u00a0see how we have engaged our community during COVID-19 pandemic<\/p>\n<p><a href=\"https:\/\/ropercorp.com\/es\/about\/workforce-culture\/an-affinity-for-the-community\/\">Una afinidad por la comunidad<\/a>: aprenda c\u00f3mo nuestros grupos de afinidad gu\u00edan a los ni\u00f1os en el \u00e1rea tri-estatal<\/p>\n<p><a href=\"https:\/\/ropercorp.com\/es\/about\/workforce-culture\/opening-the-door-to-stem\/\">Abriendo las puertas de la planta a STEM<\/a>: m\u00e1s de 1.500 estudiantes han aprendido c\u00f3mo se usa STEM en las plantas, gracias a un empleado<\/p>\n<p><a href=\"https:\/\/ropercorp.com\/es\/about\/workforce-culture\/educational-reimbursement\/\">Programa de reembolso educativo:<\/a> el programa de reembolso de matr\u00edcula de Roper permiti\u00f3 a la empleada Carolyn Berry obtener tres t\u00edtulos y avanzar en su carrera desde la l\u00ednea de montaje hasta la gerencia<\/p>\n<p><a href=\"https:\/\/ropercorp.com\/es\/about\/workforce-culture\/opportunities\/\">Endless Opportunities for Growth:<\/a> Three generations of the Ware family have pursued opportunities for growth at Roper Corporation.<\/p>\n<\/div>\n\t<\/div>\n<\/div>\n\n<div class=\"fl-col-group fl-node-603e94e06047c fl-col-group-nested\" data-node=\"603e94e06047c\">\n\t\t\t<div class=\"fl-col fl-node-603e94e060503 fl-col-small\" data-node=\"603e94e060503\">\n\t<div class=\"fl-col-content fl-node-content\">\n\t<div class=\"fl-module fl-module-photo fl-node-603e94fbe1ad4\" data-node=\"603e94fbe1ad4\">\n\t<div class=\"fl-module-content fl-node-content\">\n\t\t<div class=\"fl-photo fl-photo-align-center\" itemscope itemtype=\"https:\/\/schema.org\/ImageObject\">\n\t<div class=\"fl-photo-content fl-photo-img-jpg\">\n\t\t\t\t<img decoding=\"async\" class=\"fl-photo-img wp-image-558 size-full lazyload\" data-src=\"https:\/\/ropercorp.com\/wp-content\/uploads\/2021\/03\/Photo2-Crossover.jpg\" alt=\"Roper Manufacturing Plant\" itemprop=\"image\" height=\"367\" width=\"550\" title=\"Roper Manufacturing Plant\" data-srcset=\"https:\/\/ropercorp.com\/wp-content\/uploads\/2021\/03\/Photo2-Crossover.jpg 550w, https:\/\/ropercorp.com\/wp-content\/uploads\/2021\/03\/Photo2-Crossover-300x200.jpg 300w, https:\/\/ropercorp.com\/wp-content\/uploads\/2021\/03\/Photo2-Crossover-16x12.jpg 16w\" data-sizes=\"(max-width: 550px) 100vw, 550px\" src=\"data:image\/svg+xml;base64,PHN2ZyB3aWR0aD0iMSIgaGVpZ2h0PSIxIiB4bWxucz0iaHR0cDovL3d3dy53My5vcmcvMjAwMC9zdmciPjwvc3ZnPg==\" style=\"--smush-placeholder-width: 550px; --smush-placeholder-aspect-ratio: 550\/367;\" \/>\n\t\t\t\t\t<\/div>\n\t<\/div>\n\t<\/div>\n<\/div>\n\t<\/div>\n<\/div>\n\t\t\t<div class=\"fl-col fl-node-603e94e06050d fl-col-small\" data-node=\"603e94e06050d\">\n\t<div class=\"fl-col-content fl-node-content\">\n\t<div class=\"fl-module fl-module-photo fl-node-603e95326084f\" data-node=\"603e95326084f\">\n\t<div class=\"fl-module-content fl-node-content\">\n\t\t<div class=\"fl-photo fl-photo-align-center\" itemscope itemtype=\"https:\/\/schema.org\/ImageObject\">\n\t<div class=\"fl-photo-content fl-photo-img-jpg\">\n\t\t\t\t<img decoding=\"async\" class=\"fl-photo-img wp-image-559 size-full lazyload\" data-src=\"https:\/\/ropercorp.com\/wp-content\/uploads\/2021\/03\/Photo1-Elements.jpg\" alt=\"Roper Manufacturing Plant\" itemprop=\"image\" height=\"367\" width=\"550\" title=\"Roper Manufacturing Plant\" data-srcset=\"https:\/\/ropercorp.com\/wp-content\/uploads\/2021\/03\/Photo1-Elements.jpg 550w, https:\/\/ropercorp.com\/wp-content\/uploads\/2021\/03\/Photo1-Elements-300x200.jpg 300w, https:\/\/ropercorp.com\/wp-content\/uploads\/2021\/03\/Photo1-Elements-16x12.jpg 16w\" data-sizes=\"(max-width: 550px) 100vw, 550px\" src=\"data:image\/svg+xml;base64,PHN2ZyB3aWR0aD0iMSIgaGVpZ2h0PSIxIiB4bWxucz0iaHR0cDovL3d3dy53My5vcmcvMjAwMC9zdmciPjwvc3ZnPg==\" style=\"--smush-placeholder-width: 550px; --smush-placeholder-aspect-ratio: 550\/367;\" \/>\n\t\t\t\t\t<\/div>\n\t<\/div>\n\t<\/div>\n<\/div>\n\t<\/div>\n<\/div>\n\t<\/div>\n\t<\/div>\n<\/div>\n\t\t\t<div class=\"fl-col fl-node-601d5bf82fcee fl-col-small\" data-node=\"601d5bf82fcee\">\n\t<div class=\"fl-col-content fl-node-content\">\n\t<div class=\"fl-module fl-module-rich-text fl-node-601d5ff1b699c\" data-node=\"601d5ff1b699c\">\n\t<div class=\"fl-module-content fl-node-content\">\n\t\t<div class=\"fl-rich-text\">\n\t<p><span style=\"text-decoration: underline; color: #0f426b;\"><a style=\"text-decoration: underline; color: #0f426b;\" href=\"https:\/\/ropercorp.com\/es\/about\/ge-appliances-in-ga\/\">GE Appliance en GA<\/a><\/span><\/p>\n<p><span style=\"text-decoration: underline; color: #0f426b;\"><a style=\"text-decoration: underline; color: #0f426b;\" href=\"https:\/\/ropercorp.com\/es\/about\/wellness-center\/\">Centro de Bienstar<\/a><\/span><\/p>\n<p><span style=\"color: #0f426b;\"><a style=\"color: #0f426b;\" href=\"https:\/\/ropercorp.com\/es\/about\/workforce-culture\/\"><span style=\"text-decoration: underline;\">Fuerza Laboral y Cultura<\/span><\/a><\/span><\/p>\n<\/div>\n\t<\/div>\n<\/div>\n\t<\/div>\n<\/div>\n\t<\/div>\n\n<div class=\"fl-col-group fl-node-601f7273a837b\" data-node=\"601f7273a837b\">\n\t\t\t<div class=\"fl-col fl-node-601f7273a83f2\" data-node=\"601f7273a83f2\">\n\t<div class=\"fl-col-content fl-node-content\">\n\t<div class=\"fl-module fl-module-icon fl-node-601f7273a833c\" data-node=\"601f7273a833c\">\n\t<div class=\"fl-module-content fl-node-content\">\n\t\t<div class=\"fl-icon-wrap\">\n\t<span class=\"fl-icon\">\n\t\t\t\t\t\t\t\t<a href=\"javascript:history.back()\" target=\"_self\" tabindex=\"-1\" aria-hidden=\"true\" aria-labelledby=\"fl-icon-text-601f7273a833c\">\n\t\t\t\t\t\t\t<i class=\"dashicons dashicons-before dashicons-undo\" aria-hidden=\"true\"><\/i>\n\t\t\t\t\t\t<\/a>\n\t\t\t<\/span>\n\t\t\t<div id=\"fl-icon-text-601f7273a833c\" class=\"fl-icon-text\">\n\t\t\t\t\t\t<a href=\"javascript:history.back()\" target=\"_self\" class=\"fl-icon-text-link fl-icon-text-wrap\">\n\t\t\t\t\t\t<p>Regrese<\/p>\t\t\t\t\t\t<\/a>\n\t\t\t\t\t<\/div>\n\t<\/div>\n\t<\/div>\n<\/div>\n\t<\/div>\n<\/div>\n\t<\/div>\n\t\t<\/div>\n\t<\/div>\n<\/div>\n<\/div>","protected":false},"excerpt":{"rendered":"<p>Generations of families have worked for Roper Corporation. We know the community is our future workforce and want to do our part today to create employees of tomorrow. We believe &#8230;<\/p>","protected":false},"author":1,"featured_media":0,"parent":21,"menu_order":0,"comment_status":"closed","ping_status":"closed","template":"","meta":{"_coblocks_attr":"","_coblocks_dimensions":"","_coblocks_responsive_height":"","_coblocks_accordion_ie_support":"","_monsterinsights_skip_tracking":false,"_monsterinsights_sitenote_active":false,"_monsterinsights_sitenote_note":"","_monsterinsights_sitenote_category":0,"footnotes":""},"class_list":["post-110","page","type-page","status-publish","hentry"],"yoast_head":"<!-- This site is optimized with the Yoast SEO plugin v26.3 - https:\/\/yoast.com\/wordpress\/plugins\/seo\/ -->\n<title>Workforce &amp; Culture - Roper Corporation<\/title>\n<meta name=\"robots\" content=\"index, follow, max-snippet:-1, max-image-preview:large, max-video-preview:-1\" \/>\n<link rel=\"canonical\" href=\"https:\/\/ropercorp.com\/es\/about\/workforce-culture\/\" \/>\n<meta property=\"og:locale\" content=\"es_MX\" \/>\n<meta property=\"og:type\" content=\"article\" \/>\n<meta property=\"og:title\" content=\"Workforce &amp; Culture - Roper Corporation\" \/>\n<meta property=\"og:description\" content=\"Generations of families have worked for Roper Corporation. We know the community is our future workforce and want to do our part today to create employees of tomorrow. We believe ...\" \/>\n<meta property=\"og:url\" content=\"https:\/\/ropercorp.com\/es\/about\/workforce-culture\/\" \/>\n<meta property=\"og:site_name\" content=\"Roper Corporation\" \/>\n<meta property=\"article:publisher\" content=\"https:\/\/www.facebook.com\/RoperCorp\" \/>\n<meta property=\"article:modified_time\" content=\"2025-11-17T18:34:11+00:00\" \/>\n<meta property=\"og:image\" content=\"https:\/\/ropercorp.com\/wp-content\/uploads\/2021\/03\/Photo2-Crossover.jpg\" \/>\n<meta name=\"twitter:card\" content=\"summary_large_image\" \/>\n<meta name=\"twitter:label1\" content=\"Tiempo de lectura\" \/>\n\t<meta name=\"twitter:data1\" content=\"1 minuto\" \/>\n<script type=\"application\/ld+json\" class=\"yoast-schema-graph\">{\"@context\":\"https:\/\/schema.org\",\"@graph\":[{\"@type\":\"WebPage\",\"@id\":\"https:\/\/ropercorp.com\/about\/workforce-culture\/\",\"url\":\"https:\/\/ropercorp.com\/about\/workforce-culture\/\",\"name\":\"Workforce & Culture - Roper Corporation\",\"isPartOf\":{\"@id\":\"https:\/\/ropercorp.com\/#website\"},\"primaryImageOfPage\":{\"@id\":\"https:\/\/ropercorp.com\/about\/workforce-culture\/#primaryimage\"},\"image\":{\"@id\":\"https:\/\/ropercorp.com\/about\/workforce-culture\/#primaryimage\"},\"thumbnailUrl\":\"https:\/\/ropercorp.com\/wp-content\/uploads\/2021\/03\/Photo2-Crossover.jpg\",\"datePublished\":\"2021-02-05T19:59:47+00:00\",\"dateModified\":\"2025-11-17T18:34:11+00:00\",\"breadcrumb\":{\"@id\":\"https:\/\/ropercorp.com\/about\/workforce-culture\/#breadcrumb\"},\"inLanguage\":\"es\",\"potentialAction\":[{\"@type\":\"ReadAction\",\"target\":[\"https:\/\/ropercorp.com\/about\/workforce-culture\/\"]}]},{\"@type\":\"ImageObject\",\"inLanguage\":\"es\",\"@id\":\"https:\/\/ropercorp.com\/about\/workforce-culture\/#primaryimage\",\"url\":\"https:\/\/ropercorp.com\/wp-content\/uploads\/2021\/03\/Photo2-Crossover.jpg\",\"contentUrl\":\"https:\/\/ropercorp.com\/wp-content\/uploads\/2021\/03\/Photo2-Crossover.jpg\"},{\"@type\":\"BreadcrumbList\",\"@id\":\"https:\/\/ropercorp.com\/about\/workforce-culture\/#breadcrumb\",\"itemListElement\":[{\"@type\":\"ListItem\",\"position\":1,\"name\":\"Home\",\"item\":\"https:\/\/ropercorp.com\/\"},{\"@type\":\"ListItem\",\"position\":2,\"name\":\"About Roper Corporation\",\"item\":\"https:\/\/ropercorp.com\/about\/\"},{\"@type\":\"ListItem\",\"position\":3,\"name\":\"Workforce &#038; Culture\"}]},{\"@type\":\"WebSite\",\"@id\":\"https:\/\/ropercorp.com\/#website\",\"url\":\"https:\/\/ropercorp.com\/\",\"name\":\"Roper Corporation\",\"description\":\"Roper Corporation Cooking Appliances Manufacturer\",\"publisher\":{\"@id\":\"https:\/\/ropercorp.com\/#organization\"},\"potentialAction\":[{\"@type\":\"SearchAction\",\"target\":{\"@type\":\"EntryPoint\",\"urlTemplate\":\"https:\/\/ropercorp.com\/?s={search_term_string}\"},\"query-input\":{\"@type\":\"PropertyValueSpecification\",\"valueRequired\":true,\"valueName\":\"search_term_string\"}}],\"inLanguage\":\"es\"},{\"@type\":\"Organization\",\"@id\":\"https:\/\/ropercorp.com\/#organization\",\"name\":\"Roper Corporation\",\"url\":\"https:\/\/ropercorp.com\/\",\"logo\":{\"@type\":\"ImageObject\",\"inLanguage\":\"es\",\"@id\":\"https:\/\/ropercorp.com\/#\/schema\/logo\/image\/\",\"url\":\"https:\/\/ropercorp.com\/wp-content\/uploads\/2021\/02\/Roper-Corp-Icon.png\",\"contentUrl\":\"https:\/\/ropercorp.com\/wp-content\/uploads\/2021\/02\/Roper-Corp-Icon.png\",\"width\":502,\"height\":498,\"caption\":\"Roper Corporation\"},\"image\":{\"@id\":\"https:\/\/ropercorp.com\/#\/schema\/logo\/image\/\"},\"sameAs\":[\"https:\/\/www.facebook.com\/RoperCorp\"]}]}<\/script>\n<!-- \/ Yoast SEO plugin. -->","yoast_head_json":{"title":"Workforce & Culture - Roper Corporation","robots":{"index":"index","follow":"follow","max-snippet":"max-snippet:-1","max-image-preview":"max-image-preview:large","max-video-preview":"max-video-preview:-1"},"canonical":"https:\/\/ropercorp.com\/es\/about\/workforce-culture\/","og_locale":"es_MX","og_type":"article","og_title":"Workforce & Culture - Roper Corporation","og_description":"Generations of families have worked for Roper Corporation. We know the community is our future workforce and want to do our part today to create employees of tomorrow. We believe ...","og_url":"https:\/\/ropercorp.com\/es\/about\/workforce-culture\/","og_site_name":"Roper Corporation","article_publisher":"https:\/\/www.facebook.com\/RoperCorp","article_modified_time":"2025-11-17T18:34:11+00:00","og_image":[{"url":"https:\/\/ropercorp.com\/wp-content\/uploads\/2021\/03\/Photo2-Crossover.jpg","type":"","width":"","height":""}],"twitter_card":"summary_large_image","twitter_misc":{"Tiempo de lectura":"1 minuto"},"schema":{"@context":"https:\/\/schema.org","@graph":[{"@type":"WebPage","@id":"https:\/\/ropercorp.com\/about\/workforce-culture\/","url":"https:\/\/ropercorp.com\/about\/workforce-culture\/","name":"Workforce & Culture - Roper Corporation","isPartOf":{"@id":"https:\/\/ropercorp.com\/#website"},"primaryImageOfPage":{"@id":"https:\/\/ropercorp.com\/about\/workforce-culture\/#primaryimage"},"image":{"@id":"https:\/\/ropercorp.com\/about\/workforce-culture\/#primaryimage"},"thumbnailUrl":"https:\/\/ropercorp.com\/wp-content\/uploads\/2021\/03\/Photo2-Crossover.jpg","datePublished":"2021-02-05T19:59:47+00:00","dateModified":"2025-11-17T18:34:11+00:00","breadcrumb":{"@id":"https:\/\/ropercorp.com\/about\/workforce-culture\/#breadcrumb"},"inLanguage":"es","potentialAction":[{"@type":"ReadAction","target":["https:\/\/ropercorp.com\/about\/workforce-culture\/"]}]},{"@type":"ImageObject","inLanguage":"es","@id":"https:\/\/ropercorp.com\/about\/workforce-culture\/#primaryimage","url":"https:\/\/ropercorp.com\/wp-content\/uploads\/2021\/03\/Photo2-Crossover.jpg","contentUrl":"https:\/\/ropercorp.com\/wp-content\/uploads\/2021\/03\/Photo2-Crossover.jpg"},{"@type":"BreadcrumbList","@id":"https:\/\/ropercorp.com\/about\/workforce-culture\/#breadcrumb","itemListElement":[{"@type":"ListItem","position":1,"name":"Home","item":"https:\/\/ropercorp.com\/"},{"@type":"ListItem","position":2,"name":"About Roper Corporation","item":"https:\/\/ropercorp.com\/about\/"},{"@type":"ListItem","position":3,"name":"Workforce &#038; Culture"}]},{"@type":"WebSite","@id":"https:\/\/ropercorp.com\/#website","url":"https:\/\/ropercorp.com\/","name":"Roper Corporation","description":"Roper Corporation Cooking Appliances Manufacturer","publisher":{"@id":"https:\/\/ropercorp.com\/#organization"},"potentialAction":[{"@type":"SearchAction","target":{"@type":"EntryPoint","urlTemplate":"https:\/\/ropercorp.com\/?s={search_term_string}"},"query-input":{"@type":"PropertyValueSpecification","valueRequired":true,"valueName":"search_term_string"}}],"inLanguage":"es"},{"@type":"Organization","@id":"https:\/\/ropercorp.com\/#organization","name":"Roper Corporation","url":"https:\/\/ropercorp.com\/","logo":{"@type":"ImageObject","inLanguage":"es","@id":"https:\/\/ropercorp.com\/#\/schema\/logo\/image\/","url":"https:\/\/ropercorp.com\/wp-content\/uploads\/2021\/02\/Roper-Corp-Icon.png","contentUrl":"https:\/\/ropercorp.com\/wp-content\/uploads\/2021\/02\/Roper-Corp-Icon.png","width":502,"height":498,"caption":"Roper Corporation"},"image":{"@id":"https:\/\/ropercorp.com\/#\/schema\/logo\/image\/"},"sameAs":["https:\/\/www.facebook.com\/RoperCorp"]}]}},"_links":{"self":[{"href":"https:\/\/ropercorp.com\/es\/wp-json\/wp\/v2\/pages\/110","targetHints":{"allow":["GET"]}}],"collection":[{"href":"https:\/\/ropercorp.com\/es\/wp-json\/wp\/v2\/pages"}],"about":[{"href":"https:\/\/ropercorp.com\/es\/wp-json\/wp\/v2\/types\/page"}],"author":[{"embeddable":true,"href":"https:\/\/ropercorp.com\/es\/wp-json\/wp\/v2\/users\/1"}],"replies":[{"embeddable":true,"href":"https:\/\/ropercorp.com\/es\/wp-json\/wp\/v2\/comments?post=110"}],"version-history":[{"count":20,"href":"https:\/\/ropercorp.com\/es\/wp-json\/wp\/v2\/pages\/110\/revisions"}],"predecessor-version":[{"id":929,"href":"https:\/\/ropercorp.com\/es\/wp-json\/wp\/v2\/pages\/110\/revisions\/929"}],"up":[{"embeddable":true,"href":"https:\/\/ropercorp.com\/es\/wp-json\/wp\/v2\/pages\/21"}],"wp:attachment":[{"href":"https:\/\/ropercorp.com\/es\/wp-json\/wp\/v2\/media?parent=110"}],"curies":[{"name":"wp","href":"https:\/\/api.w.org\/{rel}","templated":true}]}}