{"id":107,"date":"2021-02-05T14:52:40","date_gmt":"2021-02-05T19:52:40","guid":{"rendered":"http:\/\/ropercorp.com\/?page_id=107"},"modified":"2021-03-26T14:48:15","modified_gmt":"2021-03-26T18:48:15","slug":"educational-reimbursement","status":"publish","type":"page","link":"https:\/\/ropercorp.com\/es\/about\/workforce-culture\/educational-reimbursement\/","title":{"rendered":"Educational Reimbursement Program"},"content":{"rendered":"<div class=\"fl-builder-content fl-builder-content-107 fl-builder-global-templates-locked\" data-post-id=\"107\"><div class=\"fl-row fl-row-fixed-width fl-row-bg-none fl-node-601d5b47143ae\" data-node=\"601d5b47143ae\">\n\t<div class=\"fl-row-content-wrap\">\n\t\t\t\t\t\t<div class=\"fl-row-content fl-row-fixed-width fl-node-content\">\n\t\t\n<div class=\"fl-col-group fl-node-601d5b623fc2c\" data-node=\"601d5b623fc2c\">\n\t\t\t<div class=\"fl-col fl-node-601d5b623fc8f\" data-node=\"601d5b623fc8f\">\n\t<div class=\"fl-col-content fl-node-content\">\n\t<div class=\"fl-module fl-module-rich-text fl-node-601d5b623fbf0\" data-node=\"601d5b623fbf0\">\n\t<div class=\"fl-module-content fl-node-content\">\n\t\t<div class=\"fl-rich-text\">\n\t<h1 class=\"entry-title\"><span style=\"color: #0f426b; font-size: 26px;\">Carolyn Berry, educada sobre las oportunidades<\/span><\/h1>\n<\/div>\n\t<\/div>\n<\/div>\n\t<\/div>\n<\/div>\n\t<\/div>\n\n<div class=\"fl-col-group fl-node-601d5b47154db\" data-node=\"601d5b47154db\">\n\t\t\t<div class=\"fl-col fl-node-601d5b4715533\" data-node=\"601d5b4715533\">\n\t<div class=\"fl-col-content fl-node-content\">\n\t<div class=\"fl-module fl-module-rich-text fl-node-601d5b47142c5\" data-node=\"601d5b47142c5\">\n\t<div class=\"fl-module-content fl-node-content\">\n\t\t<div class=\"fl-rich-text\">\n\t<p>Desde 1990, Carolyn Berry ha ocupado 14 posiciones diferentes dentro de Roper Corporation, una filial de propiedad completa de GE Appliances (GEA) en LaFayette, GA. Comenz\u00f3 su carrera con la compa\u00f1\u00eda trabajando en la l\u00ednea como operadora de la l\u00ednea de montaje y hoy es una coach de principios lean en Appliance Park en Louisville. Aunque no hay duda de que el duro trabajo impuls\u00f3 a Carolyn a lo largo de su trayectoria profesional, tambi\u00e9n atribuye el programa de reembolso educativo de GEA y Roper por su \u00e9xito. \"Si no hubiera vuelto a la universidad y hubiera recibido mi t\u00edtulo, no habr\u00eda tenido las oportunidades de avanzar\", dijo Berry. \"Todos los trabajos para puestos de trabajo requieren una educaci\u00f3n universitaria.\" Berry utiliz\u00f3 el programa de reembolso educativo para obtener un titulo de Asociado de ciencias administrativas y desarrollo de supervisor, y una Licenciatura en Ciencias y una Maestr\u00eda Ejecutiva en Administraci\u00f3n de Empresas.<\/p>\n<div class=\"wp-block-image\"><\/div>\n<p><figure id=\"attachment_281\" aria-describedby=\"caption-attachment-281\" style=\"width: 225px\" class=\"wp-caption alignleft\"><img decoding=\"async\" class=\"size-medium wp-image-281 lazyload\" data-src=\"https:\/\/ropercorp.com\/wp-content\/uploads\/2021\/02\/Carolyn-Bery-768x1024-1-225x300.jpg\" alt=\"\" width=\"225\" height=\"300\" data-srcset=\"https:\/\/ropercorp.com\/wp-content\/uploads\/2021\/02\/Carolyn-Bery-768x1024-1-225x300.jpg 225w, https:\/\/ropercorp.com\/wp-content\/uploads\/2021\/02\/Carolyn-Bery-768x1024-1-9x12.jpg 9w, https:\/\/ropercorp.com\/wp-content\/uploads\/2021\/02\/Carolyn-Bery-768x1024-1.jpg 768w\" data-sizes=\"(max-width: 225px) 100vw, 225px\" src=\"data:image\/svg+xml;base64,PHN2ZyB3aWR0aD0iMSIgaGVpZ2h0PSIxIiB4bWxucz0iaHR0cDovL3d3dy53My5vcmcvMjAwMC9zdmciPjwvc3ZnPg==\" style=\"--smush-placeholder-width: 225px; --smush-placeholder-aspect-ratio: 225\/300;\" \/><figcaption id=\"caption-attachment-281\" class=\"wp-caption-text\"><em>Berry muestra con orgullo su Maestr\u00eda Ejecutiva en Administraci\u00f3n de Empresas.<\/em><\/figcaption><\/figure><\/p>\n<p>Cuando Berry comenz\u00f3 su carrera con Roper, quer\u00eda avanzar en su carrera, pero no estaba muy segura de lo que quer\u00eda hacer. Pero ella dice que los diferentes trabajos dentro de Roper la hicieron darse cuenta de que disfrutaba dirigiendo a la gente y la l\u00ednea de montaje. Gerentes en el transcurso de su camino, como Rhonda Beasley, la alentaron a usar el programa de reembolso educativo para obtener su t\u00edtulo para poder pasar a puestos de direcci\u00f3n y continuar avanzando en su carrera.<\/p>\n<p>\"El programa de reembolso educativo me ha beneficiado de muchas maneras\", dijo Berry. \"Siendo una madre joven divorciada con dos hijos, hubo momentos en que me preguntaba si lo har\u00eda con suficientes provisiones hasta el pr\u00f3ximo cheque de pago. El programa me permiti\u00f3 la oportunidad de crecer dentro de la empresa y obtener mi educaci\u00f3n sin estar endeudada con pr\u00e9stamos estudiantiles. Si no fuera por el programa educativo, probablemente no habr\u00eda obtenido ninguno de todos los t\u00edtulos, porque simplemente no podr\u00eda costearlo.\"<\/p>\n<p>Berry anima a seguir una carrera en la fabricaci\u00f3n y atribuye su tiempo a trabajar en la l\u00ednea de montaje a un estilo de gesti\u00f3n m\u00e1s comprensivo. \"S\u00e9 cu\u00e1ndo ser emp\u00e1tico y cu\u00e1ndo no serlo\", dijo. \"Las personas que nunca han experimentado la l\u00ednea de montaje a veces no tienen idea de c\u00f3mo es y no pueden relacionarse con lo que un operador est\u00e1 pasando. Tambi\u00e9n animo a la gente a mejorarse a s\u00ed misma como lo hice yo y a aprovechar el programa de reembolso educativo.\"<\/p>\n<p>Como empleada con tres t\u00edtulos obtenidos con asistencia financiera a trav\u00e9s de la compa\u00f1\u00eda, Berry dice que deseaba no haber esperado tanto tiempo para comenzar la universidad. \"No esperes a volver a la escuela\", dijo \"No importa si no sabes lo que quieres ser cuando crezcas, adelante y comienza las clases b\u00e1sicas. \u00a1S\u00f3lo hazlo!\"<\/p>\n<\/div>\n\t<\/div>\n<\/div>\n\t<\/div>\n<\/div>\n\t<\/div>\n\t\t<\/div>\n\t<\/div>\n<\/div>\n<div class=\"fl-row fl-row-fixed-width fl-row-bg-none fl-node-602530e677d05\" data-node=\"602530e677d05\">\n\t<div class=\"fl-row-content-wrap\">\n\t\t\t\t\t\t<div class=\"fl-row-content fl-row-fixed-width fl-node-content\">\n\t\t\n<div class=\"fl-col-group fl-node-602530e67aad6\" data-node=\"602530e67aad6\">\n\t\t\t<div class=\"fl-col fl-node-602530e67ab3a\" data-node=\"602530e67ab3a\">\n\t<div class=\"fl-col-content fl-node-content\">\n\t<div class=\"fl-module fl-module-icon fl-node-602530e677af8\" data-node=\"602530e677af8\">\n\t<div class=\"fl-module-content fl-node-content\">\n\t\t<div class=\"fl-icon-wrap\">\n\t<span class=\"fl-icon\">\n\t\t\t\t\t\t\t\t<a href=\"javascript:history.back()\" target=\"_self\" tabindex=\"-1\" aria-hidden=\"true\" aria-labelledby=\"fl-icon-text-602530e677af8\">\n\t\t\t\t\t\t\t<i class=\"dashicons dashicons-before dashicons-undo\" aria-hidden=\"true\"><\/i>\n\t\t\t\t\t\t<\/a>\n\t\t\t<\/span>\n\t\t\t<div id=\"fl-icon-text-602530e677af8\" class=\"fl-icon-text\">\n\t\t\t\t\t\t<a href=\"javascript:history.back()\" target=\"_self\" class=\"fl-icon-text-link fl-icon-text-wrap\">\n\t\t\t\t\t\t<p>Regrese<\/p>\t\t\t\t\t\t<\/a>\n\t\t\t\t\t<\/div>\n\t<\/div>\n\t<\/div>\n<\/div>\n\t<\/div>\n<\/div>\n\t<\/div>\n\t\t<\/div>\n\t<\/div>\n<\/div>\n<\/div>","protected":false},"excerpt":{"rendered":"<p>Carolyn Berry, Educated About Opportunities Since 1990, Carolyn Berry has held 14 different positions within Roper Corporation, a fully-owned subsidiary of GE Appliances (GEA) in LaFayette, GA. She began her &#8230;<\/p>","protected":false},"author":1,"featured_media":0,"parent":110,"menu_order":0,"comment_status":"closed","ping_status":"closed","template":"","meta":{"_coblocks_attr":"","_coblocks_dimensions":"","_coblocks_responsive_height":"","_coblocks_accordion_ie_support":"","_monsterinsights_skip_tracking":false,"_monsterinsights_sitenote_active":false,"_monsterinsights_sitenote_note":"","_monsterinsights_sitenote_category":0,"footnotes":""},"class_list":["post-107","page","type-page","status-publish","hentry"],"yoast_head":"<!-- This site is optimized with the Yoast SEO plugin v26.3 - https:\/\/yoast.com\/wordpress\/plugins\/seo\/ -->\n<title>Educational Reimbursement Program - Roper Corporation<\/title>\n<meta name=\"robots\" content=\"index, follow, max-snippet:-1, max-image-preview:large, max-video-preview:-1\" \/>\n<link rel=\"canonical\" href=\"https:\/\/ropercorp.com\/es\/about\/workforce-culture\/educational-reimbursement\/\" \/>\n<meta property=\"og:locale\" content=\"es_MX\" \/>\n<meta property=\"og:type\" content=\"article\" \/>\n<meta property=\"og:title\" content=\"Educational Reimbursement Program - Roper Corporation\" \/>\n<meta property=\"og:description\" content=\"Carolyn Berry, Educated About Opportunities Since 1990, Carolyn Berry has held 14 different positions within Roper Corporation, a fully-owned subsidiary of GE Appliances (GEA) in LaFayette, GA. She began her ...\" \/>\n<meta property=\"og:url\" content=\"https:\/\/ropercorp.com\/es\/about\/workforce-culture\/educational-reimbursement\/\" \/>\n<meta property=\"og:site_name\" content=\"Roper Corporation\" \/>\n<meta property=\"article:publisher\" content=\"https:\/\/www.facebook.com\/RoperCorp\" \/>\n<meta property=\"article:modified_time\" content=\"2021-03-26T18:48:15+00:00\" \/>\n<meta property=\"og:image\" content=\"https:\/\/ropercorp.com\/wp-content\/uploads\/2021\/02\/Carolyn-Bery-768x1024-1-225x300.jpg\" \/>\n<meta name=\"twitter:card\" content=\"summary_large_image\" \/>\n<meta name=\"twitter:label1\" content=\"Tiempo de lectura\" \/>\n\t<meta name=\"twitter:data1\" content=\"3 minutos\" \/>\n<script type=\"application\/ld+json\" class=\"yoast-schema-graph\">{\"@context\":\"https:\/\/schema.org\",\"@graph\":[{\"@type\":\"WebPage\",\"@id\":\"https:\/\/ropercorp.com\/about\/workforce-culture\/educational-reimbursement\/\",\"url\":\"https:\/\/ropercorp.com\/about\/workforce-culture\/educational-reimbursement\/\",\"name\":\"Educational Reimbursement Program - Roper Corporation\",\"isPartOf\":{\"@id\":\"https:\/\/ropercorp.com\/#website\"},\"primaryImageOfPage\":{\"@id\":\"https:\/\/ropercorp.com\/about\/workforce-culture\/educational-reimbursement\/#primaryimage\"},\"image\":{\"@id\":\"https:\/\/ropercorp.com\/about\/workforce-culture\/educational-reimbursement\/#primaryimage\"},\"thumbnailUrl\":\"https:\/\/ropercorp.com\/wp-content\/uploads\/2021\/02\/Carolyn-Bery-768x1024-1-225x300.jpg\",\"datePublished\":\"2021-02-05T19:52:40+00:00\",\"dateModified\":\"2021-03-26T18:48:15+00:00\",\"breadcrumb\":{\"@id\":\"https:\/\/ropercorp.com\/about\/workforce-culture\/educational-reimbursement\/#breadcrumb\"},\"inLanguage\":\"es\",\"potentialAction\":[{\"@type\":\"ReadAction\",\"target\":[\"https:\/\/ropercorp.com\/about\/workforce-culture\/educational-reimbursement\/\"]}]},{\"@type\":\"ImageObject\",\"inLanguage\":\"es\",\"@id\":\"https:\/\/ropercorp.com\/about\/workforce-culture\/educational-reimbursement\/#primaryimage\",\"url\":\"https:\/\/ropercorp.com\/wp-content\/uploads\/2021\/02\/Carolyn-Bery-768x1024-1-225x300.jpg\",\"contentUrl\":\"https:\/\/ropercorp.com\/wp-content\/uploads\/2021\/02\/Carolyn-Bery-768x1024-1-225x300.jpg\"},{\"@type\":\"BreadcrumbList\",\"@id\":\"https:\/\/ropercorp.com\/about\/workforce-culture\/educational-reimbursement\/#breadcrumb\",\"itemListElement\":[{\"@type\":\"ListItem\",\"position\":1,\"name\":\"Home\",\"item\":\"https:\/\/ropercorp.com\/\"},{\"@type\":\"ListItem\",\"position\":2,\"name\":\"About Roper Corporation\",\"item\":\"https:\/\/ropercorp.com\/about\/\"},{\"@type\":\"ListItem\",\"position\":3,\"name\":\"Workforce &#038; Culture\",\"item\":\"https:\/\/ropercorp.com\/about\/workforce-culture\/\"},{\"@type\":\"ListItem\",\"position\":4,\"name\":\"Educational Reimbursement Program\"}]},{\"@type\":\"WebSite\",\"@id\":\"https:\/\/ropercorp.com\/#website\",\"url\":\"https:\/\/ropercorp.com\/\",\"name\":\"Roper Corporation\",\"description\":\"Roper Corporation Cooking Appliances Manufacturer\",\"publisher\":{\"@id\":\"https:\/\/ropercorp.com\/#organization\"},\"potentialAction\":[{\"@type\":\"SearchAction\",\"target\":{\"@type\":\"EntryPoint\",\"urlTemplate\":\"https:\/\/ropercorp.com\/?s={search_term_string}\"},\"query-input\":{\"@type\":\"PropertyValueSpecification\",\"valueRequired\":true,\"valueName\":\"search_term_string\"}}],\"inLanguage\":\"es\"},{\"@type\":\"Organization\",\"@id\":\"https:\/\/ropercorp.com\/#organization\",\"name\":\"Roper Corporation\",\"url\":\"https:\/\/ropercorp.com\/\",\"logo\":{\"@type\":\"ImageObject\",\"inLanguage\":\"es\",\"@id\":\"https:\/\/ropercorp.com\/#\/schema\/logo\/image\/\",\"url\":\"https:\/\/ropercorp.com\/wp-content\/uploads\/2021\/02\/Roper-Corp-Icon.png\",\"contentUrl\":\"https:\/\/ropercorp.com\/wp-content\/uploads\/2021\/02\/Roper-Corp-Icon.png\",\"width\":502,\"height\":498,\"caption\":\"Roper Corporation\"},\"image\":{\"@id\":\"https:\/\/ropercorp.com\/#\/schema\/logo\/image\/\"},\"sameAs\":[\"https:\/\/www.facebook.com\/RoperCorp\"]}]}<\/script>\n<!-- \/ Yoast SEO plugin. -->","yoast_head_json":{"title":"Educational Reimbursement Program - Roper Corporation","robots":{"index":"index","follow":"follow","max-snippet":"max-snippet:-1","max-image-preview":"max-image-preview:large","max-video-preview":"max-video-preview:-1"},"canonical":"https:\/\/ropercorp.com\/es\/about\/workforce-culture\/educational-reimbursement\/","og_locale":"es_MX","og_type":"article","og_title":"Educational Reimbursement Program - Roper Corporation","og_description":"Carolyn Berry, Educated About Opportunities Since 1990, Carolyn Berry has held 14 different positions within Roper Corporation, a fully-owned subsidiary of GE Appliances (GEA) in LaFayette, GA. She began her ...","og_url":"https:\/\/ropercorp.com\/es\/about\/workforce-culture\/educational-reimbursement\/","og_site_name":"Roper Corporation","article_publisher":"https:\/\/www.facebook.com\/RoperCorp","article_modified_time":"2021-03-26T18:48:15+00:00","og_image":[{"url":"https:\/\/ropercorp.com\/wp-content\/uploads\/2021\/02\/Carolyn-Bery-768x1024-1-225x300.jpg","type":"","width":"","height":""}],"twitter_card":"summary_large_image","twitter_misc":{"Tiempo de lectura":"3 minutos"},"schema":{"@context":"https:\/\/schema.org","@graph":[{"@type":"WebPage","@id":"https:\/\/ropercorp.com\/about\/workforce-culture\/educational-reimbursement\/","url":"https:\/\/ropercorp.com\/about\/workforce-culture\/educational-reimbursement\/","name":"Educational Reimbursement Program - Roper Corporation","isPartOf":{"@id":"https:\/\/ropercorp.com\/#website"},"primaryImageOfPage":{"@id":"https:\/\/ropercorp.com\/about\/workforce-culture\/educational-reimbursement\/#primaryimage"},"image":{"@id":"https:\/\/ropercorp.com\/about\/workforce-culture\/educational-reimbursement\/#primaryimage"},"thumbnailUrl":"https:\/\/ropercorp.com\/wp-content\/uploads\/2021\/02\/Carolyn-Bery-768x1024-1-225x300.jpg","datePublished":"2021-02-05T19:52:40+00:00","dateModified":"2021-03-26T18:48:15+00:00","breadcrumb":{"@id":"https:\/\/ropercorp.com\/about\/workforce-culture\/educational-reimbursement\/#breadcrumb"},"inLanguage":"es","potentialAction":[{"@type":"ReadAction","target":["https:\/\/ropercorp.com\/about\/workforce-culture\/educational-reimbursement\/"]}]},{"@type":"ImageObject","inLanguage":"es","@id":"https:\/\/ropercorp.com\/about\/workforce-culture\/educational-reimbursement\/#primaryimage","url":"https:\/\/ropercorp.com\/wp-content\/uploads\/2021\/02\/Carolyn-Bery-768x1024-1-225x300.jpg","contentUrl":"https:\/\/ropercorp.com\/wp-content\/uploads\/2021\/02\/Carolyn-Bery-768x1024-1-225x300.jpg"},{"@type":"BreadcrumbList","@id":"https:\/\/ropercorp.com\/about\/workforce-culture\/educational-reimbursement\/#breadcrumb","itemListElement":[{"@type":"ListItem","position":1,"name":"Home","item":"https:\/\/ropercorp.com\/"},{"@type":"ListItem","position":2,"name":"About Roper Corporation","item":"https:\/\/ropercorp.com\/about\/"},{"@type":"ListItem","position":3,"name":"Workforce &#038; Culture","item":"https:\/\/ropercorp.com\/about\/workforce-culture\/"},{"@type":"ListItem","position":4,"name":"Educational Reimbursement Program"}]},{"@type":"WebSite","@id":"https:\/\/ropercorp.com\/#website","url":"https:\/\/ropercorp.com\/","name":"Roper Corporation","description":"Roper Corporation Cooking Appliances Manufacturer","publisher":{"@id":"https:\/\/ropercorp.com\/#organization"},"potentialAction":[{"@type":"SearchAction","target":{"@type":"EntryPoint","urlTemplate":"https:\/\/ropercorp.com\/?s={search_term_string}"},"query-input":{"@type":"PropertyValueSpecification","valueRequired":true,"valueName":"search_term_string"}}],"inLanguage":"es"},{"@type":"Organization","@id":"https:\/\/ropercorp.com\/#organization","name":"Roper Corporation","url":"https:\/\/ropercorp.com\/","logo":{"@type":"ImageObject","inLanguage":"es","@id":"https:\/\/ropercorp.com\/#\/schema\/logo\/image\/","url":"https:\/\/ropercorp.com\/wp-content\/uploads\/2021\/02\/Roper-Corp-Icon.png","contentUrl":"https:\/\/ropercorp.com\/wp-content\/uploads\/2021\/02\/Roper-Corp-Icon.png","width":502,"height":498,"caption":"Roper Corporation"},"image":{"@id":"https:\/\/ropercorp.com\/#\/schema\/logo\/image\/"},"sameAs":["https:\/\/www.facebook.com\/RoperCorp"]}]}},"_links":{"self":[{"href":"https:\/\/ropercorp.com\/es\/wp-json\/wp\/v2\/pages\/107","targetHints":{"allow":["GET"]}}],"collection":[{"href":"https:\/\/ropercorp.com\/es\/wp-json\/wp\/v2\/pages"}],"about":[{"href":"https:\/\/ropercorp.com\/es\/wp-json\/wp\/v2\/types\/page"}],"author":[{"embeddable":true,"href":"https:\/\/ropercorp.com\/es\/wp-json\/wp\/v2\/users\/1"}],"replies":[{"embeddable":true,"href":"https:\/\/ropercorp.com\/es\/wp-json\/wp\/v2\/comments?post=107"}],"version-history":[{"count":11,"href":"https:\/\/ropercorp.com\/es\/wp-json\/wp\/v2\/pages\/107\/revisions"}],"predecessor-version":[{"id":676,"href":"https:\/\/ropercorp.com\/es\/wp-json\/wp\/v2\/pages\/107\/revisions\/676"}],"up":[{"embeddable":true,"href":"https:\/\/ropercorp.com\/es\/wp-json\/wp\/v2\/pages\/110"}],"wp:attachment":[{"href":"https:\/\/ropercorp.com\/es\/wp-json\/wp\/v2\/media?parent=107"}],"curies":[{"name":"wp","href":"https:\/\/api.w.org\/{rel}","templated":true}]}}